{"id":1079,"date":"2015-04-09T22:45:13","date_gmt":"2015-04-09T20:45:13","guid":{"rendered":"http:\/\/www.lapetiteloiterie.fr\/lpl\/?page_id=1079"},"modified":"2015-04-18T13:19:51","modified_gmt":"2015-04-18T11:19:51","slug":"plan_site","status":"publish","type":"page","link":"https:\/\/www.lapetiteloiterie.fr\/lpl\/plan_site\/","title":{"rendered":"Plan du site"},"content":{"rendered":"<div class=\"toc_sitemap\"><h2 class=\"toc_sitemap_pages\"><\/h2><ul class=\"toc_sitemap_pages_list\"><li class=\"page_item page-item-2\"><a href=\"https:\/\/www.lapetiteloiterie.fr\/lpl\/\">Bienvenue sur le site (virtuel) de l&rsquo;arboretum de La Petite Loiterie<\/a><\/li>\n<li class=\"page_item page-item-27 page_item_has_children\"><a href=\"https:\/\/www.lapetiteloiterie.fr\/lpl\/presentation\/\">Pr\u00e9sentation de l&rsquo;arboretum<\/a>\n<ul class='children'>\n\t<li class=\"page_item page-item-162 page_item_has_children\"><a href=\"https:\/\/www.lapetiteloiterie.fr\/lpl\/presentation\/principe-plantation\/\">Le principe de plantation<\/a>\n\t<ul class='children'>\n\t\t<li class=\"page_item page-item-2094\"><a href=\"https:\/\/www.lapetiteloiterie.fr\/lpl\/presentation\/principe-plantation\/differents-secteurs\/\">Les diff\u00e9rents secteurs de l&rsquo;arboretum<\/a><\/li>\n\t<\/ul>\n<\/li>\n\t<li class=\"page_item page-item-40 page_item_has_children\"><a href=\"https:\/\/www.lapetiteloiterie.fr\/lpl\/presentation\/objectifs\/\">Les objectifs<\/a>\n\t<ul class='children'>\n\t\t<li class=\"page_item page-item-44\"><a href=\"https:\/\/www.lapetiteloiterie.fr\/lpl\/presentation\/objectifs\/catalogue-vivant\/\">Catalogue vivant<\/a><\/li>\n\t\t<li class=\"page_item page-item-42\"><a href=\"https:\/\/www.lapetiteloiterie.fr\/lpl\/presentation\/objectifs\/reconnaissance\/\">La reconnaissance des v\u00e9g\u00e9taux ligneux<\/a><\/li>\n\t<\/ul>\n<\/li>\n\t<li class=\"page_item page-item-173\"><a href=\"https:\/\/www.lapetiteloiterie.fr\/lpl\/presentation\/histoire\/\">Un peu d&rsquo;histoire<\/a><\/li>\n\t<li class=\"page_item page-item-230\"><a href=\"https:\/\/www.lapetiteloiterie.fr\/lpl\/presentation\/geographie\/\">Quelques donn\u00e9es g\u00e9ographiques<\/a><\/li>\n\t<li class=\"page_item page-item-232\"><a href=\"https:\/\/www.lapetiteloiterie.fr\/lpl\/presentation\/milieux\/\">\u00c9cologie et milieux<\/a><\/li>\n\t<li class=\"page_item page-item-229\"><a href=\"https:\/\/www.lapetiteloiterie.fr\/lpl\/presentation\/especes\/\">Les esp\u00e8ces pr\u00e9sentes<\/a><\/li>\n\t<li class=\"page_item page-item-228\"><a href=\"https:\/\/www.lapetiteloiterie.fr\/lpl\/presentation\/definition\/\">Qu&rsquo;est-ce qu&rsquo;un arboretum&nbsp;?<\/a><\/li>\n<\/ul>\n<\/li>\n<li class=\"page_item page-item-29 page_item_has_children\"><a href=\"https:\/\/www.lapetiteloiterie.fr\/lpl\/activites\/\">Les activit\u00e9s<\/a>\n<ul class='children'>\n\t<li class=\"page_item page-item-84\"><a href=\"https:\/\/www.lapetiteloiterie.fr\/lpl\/activites\/visites\/\">Visites<\/a><\/li>\n\t<li class=\"page_item page-item-195\"><a href=\"https:\/\/www.lapetiteloiterie.fr\/lpl\/activites\/animations\/\">Animations<\/a><\/li>\n\t<li class=\"page_item page-item-192\"><a href=\"https:\/\/www.lapetiteloiterie.fr\/lpl\/activites\/scolaires\/\">Pour les scolaires<\/a><\/li>\n\t<li class=\"page_item page-item-1625\"><a href=\"https:\/\/www.lapetiteloiterie.fr\/lpl\/activites\/animations-mares\/\">Animations \u00ab&nbsp;mares&nbsp;\u00bb<\/a><\/li>\n\t<li class=\"page_item page-item-194\"><a href=\"https:\/\/www.lapetiteloiterie.fr\/lpl\/activites\/formations\/\">Formations<\/a><\/li>\n<\/ul>\n<\/li>\n<li class=\"page_item page-item-31 page_item_has_children\"><a href=\"https:\/\/www.lapetiteloiterie.fr\/lpl\/acteurs\/\">Les acteurs<\/a>\n<ul class='children'>\n\t<li class=\"page_item page-item-87\"><a href=\"https:\/\/www.lapetiteloiterie.fr\/lpl\/acteurs\/createurs\/\">Les cr\u00e9ateurs<\/a><\/li>\n\t<li class=\"page_item page-item-187\"><a href=\"https:\/\/www.lapetiteloiterie.fr\/lpl\/acteurs\/papou\/\">Pour que l&rsquo;Arboretum POUsse&nbsp;!<\/a><\/li>\n\t<li class=\"page_item page-item-184\"><a href=\"https:\/\/www.lapetiteloiterie.fr\/lpl\/acteurs\/comite\/\">Le comit\u00e9 scientifique et technique<\/a><\/li>\n\t<li class=\"page_item page-item-183\"><a href=\"https:\/\/www.lapetiteloiterie.fr\/lpl\/acteurs\/animateur\/\">L&rsquo;animateur<\/a><\/li>\n\t<li class=\"page_item page-item-188\"><a href=\"https:\/\/www.lapetiteloiterie.fr\/lpl\/acteurs\/partenaires\/\">Les partenaires<\/a><\/li>\n\t<li class=\"page_item page-item-186\"><a href=\"https:\/\/www.lapetiteloiterie.fr\/lpl\/acteurs\/mecenes\/\">Les m\u00e9c\u00e8nes<\/a><\/li>\n<\/ul>\n<\/li>\n<li class=\"page_item page-item-33 page_item_has_children\"><a href=\"https:\/\/www.lapetiteloiterie.fr\/lpl\/suivis_etudes\/\">Suivis et \u00e9tudes<\/a>\n<ul class='children'>\n\t<li class=\"page_item page-item-89 page_item_has_children\"><a href=\"https:\/\/www.lapetiteloiterie.fr\/lpl\/suivis_etudes\/observations\/\">Observations<\/a>\n\t<ul class='children'>\n\t\t<li class=\"page_item page-item-202\"><a href=\"https:\/\/www.lapetiteloiterie.fr\/lpl\/suivis_etudes\/observations\/architecture\/\">Architecture des arbres et arbustes<\/a><\/li>\n\t\t<li class=\"page_item page-item-205\"><a href=\"https:\/\/www.lapetiteloiterie.fr\/lpl\/suivis_etudes\/observations\/phenologie\/\">Ph\u00e9nologie<\/a><\/li>\n\t\t<li class=\"page_item page-item-206\"><a href=\"https:\/\/www.lapetiteloiterie.fr\/lpl\/suivis_etudes\/observations\/suivi_photo\/\">Suivi photographique<\/a><\/li>\n\t\t<li class=\"page_item page-item-2194\"><a href=\"https:\/\/www.lapetiteloiterie.fr\/lpl\/suivis_etudes\/observations\/ornitho\/\">Suivi ornithologique<\/a><\/li>\n\t\t<li class=\"page_item page-item-207\"><a href=\"https:\/\/www.lapetiteloiterie.fr\/lpl\/suivis_etudes\/observations\/suivi_phyto\/\">Suivi phytosanitaire<\/a><\/li>\n\t\t<li class=\"page_item page-item-203\"><a href=\"https:\/\/www.lapetiteloiterie.fr\/lpl\/suivis_etudes\/observations\/biodiversite\/\">Biodiversit\u00e9<\/a><\/li>\n\t<\/ul>\n<\/li>\n\t<li class=\"page_item page-item-214 page_item_has_children\"><a href=\"https:\/\/www.lapetiteloiterie.fr\/lpl\/suivis_etudes\/technique\/\">Aspects techniques<\/a>\n\t<ul class='children'>\n\t\t<li class=\"page_item page-item-210\"><a href=\"https:\/\/www.lapetiteloiterie.fr\/lpl\/suivis_etudes\/technique\/gestion_durable\/\">Gestion durable<\/a><\/li>\n\t\t<li class=\"page_item page-item-211\"><a href=\"https:\/\/www.lapetiteloiterie.fr\/lpl\/suivis_etudes\/technique\/plantation\/\">Techniques de plantation<\/a><\/li>\n\t\t<li class=\"page_item page-item-209\"><a href=\"https:\/\/www.lapetiteloiterie.fr\/lpl\/suivis_etudes\/technique\/entretien\/\">Techniques d&rsquo;entretien<\/a><\/li>\n\t\t<li class=\"page_item page-item-213\"><a href=\"https:\/\/www.lapetiteloiterie.fr\/lpl\/suivis_etudes\/technique\/taille_formation\/\">Taille de formation<\/a><\/li>\n\t\t<li class=\"page_item page-item-212\"><a href=\"https:\/\/www.lapetiteloiterie.fr\/lpl\/suivis_etudes\/technique\/taille_entretien\/\">Taille d&rsquo;entretien<\/a><\/li>\n\t<\/ul>\n<\/li>\n\t<li class=\"page_item page-item-200\"><a href=\"https:\/\/www.lapetiteloiterie.fr\/lpl\/suivis_etudes\/exp_arbustes\/\">Exp\u00e9rimentation sur la taille des arbustes<\/a><\/li>\n<\/ul>\n<\/li>\n<li class=\"page_item page-item-35 page_item_has_children\"><a href=\"https:\/\/www.lapetiteloiterie.fr\/lpl\/medias_collaborations\/\">M\u00e9dias &amp; collaborations<\/a>\n<ul class='children'>\n\t<li class=\"page_item page-item-91\"><a href=\"https:\/\/www.lapetiteloiterie.fr\/lpl\/medias_collaborations\/livres\/\">Livres<\/a><\/li>\n\t<li class=\"page_item page-item-3430\"><a href=\"https:\/\/www.lapetiteloiterie.fr\/lpl\/medias_collaborations\/videos_140525\/\">Journ\u00e9e d&rsquo;\u00e9tude et d&rsquo;\u00e9change du 14 mai 2025 &#8211; Vid\u00e9os<\/a><\/li>\n\t<li class=\"page_item page-item-353\"><a href=\"https:\/\/www.lapetiteloiterie.fr\/lpl\/medias_collaborations\/videos_caue77\/\">Vid\u00e9os p\u00e9dagogiques r\u00e9alis\u00e9es par le CAUE 77<\/a><\/li>\n\t<li class=\"page_item page-item-900\"><a href=\"https:\/\/www.lapetiteloiterie.fr\/lpl\/medias_collaborations\/petits_arbres\/\">Les arbres de petit d\u00e9veloppement<\/a><\/li>\n\t<li class=\"page_item page-item-3336\"><a href=\"https:\/\/www.lapetiteloiterie.fr\/lpl\/medias_collaborations\/expo_140525\/\">Journ\u00e9e d\u2019\u00e9tude et d\u2019\u00e9change du 14 mai 2025 \u2013 Exposition<\/a><\/li>\n<\/ul>\n<\/li>\n<li class=\"page_item page-item-37\"><a href=\"https:\/\/www.lapetiteloiterie.fr\/lpl\/liens\/\">Liens utiles<\/a><\/li>\n<li class=\"page_item page-item-15\"><a href=\"https:\/\/www.lapetiteloiterie.fr\/lpl\/visiter\/\">Visiter<\/a><\/li>\n<li class=\"page_item page-item-13\"><a href=\"https:\/\/www.lapetiteloiterie.fr\/lpl\/agenda\/\">Agenda<\/a><\/li>\n<li class=\"page_item page-item-116\"><a href=\"https:\/\/www.lapetiteloiterie.fr\/lpl\/tarifs\/\">Tarifs<\/a><\/li>\n<li class=\"page_item page-item-109\"><a href=\"https:\/\/www.lapetiteloiterie.fr\/lpl\/acces\/\">Acc\u00e8s<\/a><\/li>\n<li class=\"page_item page-item-118\"><a href=\"https:\/\/www.lapetiteloiterie.fr\/lpl\/contacts\/\">Contacts<\/a><\/li>\n<li class=\"page_item page-item-1079\"><a href=\"https:\/\/www.lapetiteloiterie.fr\/lpl\/plan_site\/\">Plan du site<\/a><\/li>\n<li class=\"page_item page-item-1882\"><a href=\"https:\/\/www.lapetiteloiterie.fr\/lpl\/mentions-legales\/\">Mentions l\u00e9gales et cr\u00e9dits<\/a><\/li>\n<li class=\"page_item page-item-2521 page_item_has_children\"><a href=\"https:\/\/www.lapetiteloiterie.fr\/lpl\/actualites\/\">Actualit\u00e9s<\/a>\n<ul class='children'>\n\t<li class=\"page_item page-item-3527\"><a href=\"https:\/\/www.lapetiteloiterie.fr\/lpl\/actualites\/journee_140525\/\">Journ\u00e9e d&rsquo;\u00e9tude et d&rsquo;\u00e9changes \u00e0 l&rsquo;arboretum &#8211; 14 mai 2025<\/a><\/li>\n\t<li class=\"page_item page-item-2748\"><a href=\"https:\/\/www.lapetiteloiterie.fr\/lpl\/actualites\/animation-mycologie\/\">Animation \u00ab Initiation \u00e0 la mycologie \u00bb<\/a><\/li>\n\t<li class=\"page_item page-item-2480\"><a href=\"https:\/\/www.lapetiteloiterie.fr\/lpl\/actualites\/tailles-mars\/\">Quelles tailles peut-on r\u00e9aliser ce printemps\u00a0?<\/a><\/li>\n\t<li class=\"page_item page-item-2584\"><a href=\"https:\/\/www.lapetiteloiterie.fr\/lpl\/actualites\/diapo-cerisiers-avril2020\/\">Une promenade parmi les cerisiers en fleurs&#8230;<\/a><\/li>\n\t<li class=\"page_item page-item-2429\"><a href=\"https:\/\/www.lapetiteloiterie.fr\/lpl\/actualites\/voeux-2020\/\">Meilleurs v\u0153ux pour 2020&nbsp;!<\/a><\/li>\n\t<li class=\"page_item page-item-2801\"><a href=\"https:\/\/www.lapetiteloiterie.fr\/lpl\/actualites\/voeux-2022\/\">Meilleurs v\u0153ux pour 2022&nbsp;!<\/a><\/li>\n\t<li class=\"page_item page-item-3056\"><a href=\"https:\/\/www.lapetiteloiterie.fr\/lpl\/actualites\/voeux-2023\/\">Meilleurs v\u0153ux pour 2023&nbsp;!<\/a><\/li>\n\t<li class=\"page_item page-item-3143\"><a href=\"https:\/\/www.lapetiteloiterie.fr\/lpl\/actualites\/voeux-2024\/\">Meilleurs v\u0153ux pour 2024&nbsp;!<\/a><\/li>\n\t<li class=\"page_item page-item-3282\"><a href=\"https:\/\/www.lapetiteloiterie.fr\/lpl\/actualites\/voeux-2025\/\">Meilleurs v\u0153ux pour 2025&nbsp;!<\/a><\/li>\n\t<li class=\"page_item page-item-3628\"><a href=\"https:\/\/www.lapetiteloiterie.fr\/lpl\/actualites\/voeux-2026\/\">Meilleurs v\u0153ux pour 2026\u00a0!<\/a><\/li>\n<\/ul>\n<\/li>\n<\/ul><\/div>\n","protected":false},"excerpt":{"rendered":"","protected":false},"author":1,"featured_media":984,"parent":0,"menu_order":15,"comment_status":"closed","ping_status":"closed","template":"","meta":{"footnotes":""},"class_list":["post-1079","page","type-page","status-publish","has-post-thumbnail","hentry"],"_links":{"self":[{"href":"https:\/\/www.lapetiteloiterie.fr\/lpl\/wp-json\/wp\/v2\/pages\/1079","targetHints":{"allow":["GET"]}}],"collection":[{"href":"https:\/\/www.lapetiteloiterie.fr\/lpl\/wp-json\/wp\/v2\/pages"}],"about":[{"href":"https:\/\/www.lapetiteloiterie.fr\/lpl\/wp-json\/wp\/v2\/types\/page"}],"author":[{"embeddable":true,"href":"https:\/\/www.lapetiteloiterie.fr\/lpl\/wp-json\/wp\/v2\/users\/1"}],"replies":[{"embeddable":true,"href":"https:\/\/www.lapetiteloiterie.fr\/lpl\/wp-json\/wp\/v2\/comments?post=1079"}],"version-history":[{"count":1,"href":"https:\/\/www.lapetiteloiterie.fr\/lpl\/wp-json\/wp\/v2\/pages\/1079\/revisions"}],"predecessor-version":[{"id":1081,"href":"https:\/\/www.lapetiteloiterie.fr\/lpl\/wp-json\/wp\/v2\/pages\/1079\/revisions\/1081"}],"wp:featuredmedia":[{"embeddable":true,"href":"https:\/\/www.lapetiteloiterie.fr\/lpl\/wp-json\/wp\/v2\/media\/984"}],"wp:attachment":[{"href":"https:\/\/www.lapetiteloiterie.fr\/lpl\/wp-json\/wp\/v2\/media?parent=1079"}],"curies":[{"name":"wp","href":"https:\/\/api.w.org\/{rel}","templated":true}]}}