{"id":15,"date":"2013-10-23T18:49:07","date_gmt":"2013-10-23T16:49:07","guid":{"rendered":"http:\/\/lapetiteloiterie.fr\/lpl\/?page_id=15"},"modified":"2022-03-16T15:59:49","modified_gmt":"2022-03-16T14:59:49","slug":"visiter","status":"publish","type":"page","link":"https:\/\/www.lapetiteloiterie.fr\/lpl\/visiter\/","title":{"rendered":"Visiter"},"content":{"rendered":"<p>L&rsquo;arboretum est ouvert \u00e0 l&rsquo;occasion de visites guid\u00e9es, animations, et activit\u00e9s nature, organis\u00e9es certains week-end au fil des saisons tout au long de l&rsquo;ann\u00e9e.<br \/>\nPour conna\u00eetre les prochaines dates d&rsquo;ouverture, consultez l&rsquo;<a title=\"Agenda\" href=\"http:\/\/www.lapetiteloiterie.fr\/lpl\/agenda\/\">agenda<\/a>\u00a0!<\/p>\n<p>Par ailleurs, il peut \u00eatre accessible \u00e0 des groupes sur <a title=\"Contacts\" href=\"http:\/\/www.lapetiteloiterie.fr\/lpl\/contacts\/\">rendez-vous<\/a> tout au long de l&rsquo;ann\u00e9e.<\/p>\n<p><em>Nota Bene<\/em>\u00a0: l&rsquo;arboretum n&rsquo;est pas ouvert aux visiteurs en dehors de ces occasions.<\/p>\n","protected":false},"excerpt":{"rendered":"<p>L&rsquo;arboretum est ouvert \u00e0 l&rsquo;occasion de visites guid\u00e9es, animations, et activit\u00e9s nature, organis\u00e9es certains week-end au fil des saisons tout au long de l&rsquo;ann\u00e9e. Pour conna\u00eetre les prochaines dates d&rsquo;ouverture, consultez l&rsquo;agenda\u00a0! Par ailleurs, il peut \u00eatre accessible \u00e0 des groupes sur rendez-vous tout au long de l&rsquo;ann\u00e9e. Nota Bene\u00a0: l&rsquo;arboretum n&rsquo;est pas ouvert aux [&hellip;]<\/p>\n","protected":false},"author":1,"featured_media":759,"parent":0,"menu_order":10,"comment_status":"closed","ping_status":"closed","template":"","meta":{"footnotes":""},"class_list":["post-15","page","type-page","status-publish","has-post-thumbnail","hentry"],"_links":{"self":[{"href":"https:\/\/www.lapetiteloiterie.fr\/lpl\/wp-json\/wp\/v2\/pages\/15","targetHints":{"allow":["GET"]}}],"collection":[{"href":"https:\/\/www.lapetiteloiterie.fr\/lpl\/wp-json\/wp\/v2\/pages"}],"about":[{"href":"https:\/\/www.lapetiteloiterie.fr\/lpl\/wp-json\/wp\/v2\/types\/page"}],"author":[{"embeddable":true,"href":"https:\/\/www.lapetiteloiterie.fr\/lpl\/wp-json\/wp\/v2\/users\/1"}],"replies":[{"embeddable":true,"href":"https:\/\/www.lapetiteloiterie.fr\/lpl\/wp-json\/wp\/v2\/comments?post=15"}],"version-history":[{"count":11,"href":"https:\/\/www.lapetiteloiterie.fr\/lpl\/wp-json\/wp\/v2\/pages\/15\/revisions"}],"predecessor-version":[{"id":2861,"href":"https:\/\/www.lapetiteloiterie.fr\/lpl\/wp-json\/wp\/v2\/pages\/15\/revisions\/2861"}],"wp:featuredmedia":[{"embeddable":true,"href":"https:\/\/www.lapetiteloiterie.fr\/lpl\/wp-json\/wp\/v2\/media\/759"}],"wp:attachment":[{"href":"https:\/\/www.lapetiteloiterie.fr\/lpl\/wp-json\/wp\/v2\/media?parent=15"}],"curies":[{"name":"wp","href":"https:\/\/api.w.org\/{rel}","templated":true}]}}