{"id":162,"date":"2015-03-25T17:28:04","date_gmt":"2015-03-25T16:28:04","guid":{"rendered":"http:\/\/www.lapetiteloiterie.fr\/lpl\/?page_id=162"},"modified":"2019-08-21T08:05:58","modified_gmt":"2019-08-21T06:05:58","slug":"principe-plantation","status":"publish","type":"page","link":"https:\/\/www.lapetiteloiterie.fr\/lpl\/presentation\/principe-plantation\/","title":{"rendered":"Le principe de plantation"},"content":{"rendered":"<h2>Regrouper les arbres par formes de feuilles&#8230;<\/h2>\n<p>C&rsquo;est l\u00e0 la principale originalit\u00e9 de l&rsquo;arboretum de La Petite Loiterie&#8230;<br \/>\nDans la plupart des parcs, jardins botaniques ou arboretums, les arbres sont plant\u00e9s selon&nbsp;:<\/p>\n<ul>\n<li>des crit\u00e8res uniquement paysagers,<\/li>\n<li>la classification botanique,<\/li>\n<li>leur provenance g\u00e9ographique,<\/li>\n<li>ou bien une combinaison de ces crit\u00e8res&#8230;<\/li>\n<\/ul>\n<p>\u00c0 La Petite Loiterie, les arbres sont dispos\u00e9s selon le principe suivant&nbsp;: les esp\u00e8ces dont les feuilles se ressemblent sont plant\u00e9es \u00e0 proximit\u00e9 les unes des autres, afin de mettre en \u00e9vidence leurs similitudes et leurs diff\u00e9rences.<\/p>\n<p>Vous pouvez avoir une vue d&rsquo;ensemble des principaux <a href=\"http:\/\/www.lapetiteloiterie.fr\/lpl\/presentation\/principe-plantation\/differents-secteurs\/\">secteurs de l&rsquo;arboretum<\/a>, reprenant les principaux groupes.<\/p>\n<p>Cette d\u00e9marche est n\u00e9e d&rsquo;une id\u00e9e de p\u00e9dagogie de la reconnaissance des v\u00e9g\u00e9taux&nbsp;: pour pouvoir diff\u00e9rencier deux taxons morphologiquement proches, le mieux est de les observer simultan\u00e9ment&#8230;<br \/>\nSi effectivement leurs feuilles sont ressemblantes, elles peuvent diff\u00e9rer par un d\u00e9tail que l\u2019on ne remarquera &#8211; et donc m\u00e9morisera &#8211; qu\u2019en les comparant.<br \/>\nOu bien, si les feuilles de deux taxons sont rigoureusement identiques, un autre caract\u00e8re morphologique les diff\u00e9rencie&nbsp;: \u00e9corce, couleur des rameaux, position ou forme des bourgeons, etc &#8230;<\/p>\n<p>Ce regroupement des arbres par ressemblance morphologique aurait pu concerner les fleurs, les \u00e9corces, le port g\u00e9n\u00e9ral, etc&#8230; Mais c&rsquo;est souvent par la forme des feuilles que l&rsquo;on reconna\u00eet, a priori, les arbres. Et la relative \u00ab\u00a0\u00e9troitesse\u00a0\u00bb du terrain (12 hectares) nous a dissuad\u00e9s, vu le nombre de taxons d\u2019arbres et arbustes diff\u00e9rents (plus de 2000), de r\u00e9aliser plusieurs types de regroupements&#8230; c&rsquo;est donc la ressemblance au niveau des feuilles qui a \u00e9t\u00e9 favoris\u00e9e.<\/p>\n<p>Ainsi, les espaces &#8211; ou zones &#8211; de plantations regroupent des arbres et arbustes pr\u00e9sentant le m\u00eame type de feuilles (compos\u00e9es, simples, palmatilob\u00e9es, grandes, en aiguilles, etc&#8230;), \u00e0 quelques exceptions pr\u00e8s (toujours li\u00e9es \u00e0 la p\u00e9dagogie de la reconnaissance&#8230;).<\/p>\n<table>\n<caption>Liste des zones de plantation<\/caption>\n<thead>\n<tr>\n<th>type de feuilles<\/th>\n<th>exemple d&rsquo;arbre de la zone<\/th>\n<\/tr>\n<\/thead>\n<tbody>\n<tr>\n<td>feuilles cili\u00e9es<\/td>\n<td>h\u00eatre<\/td>\n<\/tr>\n<tr>\n<td>feuilles compos\u00e9es palm\u00e9es<\/td>\n<td> marronnier<\/td>\n<\/tr>\n<tr>\n<td>feuilles compos\u00e9es penn\u00e9es<\/td>\n<td> fr\u00eane<\/td>\n<\/tr>\n<tr>\n<td>feuilles compos\u00e9es bipenn\u00e9es<\/td>\n<td>albizzia<\/td>\n<\/tr>\n<tr>\n<td>feuilles dent\u00e9es<\/td>\n<td>orme<\/td>\n<\/tr>\n<tr>\n<td>feuilles enti\u00e8res<\/td>\n<td>kaki<\/td>\n<\/tr>\n<tr>\n<td>feuilles grandes<\/td>\n<td>paulownia<\/td>\n<\/tr>\n<tr>\n<td>feuilles lacini\u00e9es<\/td>\n<td> bouleau lacini\u00e9<\/td>\n<\/tr>\n<tr>\n<td>feuilles lanc\u00e9ol\u00e9es<\/td>\n<td>saule<\/td>\n<\/tr>\n<tr>\n<td>feuilles lob\u00e9es<\/td>\n<td>ch\u00eane<\/td>\n<\/tr>\n<tr>\n<td>feuilles obovales<\/td>\n<td> magnolia caduc<\/td>\n<\/tr>\n<tr>\n<td>feuilles palmatilob\u00e9es<\/td>\n<td>platane<\/td>\n<\/tr>\n<tr>\n<td>feuilles persistantes<\/td>\n<td>laurier cerise<\/td>\n<\/tr>\n<tr>\n<td>feuilles persistantes lanc\u00e9ol\u00e9es<\/td>\n<td>eucalyptus<\/td>\n<\/tr>\n<tr>\n<td>feuilles polymorphes<\/td>\n<td>m\u00fbrier<\/td>\n<\/tr>\n<tr>\n<td>feuilles rondes<\/td>\n<td>arbre de Jud\u00e9e<\/td>\n<\/tr>\n<tr>\n<td>aiguilles group\u00e9es dans une gaine<\/td>\n<td>pin<\/td>\n<\/tr>\n<tr>\n<td>aiguilles group\u00e9es en rosette<\/td>\n<td>c\u00e8dre<\/td>\n<\/tr>\n<tr>\n<td>aiguilles isol\u00e9es<\/td>\n<td>sapin<\/td>\n<\/tr>\n<tr>\n<td>aiguilles isol\u00e9es caduques<\/td>\n<td>cypr\u00e8s chauve<\/td>\n<\/tr>\n<tr>\n<td>al\u00e8nes<\/td>\n<td>s\u00e9quoia g\u00e9ant<\/td>\n<\/tr>\n<tr>\n<td>\u00e9cailles<\/td>\n<td>thuya<\/td>\n<\/tr>\n<\/tbody>\n<\/table>\n<h2>Le choix de la palette v\u00e9g\u00e9tale<\/h2>\n<p>Les parcs botaniques pr\u00e9sentent g\u00e9n\u00e9ralement des \u00ab\u00a0collections\u00a0\u00bb, incluant de nombreuses plantes rares.<\/p>\n<p>A La Petite Loiterie, l\u2019objectif est plut\u00f4t de regrouper tous les arbres et arbustes que l\u2019on peut trouver assez facilement en p\u00e9pini\u00e8re, pour pr\u00e9senter l&rsquo;ensemble de la palette v\u00e9g\u00e9tale \u00ab\u00a0plantable\u00a0\u00bb dans les jardins et les espaces verts&#8230; (voir la liste des <a href=\"http:\/\/www.lapetiteloiterie.fr\/lpl\/presentation\/especes\/\">esp\u00e8ces pr\u00e9sentes<\/a>)<\/p>\n<p>Cet aspect de l&rsquo;arboretum peut \u00eatre extr\u00eamement int\u00e9ressant, pour un professionnel du paysage, qui peut voir par exemple, \u00e0 l&rsquo;occasion d&rsquo;une m\u00eame visite&nbsp;:<\/p>\n<ul>\n<li>les diff\u00e9rents cultivars d\u2019une m\u00eame esp\u00e8ce, et obtenir des renseignements sur leurs performances respectives (toutes les visites sont guid\u00e9es),<\/li>\n<li>les essences indig\u00e8nes pour le r\u00e9am\u00e9nagement de milieux naturels,<\/li>\n<li>les essences \u00e0 fruits comestibles pour l\u2019homme ou pour la faune&#8230;<\/li>\n<\/ul>\n<p>L&rsquo;arboretum peut donc \u00eatre un outil pr\u00e9cieux pour les choix de v\u00e9g\u00e9taux, et amener \u00e0 une meilleure utilisation des esp\u00e8ces selon les contraintes du milieu (sol, climat, limitation de volume).<\/p>\n<p>Quant au jardinier amateur, il peut ainsi choisir, en fonction des contraintes sp\u00e9cifiques de son jardin, des esp\u00e8ces ou cultivars moins courants que ceux g\u00e9n\u00e9ralement plant\u00e9s&nbsp;: s&rsquo;il a, en le voyant, un coup de coeur pour un arbre ou un arbuste particulier, il peut v\u00e9rifier s&rsquo;il serait adapt\u00e9 \u00e0 son propre jardin (volume, sol&#8230;), et conna\u00eetre sa disponibilit\u00e9 en p\u00e9pini\u00e8re.<\/p>\n<h2>Les formes pr\u00e9sent\u00e9es<\/h2>\n<p>Afin d&rsquo;en montrer les diff\u00e9rentes utilisations possibles, les arbres de l&rsquo;arboretum sont souvent pr\u00e9sent\u00e9s en plusieurs exemplaires men\u00e9s selon des formes diff\u00e9rentes&nbsp;:<\/p>\n<ul>\n<li>tige branchue d\u00e8s la base,<\/li>\n<li>tige remont\u00e9e,<\/li>\n<li>c\u00e9p\u00e9e,<\/li>\n<li>t\u00eatard,<\/li>\n<li>forme architectur\u00e9e (rideau, pyramide&#8230;),<\/li>\n<li>haie.<\/li>\n<\/ul>\n<p>Cette pr\u00e9sentation permet par ailleurs de mener des exp\u00e9rimentations sur la taille de formation.<\/p>\n<p>La plupart des arbres ou arbustes qui peuvent former des haies sont pr\u00e9sent\u00e9s \u00e9galement dans une haie, m\u00eame si leur utilisation est inhabituelle sous cette forme&nbsp;: il s\u2019agit l\u00e0 encore d\u2019aider \u00e0 appr\u00e9cier les possibilit\u00e9s de chaque v\u00e9g\u00e9tal pr\u00e9sent\u00e9, pour aider \u00e0 une diversification paysag\u00e8re et \u00e9cologique.<\/p>\n","protected":false},"excerpt":{"rendered":"<p>Regrouper les arbres par formes de feuilles&#8230; C&rsquo;est l\u00e0 la principale originalit\u00e9 de l&rsquo;arboretum de La Petite Loiterie&#8230; Dans la plupart des parcs, jardins botaniques ou arboretums, les arbres sont plant\u00e9s selon&nbsp;: des crit\u00e8res uniquement paysagers, la classification botanique, leur provenance g\u00e9ographique, ou bien une combinaison de ces crit\u00e8res&#8230; \u00c0 La Petite Loiterie, les arbres [&hellip;]<\/p>\n","protected":false},"author":1,"featured_media":702,"parent":27,"menu_order":1,"comment_status":"closed","ping_status":"closed","template":"","meta":{"footnotes":""},"class_list":["post-162","page","type-page","status-publish","has-post-thumbnail","hentry"],"_links":{"self":[{"href":"https:\/\/www.lapetiteloiterie.fr\/lpl\/wp-json\/wp\/v2\/pages\/162","targetHints":{"allow":["GET"]}}],"collection":[{"href":"https:\/\/www.lapetiteloiterie.fr\/lpl\/wp-json\/wp\/v2\/pages"}],"about":[{"href":"https:\/\/www.lapetiteloiterie.fr\/lpl\/wp-json\/wp\/v2\/types\/page"}],"author":[{"embeddable":true,"href":"https:\/\/www.lapetiteloiterie.fr\/lpl\/wp-json\/wp\/v2\/users\/1"}],"replies":[{"embeddable":true,"href":"https:\/\/www.lapetiteloiterie.fr\/lpl\/wp-json\/wp\/v2\/comments?post=162"}],"version-history":[{"count":22,"href":"https:\/\/www.lapetiteloiterie.fr\/lpl\/wp-json\/wp\/v2\/pages\/162\/revisions"}],"predecessor-version":[{"id":2346,"href":"https:\/\/www.lapetiteloiterie.fr\/lpl\/wp-json\/wp\/v2\/pages\/162\/revisions\/2346"}],"up":[{"embeddable":true,"href":"https:\/\/www.lapetiteloiterie.fr\/lpl\/wp-json\/wp\/v2\/pages\/27"}],"wp:featuredmedia":[{"embeddable":true,"href":"https:\/\/www.lapetiteloiterie.fr\/lpl\/wp-json\/wp\/v2\/media\/702"}],"wp:attachment":[{"href":"https:\/\/www.lapetiteloiterie.fr\/lpl\/wp-json\/wp\/v2\/media?parent=162"}],"curies":[{"name":"wp","href":"https:\/\/api.w.org\/{rel}","templated":true}]}}