{"id":1625,"date":"2015-04-29T15:54:19","date_gmt":"2015-04-29T13:54:19","guid":{"rendered":"http:\/\/www.lapetiteloiterie.fr\/lpl\/?page_id=1625"},"modified":"2024-05-27T11:11:17","modified_gmt":"2024-05-27T09:11:17","slug":"animations-mares","status":"publish","type":"page","link":"https:\/\/www.lapetiteloiterie.fr\/lpl\/activites\/animations-mares\/","title":{"rendered":"Animations \u00ab&nbsp;mares&nbsp;\u00bb"},"content":{"rendered":"<p>Au mois d&rsquo;avril, lorsque les batraciens sont le plus facilement visibles, nous vous proposons deux rencontres avec les h\u00f4tes des zones humides de l&rsquo;arboretum&#8230;<\/p>\n<p>L&rsquo;une de ces visites a lieu en nocturne&nbsp;: il faut pr\u00e9voir bottes, v\u00eatement chaud et lampe de poche pour chacun. Nous vous demandons \u00e9galement de vous inscrire, car le groupe doit rester de taille limit\u00e9e.<\/p>\n<p>Pour conna\u00eetre les dates de ces deux animations, consulter notre <a href=\"http:\/\/www.lapetiteloiterie.fr\/lpl\/agenda\/\">agenda<\/a>&nbsp;!<\/p>\n<p><img decoding=\"async\" class=\"alignleft size-medium wp-image-2015\" src=\"https:\/\/www.lapetiteloiterie.fr\/lpl\/wp-content\/uploads\/logo_frequence-grenouille_2020.png\" alt=\"Logo de Fr\u00e9quence Grenouille\" width=\"160\"\/><br \/>\nEn partenariat avec l&rsquo;op\u00e9ration nationale <a href=\"https:\/\/reseau-cen.org\/rendez-vous-nature\/frequence-grenouille\/\" target=\"_blank\" rel=\"noopener noreferrer\">Fr\u00e9quence Grenouille<\/a><\/p>\n","protected":false},"excerpt":{"rendered":"<p>Au mois d&rsquo;avril, lorsque les batraciens sont le plus facilement visibles, nous vous proposons deux rencontres avec les h\u00f4tes des zones humides de l&rsquo;arboretum&#8230; L&rsquo;une de ces visites a lieu en nocturne&nbsp;: il faut pr\u00e9voir bottes, v\u00eatement chaud et lampe de poche pour chacun. Nous vous demandons \u00e9galement de vous inscrire, car le groupe doit [&hellip;]<\/p>\n","protected":false},"author":1,"featured_media":1681,"parent":29,"menu_order":4,"comment_status":"closed","ping_status":"open","template":"","meta":{"footnotes":""},"class_list":["post-1625","page","type-page","status-publish","has-post-thumbnail","hentry"],"_links":{"self":[{"href":"https:\/\/www.lapetiteloiterie.fr\/lpl\/wp-json\/wp\/v2\/pages\/1625","targetHints":{"allow":["GET"]}}],"collection":[{"href":"https:\/\/www.lapetiteloiterie.fr\/lpl\/wp-json\/wp\/v2\/pages"}],"about":[{"href":"https:\/\/www.lapetiteloiterie.fr\/lpl\/wp-json\/wp\/v2\/types\/page"}],"author":[{"embeddable":true,"href":"https:\/\/www.lapetiteloiterie.fr\/lpl\/wp-json\/wp\/v2\/users\/1"}],"replies":[{"embeddable":true,"href":"https:\/\/www.lapetiteloiterie.fr\/lpl\/wp-json\/wp\/v2\/comments?post=1625"}],"version-history":[{"count":7,"href":"https:\/\/www.lapetiteloiterie.fr\/lpl\/wp-json\/wp\/v2\/pages\/1625\/revisions"}],"predecessor-version":[{"id":3194,"href":"https:\/\/www.lapetiteloiterie.fr\/lpl\/wp-json\/wp\/v2\/pages\/1625\/revisions\/3194"}],"up":[{"embeddable":true,"href":"https:\/\/www.lapetiteloiterie.fr\/lpl\/wp-json\/wp\/v2\/pages\/29"}],"wp:featuredmedia":[{"embeddable":true,"href":"https:\/\/www.lapetiteloiterie.fr\/lpl\/wp-json\/wp\/v2\/media\/1681"}],"wp:attachment":[{"href":"https:\/\/www.lapetiteloiterie.fr\/lpl\/wp-json\/wp\/v2\/media?parent=1625"}],"curies":[{"name":"wp","href":"https:\/\/api.w.org\/{rel}","templated":true}]}}