{"id":173,"date":"2015-03-26T09:43:57","date_gmt":"2015-03-26T08:43:57","guid":{"rendered":"http:\/\/www.lapetiteloiterie.fr\/lpl\/?page_id=173"},"modified":"2024-11-24T21:08:15","modified_gmt":"2024-11-24T20:08:15","slug":"histoire","status":"publish","type":"page","link":"https:\/\/www.lapetiteloiterie.fr\/lpl\/presentation\/histoire\/","title":{"rendered":"Un peu d&rsquo;histoire"},"content":{"rendered":"<p>L&rsquo;arboretum de La Petite Loiterie est r\u00e9cent, et les premi\u00e8res plantations d&rsquo;arbres datent de 1995.<br \/>\nL&rsquo;id\u00e9e de cr\u00e9er un arboretum est n\u00e9e au d\u00e9but des ann\u00e9es 1980. Elle s&rsquo;est affin\u00e9e petit \u00e0 petit, passant de celle d&rsquo;un parc \u00ab\u00a0normal\u00a0\u00bb \u00e0 celle d&rsquo;un lieu v\u00e9ritablement p\u00e9dagogique, d\u00e9di\u00e9 aux arbres et arbustes utilisables actuellement dans les jardins et les espaces urbains. Voici, en quelques dates, les \u00e9tapes qui ont jalonn\u00e9 son \u00e9volution&nbsp;:<\/p>\n<dl class=\"histoire\">\n<dt>1980<\/dt>\n<dd>un arboretum, et pourquoi pas&nbsp;?&#8230; naissance de l&rsquo;id\u00e9e&nbsp;!<\/dd>\n<dt>1985<\/dt>\n<dd>d\u00e9but des recherches d&rsquo;un terrain propice pour le projet. Or, trouver un terrain propice &#8211; \u00e0 savoir surtout non calcaire &#8211; avec le sous-sol de Touraine a demand\u00e9 du temps&#8230;<\/dd>\n<dt>1990<\/dt>\n<dd>\u00e7a y est, on a trouv\u00e9 la perle rare&nbsp;! Achat de La Petite Loiterie, ancienne ferme de polyculture \u00e9levage<\/dd>\n<dt>1991<\/dt>\n<dd>lev\u00e9 topographique pr\u00e9cis et \u00e9laboration d&rsquo;un plan masse d\u00e9taill\u00e9<\/dd>\n<dt>1992<\/dt>\n<dd>\u00e9tude p\u00e9dologique, avec la participation essentielle de <a href=\"http:\/\/www.lapetiteloiterie.fr\/lpl\/acteurs\/comite\/\">G\u00e9rard Dum\u00e9<\/a><\/dd>\n<dd>\u00e9laboration du projet paysager d&rsquo;ensemble, avec l&rsquo;aide pr\u00e9cieuse de <a href=\"http:\/\/www.lapetiteloiterie.fr\/lpl\/acteurs\/comite\/\">Jean-Pierre Prime<\/a>, qui a \u00e9t\u00e9 depuis le d\u00e9but l&rsquo;architecte de l&rsquo;arboretum sur le plan paysager&#8230;<\/dd>\n<dd>plantation des premi\u00e8res haies<\/dd>\n<dt>1993<\/dt>\n<dd>cr\u00e9ation de l&rsquo;\u00e9tang moderne (1\/2 hectare)<\/dd>\n<dt>1994<\/dt>\n<dd>le plan de plantation est pr\u00eat&nbsp;!<\/dd>\n<dd>implantation de la prairie<\/dd>\n<dt>1995<\/dt>\n<dd>cl\u00f4tures<\/dd>\n<dd>plantation du premier arbre, et de ses compagnons de zone (feuilles compos\u00e9es)<\/dd>\n<dd>plantation des haies en p\u00e9riph\u00e9rie<\/dd>\n<dd>premiers travaux de r\u00e9novation des b\u00e2timents d&rsquo;accueil<\/dd>\n<dd>acquisition du bois<\/dd>\n<dt>1996<\/dt>\n<dd>plantations d&rsquo;arbres (feuilles palmatilob\u00e9es, aiguilles en rosettes)<\/dd>\n<dd>cr\u00e9ation du <a href=\"http:\/\/www.lapetiteloiterie.fr\/lpl\/acteurs\/comite\/\">Comit\u00e9 de pilotage<\/a>, qui forme l&rsquo;association <a href=\"https:\/\/www.lapetiteloiterie.fr\/lpl\/acteurs\/papou\/\">Pour que l&rsquo;Arboretum POUsse (PAPOU)<\/a><\/dd>\n<dt>1997<\/dt>\n<dd>plantation d&rsquo;arbres (feuilles grandes, lanc\u00e9ol\u00e9es, rondes, en \u00e9caille, arbres \u00e0 port pleureurs, verger)<\/dd>\n<dd>exp\u00e9rimentations de paillage (\u00e9tude men\u00e9e par un stagiaire)<\/dd>\n<dt>1998<\/dt>\n<dd>plantations d\u2019arbres (feuilles lob\u00e9es, obovales, enti\u00e8res, cili\u00e9es, aiguilles group\u00e9es, aiguilles isol\u00e9es)<\/dd>\n<dd>premi\u00e8res plantations d&rsquo;arbustes (feuilles compos\u00e9es)<\/dd>\n<dd>premier inventaire des oiseaux de l&rsquo;arboretum<\/dd>\n<dd>pr\u00e9-inauguration de l&rsquo;arboretum (avec le <a href=\"http:\/\/www.lapetiteloiterie.fr\/lpl\/acteurs\/partenaires\/\">Conseil G\u00e9n\u00e9ral d&rsquo;Indre-et-Loire<\/a>)<\/dd>\n<dd>accueil des premiers groupes de visiteurs, pour des formations et des visites g\u00e9n\u00e9ralistes<\/dd>\n<dt>1999<\/dt>\n<dd>plantations d\u2019arbres (feuilles dent\u00e9es)<\/dd>\n<dd>mat\u00e9rialisation des all\u00e9es distribuant les diff\u00e9rents secteurs du parc<\/dd>\n<dt>2000<\/dt>\n<dd>plantations d&rsquo;arbres (compl\u00e9ments, remplacements des pertes dues aux fortes pluviom\u00e9tries des ann\u00e9es 1998 \u00e0 2000)<\/dd>\n<dd>\u00e9tude pour la r\u00e9alisation de mares et zones humides<\/dd>\n<dd>am\u00e9nagement d\u2019un bureau et salle d&rsquo;accueil et formation dans l\u2019ancienne \u00e9curie<\/dd>\n<dt>2001<\/dt>\n<dd>assainissement du terrain par drainage agricole<\/dd>\n<dd>cr\u00e9ation de trois nouvelles mares<\/dd>\n<dd>constitution du r\u00e9seau national d&rsquo;<a title=\"Exp\u00e9rimentation sur la taille des arbustes\" href=\"http:\/\/www.lapetiteloiterie.fr\/lpl\/suivis_etudes\/exp_arbustes\/\">exp\u00e9rimentation sur la taille des arbustes d&rsquo;ornement<\/a>, pilot\u00e9 par l&rsquo;arboretum, qui en constitue l&rsquo;un des \u00e9l\u00e9ments principaux<\/dd>\n<dt>2002<\/dt>\n<dd><a title=\"Un animateur\" href=\"http:\/\/www.lapetiteloiterie.fr\/lpl\/acteurs\/animateur\/\">Olivier Podevin<\/a> rejoint l&rsquo;arboretum, comme animateur scientifique et technique<\/dd>\n<dt>2003<\/dt>\n<dd>plantations d&rsquo;arbustes (feuilles palmatilob\u00e9es)<\/dd>\n<dd>plantations d&rsquo;arbres \u00e0 conduire en port architectur\u00e9, et entretenus par tonte, coupe sur t\u00eate de chat ou prolongement<\/dd>\n<dd>premiers inventaires faunistiques des zones humides et de la flore des prairies<\/dd>\n<dd>premi\u00e8re ouverture sans rendez-vous au grand public<\/dd>\n<dd>publication de <a title=\"Livres\" href=\"http:\/\/www.lapetiteloiterie.fr\/lpl\/publications_collaborations\/livres\/\">La taille de formation des arbres d&rsquo;ornement<\/a><\/dd>\n<dt>2004<\/dt>\n<dd>plantations d&rsquo;arbustes (feuilles lanc\u00e9ol\u00e9es)<\/dd>\n<dt>2005<\/dt>\n<dd>plantations d&rsquo;arbustes (feuilles lob\u00e9es)<\/dd>\n<dt>2006<\/dt>\n<dd>compl\u00e9ments de plantations d&rsquo;arbustes<\/dd>\n<dd>premi\u00e8re participation \u00e0 l\u2019op\u00e9ration nationale <a href=\"https:\/\/rendezvousauxjardins.culture.gouv.fr\/\" target=\"_blank\" rel=\"noopener noreferrer\">Rendez-vous aux jardins<\/a><\/dd>\n<dt>2007<\/dt>\n<dd>premi\u00e8re \u00e9dition de la formation pour les particuliers sur la plantation et l&rsquo;entretien des jardins, <a href=\"http:\/\/www.lapetiteloiterie.fr\/lpl\/art\/reussir-amenagement-paysager\/\">R\u00e9ussir son am\u00e9nagement paysager autour de la maison<\/a>, en partenariat avec le Pays Loire Touraine<\/dd>\n<dt>2008<\/dt>\n<dd>premi\u00e8re \u00e9dition de la formation <a href=\"http:\/\/www.lapetiteloiterie.fr\/lpl\/art\/architecture-schema-arbustes\/\">Architecture et repr\u00e9sentation sch\u00e9matique des arbustes<\/a><\/dd>\n<dd>r\u00e9alisation d&rsquo;un inventaire des populations de papillons de nuit avec des entomologistes tourangeaux<\/dd>\n<dt>2009<\/dt>\n<dd>premi\u00e8re \u00e9dition de la formation <a href=\"http:\/\/www.lapetiteloiterie.fr\/lpl\/art\/taille-arbres-architecture\/\">La taille de formation des arbres d\u2019ornement&nbsp;: bien comprendre leur architecture pour optimiser les interventions<\/a><\/dd>\n<dt>2010<\/dt>\n<dd>changement de l&rsquo;entretien du couvert herbac\u00e9 aux abords des plantations&nbsp;: diminution des surfaces de tonte par la mise en place d&rsquo;espaces de fauche tardive (octobre). Les abords imm\u00e9diats des arbres et arbustes restent tondus, pour en permettre l&rsquo;acc\u00e8s et la mise en valeur. Cette m\u00e9thode a permis de diminuer le temps de tonte, de diversifier le milieu et de mieux accueillir la faune et en particulier les auxiliaires. Enfin, cela cr\u00e9e de nouveaux points d&rsquo;int\u00e9r\u00eat paysager.<\/dd>\n<dt>2011<\/dt>\n<dd>premi\u00e8re visite \u00ab\u00a0bilingue\u00a0\u00bb fran\u00e7ais &#8211; anglais \u00e0 l&rsquo;occasion de l&rsquo;accueil d&rsquo;un comit\u00e9 de jumelage<\/dd>\n<dt>2012<\/dt>\n<dd>installation des moutons Solognots dans des prairies non arbor\u00e9es difficiles \u00e0 entretenir (abords des mares)<\/dd>\n<dd>publication des fiches sur <a href=\"http:\/\/www.lapetiteloiterie.fr\/lpl\/publications_collaborations\/petits_arbres\/\">Les arbres de petit d\u00e9veloppement<\/a> r\u00e9alis\u00e9es en partenariat avec le CAUE77<\/dd>\n<dt>2013<\/dt>\n<dd>plantation de pommiers de vari\u00e9t\u00e9s \u00e0 cidre et \u00e0 couteau, pour renouveler le verger ancien<\/dd>\n<dd>publication des <a href=\"http:\/\/www.lapetiteloiterie.fr\/lpl\/publications_collaborations\/videos_caue77\/\">vid\u00e9os p\u00e9dagogiques<\/a> r\u00e9alis\u00e9es par le CAUE77<\/dd>\n<dt>2014<\/dt>\n<dd>restructuration de certains massifs d&rsquo;arbustes pour limiter les surfaces \u00e0 d\u00e9sherber manuellement<\/dd>\n<dd>acquisition d&rsquo;une parcelle de terrain agricole de 2,5 ha, situ\u00e9e au milieu du bois de l&rsquo;arboretum. Cette parcelle, ou \u00ab&nbsp;Accrue&nbsp;\u00bb, en cours de colonisation naturelle, est destin\u00e9e \u00e0 augmenter la surface bois\u00e9e.<\/dd>\n<dt>2015<\/dt>\n<dd>rec\u00e9page de certaines haies anciennes devenues trop grandes<\/dd>\n<dd>plantations d&rsquo;arbres dans diff\u00e9rentes zones, en compl\u00e9ment (esp\u00e8ces ou vari\u00e9t\u00e9s introuvables au moment de l&rsquo;installation de la zone) ou en remplacement (sujets disparus)<\/dd>\n<dt>2016<\/dt>\n<dd>suppression de certains massifs difficiles \u00e0 entretenir<\/dd>\n<dd>on f\u00eate les 20 ans du <a href=\"http:\/\/www.lapetiteloiterie.fr\/lpl\/acteurs\/comite\/\">Comit\u00e9 de pilotage<\/a>&#8230; et de l&rsquo;association <a href=\"https:\/\/www.lapetiteloiterie.fr\/lpl\/acteurs\/papou\/\">Pour que l&rsquo;Arboretum POUsse (PAPOU)<\/a>&nbsp;!<\/dd>\n<dt>2017<\/dt>\n<dd>premi\u00e8res animations sur <a href=\"https:\/\/www.lapetiteloiterie.fr\/lpl\/art\/08-arbres-chgt-climat\/\">les arbres d\u2019ornement adapte\u0301s au changement climatique<\/a><\/dd>\n<dt>2018<\/dt>\n<dd>d\u00e9but de l\u2019\u00e9tiquetage syst\u00e9matique, \u00e0 l\u2019aide de pastilles num\u00e9rot\u00e9es<\/dd>\n<dd>mise en ligne sur le site internet du <a href=\"https:\/\/www.lapetiteloiterie.fr\/lpl\/suivis_etudes\/observations\/ornitho\/\">suivi ornithologique<\/a> de l\u2019arboretum, l\u2019inventaire des oiseaux ayant \u00e9t\u00e9 r\u00e9alis\u00e9 sept fois depuis 1998. Il permet de constater l\u2019\u00e9volution de l\u2019avifaune au fur et \u00e0 mesure de la croissance des arbres et de la cr\u00e9ation de diff\u00e9rents milieux.<\/dd>\n<dt>2019<\/dt>\n<dd>extension du bois par acquisition d\u2019une parcelle contigu\u00eb<\/dd>\n<dd>essai du p\u00e2turage par des oies\u2026 peu concluant. Si elles aiment l\u2019herbe, elles sont curieuses de nature et testent volontiers \u00ab&nbsp;l\u2019attachement&nbsp;\u00bb de l\u2019\u00e9corce aux arbres, sans parler ni de leur propension \u00e0 aller voir ce qui se passe entre les racines ni du renard qui cherche \u00e0 effectuer des pr\u00e9l\u00e8vements&#8230;<\/dd>\n<dd>au printemps, d\u00e9but de l\u2019inventaire des champignons.<\/dd>\n<dt>2020<\/dt>\n<dd>accueil de deux agnelles de race Shropshire afin de tester leur capacit\u00e9 \u00e0 respecter la state arbustive et les jeunes arbres. L\u00e0 encore, essai peu concluant. Si elles n\u2019attaquent pas les \u00e9corces comme les Solognots, elles adorent les jeunes pousses&#8230;<\/dd>\n<dd>l\u2019arboretum est ferm\u00e9 au public, puis r\u00e9ouvert avec jauge, puis referm\u00e9 lorsque celle-ci descend \u00e0 cinq visiteurs simultan\u00e9s&#8230; c\u2019est la COVID-19&nbsp;!<\/dd>\n<dt>2021<\/dt>\n<dd>plantation assez cons\u00e9quente d\u2019arbustes<\/dd>\n<dd>premi\u00e8res plantations dans l\u2019Accrue d\u2019arbres potentiellement r\u00e9sistants \u00e0 la s\u00e9cheresse<\/dd>\n<dd>\u00e0 l\u2019automne, premi\u00e8re <a title=\"Mycologie\" href=\"https:\/\/www.lapetiteloiterie.fr\/lpl\/actualites\/animation-mycologie\/\">animation d&rsquo;initiation \u00e0 la mycologie<\/a> sur trois jours espac\u00e9s de deux semaines entre chaque pour observer un maximum d\u2019esp\u00e8ces.<\/dd>\n<dt>2022<\/dt>\n<dd>importante campagne de plantation d\u2019arbustes (plus de 350 taxons)<\/dd>\n<dd>rebranchement de l\u2019alimentation de \u00ab&nbsp;l\u2019\u00e9tang moderne&nbsp;\u00bb sur le foss\u00e9 du bassin versant agricole pour en assurer le remplissage, en compl\u00e9ment des eaux du drainage de l\u2019arboretum. En ces ann\u00e9es de s\u00e9cheresse, il est indispensable de pouvoir arroser les jeunes plantations, ce que nous faisons en puisant dans cet \u00e9tang<\/dd>\n<dt>2023<\/dt>\n<dd>pr\u00e9paration des derni\u00e8res grosses plantations d\u2019arbustes<\/dd>\n<dd>abattage de deux gros peupliers, ce qui lance le processus de renouvellement de certaines essences initialement install\u00e9es dans un contexte climatique plus favorable<\/dd>\n<dd>animation sp\u00e9ciale pour les \u00ab&nbsp;fid\u00e8les&nbsp;\u00bb de l\u2019arboretum&nbsp;: on rend visite aux arbres qui ne font partie d\u2019aucun des circuits habituels et m\u00e9ritent quand m\u00eame un d\u00e9tour&#8230;<\/dd>\n<dd>implantation des premi\u00e8res \u00ab&nbsp;serpentines&nbsp;\u00bb, petites all\u00e9es sinueuses qui parcourent un secteur<\/dd>\n<dt>2024<\/dt>\n<dd>plantation de 500 taxons, essentiellement d\u2019arbustes<\/dd>\n<dd>plantation dans l\u2019Accrue d\u2019une vingtaine d\u2019esp\u00e8ces de ch\u00eanes potentiellement r\u00e9sistantes au changement climatique<\/dd>\n<dd>les serpentines se multiplient&nbsp;!<\/dd>\n<dd>pr\u00e9paration du trenti\u00e8me anniversaire des premi\u00e8res plantations<\/dd>\n<\/dl>\n","protected":false},"excerpt":{"rendered":"<p>L&rsquo;arboretum de La Petite Loiterie est r\u00e9cent, et les premi\u00e8res plantations d&rsquo;arbres datent de 1995. L&rsquo;id\u00e9e de cr\u00e9er un arboretum est n\u00e9e au d\u00e9but des ann\u00e9es 1980. Elle s&rsquo;est affin\u00e9e petit \u00e0 petit, passant de celle d&rsquo;un parc \u00ab\u00a0normal\u00a0\u00bb \u00e0 celle d&rsquo;un lieu v\u00e9ritablement p\u00e9dagogique, d\u00e9di\u00e9 aux arbres et arbustes utilisables actuellement dans les jardins [&hellip;]<\/p>\n","protected":false},"author":1,"featured_media":640,"parent":27,"menu_order":3,"comment_status":"closed","ping_status":"closed","template":"","meta":{"footnotes":""},"class_list":["post-173","page","type-page","status-publish","has-post-thumbnail","hentry"],"_links":{"self":[{"href":"https:\/\/www.lapetiteloiterie.fr\/lpl\/wp-json\/wp\/v2\/pages\/173","targetHints":{"allow":["GET"]}}],"collection":[{"href":"https:\/\/www.lapetiteloiterie.fr\/lpl\/wp-json\/wp\/v2\/pages"}],"about":[{"href":"https:\/\/www.lapetiteloiterie.fr\/lpl\/wp-json\/wp\/v2\/types\/page"}],"author":[{"embeddable":true,"href":"https:\/\/www.lapetiteloiterie.fr\/lpl\/wp-json\/wp\/v2\/users\/1"}],"replies":[{"embeddable":true,"href":"https:\/\/www.lapetiteloiterie.fr\/lpl\/wp-json\/wp\/v2\/comments?post=173"}],"version-history":[{"count":23,"href":"https:\/\/www.lapetiteloiterie.fr\/lpl\/wp-json\/wp\/v2\/pages\/173\/revisions"}],"predecessor-version":[{"id":3266,"href":"https:\/\/www.lapetiteloiterie.fr\/lpl\/wp-json\/wp\/v2\/pages\/173\/revisions\/3266"}],"up":[{"embeddable":true,"href":"https:\/\/www.lapetiteloiterie.fr\/lpl\/wp-json\/wp\/v2\/pages\/27"}],"wp:featuredmedia":[{"embeddable":true,"href":"https:\/\/www.lapetiteloiterie.fr\/lpl\/wp-json\/wp\/v2\/media\/640"}],"wp:attachment":[{"href":"https:\/\/www.lapetiteloiterie.fr\/lpl\/wp-json\/wp\/v2\/media?parent=173"}],"curies":[{"name":"wp","href":"https:\/\/api.w.org\/{rel}","templated":true}]}}