{"id":187,"date":"2015-03-26T09:45:09","date_gmt":"2015-03-26T08:45:09","guid":{"rendered":"http:\/\/www.lapetiteloiterie.fr\/lpl\/acteurs-2\/papou\/"},"modified":"2023-08-04T19:05:05","modified_gmt":"2023-08-04T17:05:05","slug":"papou","status":"publish","type":"page","link":"https:\/\/www.lapetiteloiterie.fr\/lpl\/acteurs\/papou\/","title":{"rendered":"Pour que l&rsquo;Arboretum POUsse&nbsp;!"},"content":{"rendered":"<p>Cr\u00e9\u00e9e le 14 juillet 1996, l&rsquo;association \u00e0 but non lucratif <strong>P<\/strong>our que l&rsquo;<strong>A<\/strong>rboretum <strong>POU<\/strong>sse&nbsp;! (PAPOU) s&rsquo;est donn\u00e9 comme objectif \u00ab\u00a0d&rsquo;aider \u00e0 la mise en place, au fonctionnement et au d\u00e9veloppement de l&rsquo;Arboretum de La Petite Loiterie\u00a0\u00bb.<\/p>\n<p>L&rsquo;association&nbsp;:<\/p>\n<ul>\n<li>assure l&rsquo;entretien de l&rsquo;arboretum,<\/li>\n<li>per\u00e7oit les recettes li\u00e9es aux visites, animations et formations,<\/li>\n<li>assure la promotion de l&rsquo;arboretum,<\/li>\n<li>accueille des stagiaires,<\/li>\n<li>emploie l&rsquo;animateur occasionnel.<\/li>\n<\/ul>\n<p>Elle est essentiellement compos\u00e9e des membres du <a title=\"Le comit\u00e9 scientifique et technique\" href=\"http:\/\/www.lapetiteloiterie.fr\/lpl\/acteurs\/comite\/\">Comit\u00e9 scientifique et technique<\/a>.<\/p>\n","protected":false},"excerpt":{"rendered":"<p>Cr\u00e9\u00e9e le 14 juillet 1996, l&rsquo;association \u00e0 but non lucratif Pour que l&rsquo;Arboretum POUsse&nbsp;! (PAPOU) s&rsquo;est donn\u00e9 comme objectif \u00ab\u00a0d&rsquo;aider \u00e0 la mise en place, au fonctionnement et au d\u00e9veloppement de l&rsquo;Arboretum de La Petite Loiterie\u00a0\u00bb. L&rsquo;association&nbsp;: assure l&rsquo;entretien de l&rsquo;arboretum, per\u00e7oit les recettes li\u00e9es aux visites, animations et formations, assure la promotion de l&rsquo;arboretum, [&hellip;]<\/p>\n","protected":false},"author":1,"featured_media":692,"parent":31,"menu_order":2,"comment_status":"closed","ping_status":"closed","template":"","meta":{"footnotes":""},"class_list":["post-187","page","type-page","status-publish","has-post-thumbnail","hentry"],"_links":{"self":[{"href":"https:\/\/www.lapetiteloiterie.fr\/lpl\/wp-json\/wp\/v2\/pages\/187","targetHints":{"allow":["GET"]}}],"collection":[{"href":"https:\/\/www.lapetiteloiterie.fr\/lpl\/wp-json\/wp\/v2\/pages"}],"about":[{"href":"https:\/\/www.lapetiteloiterie.fr\/lpl\/wp-json\/wp\/v2\/types\/page"}],"author":[{"embeddable":true,"href":"https:\/\/www.lapetiteloiterie.fr\/lpl\/wp-json\/wp\/v2\/users\/1"}],"replies":[{"embeddable":true,"href":"https:\/\/www.lapetiteloiterie.fr\/lpl\/wp-json\/wp\/v2\/comments?post=187"}],"version-history":[{"count":6,"href":"https:\/\/www.lapetiteloiterie.fr\/lpl\/wp-json\/wp\/v2\/pages\/187\/revisions"}],"predecessor-version":[{"id":3109,"href":"https:\/\/www.lapetiteloiterie.fr\/lpl\/wp-json\/wp\/v2\/pages\/187\/revisions\/3109"}],"up":[{"embeddable":true,"href":"https:\/\/www.lapetiteloiterie.fr\/lpl\/wp-json\/wp\/v2\/pages\/31"}],"wp:featuredmedia":[{"embeddable":true,"href":"https:\/\/www.lapetiteloiterie.fr\/lpl\/wp-json\/wp\/v2\/media\/692"}],"wp:attachment":[{"href":"https:\/\/www.lapetiteloiterie.fr\/lpl\/wp-json\/wp\/v2\/media?parent=187"}],"curies":[{"name":"wp","href":"https:\/\/api.w.org\/{rel}","templated":true}]}}