{"id":188,"date":"2015-03-26T09:45:09","date_gmt":"2015-03-26T08:45:09","guid":{"rendered":"http:\/\/www.lapetiteloiterie.fr\/lpl\/acteurs-2\/partenaires\/"},"modified":"2024-11-24T19:17:58","modified_gmt":"2024-11-24T18:17:58","slug":"partenaires","status":"publish","type":"page","link":"https:\/\/www.lapetiteloiterie.fr\/lpl\/acteurs\/partenaires\/","title":{"rendered":"Les partenaires"},"content":{"rendered":"<p>D\u00e8s sa cr\u00e9ation, l&rsquo;arboretum a b\u00e9n\u00e9fici\u00e9 de l&rsquo;appui logistique ou financier de nombreux partenaires, que l&rsquo;on peut regrouper en trois \u00ab\u00a0familles\u00a0\u00bb disctinctes&nbsp;: les <a href=\"#institutionnels\">institutionnels<\/a>, les <a href=\"#associatifs\">associatifs<\/a> et les <a href=\"#professionnels\">professionnels<\/a>.<\/p>\n<h2 id=\"institutionnels\">Les institutionnels<\/h2>\n<ul>\n<li>\n<h3><a href=\"https:\/\/www.centre-valdeloire.fr\/\" target=\"_blank\" rel=\"noopener noreferrer\">Conseil R\u00e9gional du Centre-Val de Loire<\/a><\/h3>\n<p><a href=\"https:\/\/www.centre-valdeloire.fr\/\" target=\"_blank\" rel=\"noopener noreferrer\"><img decoding=\"async\" class=\"alignleft size-full wp-image-1034 logo\" src=\"http:\/\/www.lapetiteloiterie.fr\/lpl\/wp-content\/uploads\/Bloc-marque-vertical-quadri-Region-Centre-Val-de-Loire-2015.svg\" srcset=\"http:\/\/www.lapetiteloiterie.fr\/lpl\/wp-content\/uploads\/Bloc-marque-vertical-quadri-Region-Centre-Val-de-Loire-2015.svg w\" alt=\"Logo de la R\u00e9gion Centre Val-de-Loire-2015\" data-sizes=\"(max-width: 1px) 100vw, 1px\"\/><\/a>C&rsquo;est un partenaire privil\u00e9gi\u00e9. La R\u00e9gion centre a une politique volontariste de sauvegarde, de mise en valeur et d&rsquo;aide \u00e0 la cr\u00e9ation de parcs et de jardins. D\u00e8s 1995, dans le cadre du Contrat R\u00e9gional d\u2019Initiative Locale (CRIL) du Castelrenaudais et des Trois Vall\u00e9es, le Conseil R\u00e9gional a subventionn\u00e9 l&rsquo;arboretum&nbsp;; puis, par le biais du Contrat de Pays, a aid\u00e9 aux investissements li\u00e9s \u00e0 l&rsquo;accueil, et la d\u00e9l\u00e9gation \u00e0 la Culture participe aux investissements li\u00e9s aux plantations. Enfin, la subvention Cap&rsquo;Asso aide au financement du poste d&rsquo;animateur.<\/li>\n<li>\n<h3><a href=\"https:\/\/www.touraine.fr\/\" target=\"_blank\" rel=\"noopener noreferrer\">Conseil G\u00e9n\u00e9ral d&rsquo;Indre-et-Loire<\/a><\/h3>\n<p><a href=\"https:\/\/www.touraine.fr\/\" target=\"_blank\" rel=\"noopener noreferrer\"><img loading=\"lazy\" decoding=\"async\" class=\"alignleft size-thumbnail wp-image-1039 logo\" src=\"http:\/\/www.lapetiteloiterie.fr\/lpl\/wp-content\/uploads\/logoQuadri-160x120.jpg\" srcset=\"http:\/\/www.lapetiteloiterie.fr\/lpl\/wp-content\/uploads\/logoQuadri-160x120.jpg 160w\" alt=\"Logo du Conseil G\u00e9n\u00e9ral d'Indre-et-Loire\" data-sizes=\"(max-width: 160px) 100vw, 160px\" width=\"160\" height=\"120\"\/><\/a>Le Conseil G\u00e9n\u00e9ral a subventionn\u00e9 les plantations des premi\u00e8res ann\u00e9es, dans le cadre de l\u2019op\u00e9ration l\u2019Arbre dans le Paysage Rural, et a particip\u00e9 activement \u00e0 l\u2019organisation d&rsquo;une journ\u00e9e de \u00ab\u00a0pr\u00e9-inauguration\u00a0\u00bb en juillet 1998 (l\u2019ann\u00e9e 1998 a \u00e9t\u00e9, au sein du Conseil G\u00e9n\u00e9ral, l\u2019Ann\u00e9e du Castelrenaudais et du canton de Vouvray. L&rsquo;arboretum a \u00e9t\u00e9 choisi, dans le cadre des projets li\u00e9s \u00e0 l\u2019environnement, pour \u00eatre pr\u00e9sent\u00e9 lors des diff\u00e9rentes actions men\u00e9es au titre de cette ann\u00e9e du Castelrenaudais).<br \/>\nIl a \u00e9galement aid\u00e9 au drainage du terrain en 2001, du fait du statut agricole de l&rsquo;arboretum.<\/li>\n<li>\n<h3><a title=\"Site du CAUE 77\" href=\"https:\/\/www.caue77.fr\/\" target=\"_blank\" rel=\"noopener noreferrer\">Conseil Architecture Urbanisme Environnement de Seine-et-Marne (CAUE&nbsp;77)<\/a><\/h3>\n<p><a href=\"https:\/\/www.caue77.fr\/\" target=\"_blank\" rel=\"noopener noreferrer\"><img loading=\"lazy\" decoding=\"async\" class=\"alignleft size-full wp-image-1427 logo\" src=\"http:\/\/www.lapetiteloiterie.fr\/lpl\/wp-content\/uploads\/logo-caue77-376x282.jpg\" srcset=\"http:\/\/www.lapetiteloiterie.fr\/lpl\/wp-content\/uploads\/logo-caue77-376x282-160x120.jpg 160w, http:\/\/www.lapetiteloiterie.fr\/lpl\/wp-content\/uploads\/logo-caue77-376x282-320x240.jpg 320w, http:\/\/www.lapetiteloiterie.fr\/lpl\/wp-content\/uploads\/logo-caue77-376x282.jpg 376w\" alt=\"logo-caue77-376x282\" data-sizes=\"(max-width: 376px) 100vw, 376px\" width=\"376\" height=\"282\"\/><\/a>Le CAUE&nbsp;77 est un partenaire privil\u00e9gi\u00e9 de longue date, dont le paysagiste, Augustin Bonnardot, r\u00e9alise une travail de grande valeur sur les arbres. Ont \u00e9t\u00e9 en particulier r\u00e9alis\u00e9es en partenariat avec le CAUE&nbsp;77&nbsp;:<\/p>\n<ul>\n<li>des <a title=\"Vid\u00e9os r\u00e9alis\u00e9es par le CAUE 77\" href=\"http:\/\/www.lapetiteloiterie.fr\/lpl\/publications_collaborations\/videos_caue77\/\" target=\"_blank\" rel=\"noopener noreferrer\">vid\u00e9os<\/a> p\u00e9dagogiques sur la taille et la gestion des arbres, dans le cadre de leur s\u00e9rie Arboclips,<\/li>\n<li>des fiches sur les arbres de petit d\u00e9veloppement<\/li>\n<\/ul>\n<\/li>\n<li>\n<h3><a title=\"Site du CAUE 37\" href=\"http:\/\/www.caue37.fr\" target=\"_blank\" rel=\"noopener noreferrer\">Conseil Architecture Urbanisme Environnement d&rsquo;Indre-et-Loire (CAUE&nbsp;37)<\/a><\/h3>\n<p><a href=\"http:\/\/www.caue37.fr\" target=\"_blank\" rel=\"noopener noreferrer\"><img loading=\"lazy\" decoding=\"async\" class=\"alignleft size-full wp-image-1423 logo\" src=\"http:\/\/www.lapetiteloiterie.fr\/lpl\/wp-content\/uploads\/logo_caue.png\" srcset=\"http:\/\/www.lapetiteloiterie.fr\/lpl\/wp-content\/uploads\/logo_caue.png 300w\" alt=\"logo_caue\" data-sizes=\"(max-width: 300px) 100vw, 300px\" width=\"300\" height=\"104\"\/><\/a>Pour l&rsquo;op\u00e9ration nationale <a title=\"Site de Rendez-vous aux jardins\" href=\"https:\/\/rendezvousauxjardins.culture.gouv.fr\/\" target=\"_blank\" rel=\"noopener noreferrer\">Rendez-vous aux jardins<\/a> en 2015, le CAUE&nbsp;37 nous a apport\u00e9 son coucours, tant pour les visites que pour la logistique de communication.<\/li>\n<li>\n<h3><a href=\"http:\/\/www.paysloiretouraine.fr\" target=\"_blank\" rel=\"noopener noreferrer\">Pays Loire-Touraine<\/a><\/h3>\n<p><a href=\"http:\/\/www.paysloiretouraine.fr\" target=\"_blank\" rel=\"noopener noreferrer\"><img loading=\"lazy\" decoding=\"async\" class=\"alignleft size-medium wp-image-1065 logo\" src=\"http:\/\/www.lapetiteloiterie.fr\/lpl\/wp-content\/uploads\/logopltouraine2000-320x186.jpg\" srcset=\"http:\/\/www.lapetiteloiterie.fr\/lpl\/wp-content\/uploads\/logopltouraine2000-320x186.jpg 320w, http:\/\/www.lapetiteloiterie.fr\/lpl\/wp-content\/uploads\/logopltouraine2000-624x363.jpg 624w, http:\/\/www.lapetiteloiterie.fr\/lpl\/wp-content\/uploads\/logopltouraine2000.jpg 800w\" alt=\"\" data-sizes=\"(max-width: 320px) 100vw, 320px\" width=\"320\" height=\"186\"\/><\/a>Depuis plusieurs ann\u00e9es, nous organisons ensemble une journ\u00e9e de formation&nbsp;: <a href=\"http:\/\/www.lapetiteloiterie.fr\/lpl\/art\/reussir-amenagement-paysager\/\">R\u00e9ussir son am\u00e9nagement paysager autour de la maison<\/a>, ouverte \u00e0 tous les publics.<br \/>\nLe Pays a pour r\u00f4le de coordonner diverses missions transversales confi\u00e9es par les collectivit\u00e9s, dans les domaines de l\u2019am\u00e9nagement du territoire, de l\u2019environnement, de l\u2019\u00e9conomie et du patrimoine.<br \/>\nCes missions sont conduites en \u00e9troite collaboration avec les techniciens et \u00e9lus des partenaires financiers ainsi qu\u2019avec les divers organismes professionnels et associatifs.<\/li>\n<li>\n<h3>Direction D\u00e9partementale de l&rsquo;Agriculture et de la For\u00eat (DDAF)<\/h3>\n<p><em>Aujourd&rsquo;hui incluse dans la <a title=\"Page de la DDT 37\" href=\"https:\/\/www.prefectures-regions.gouv.fr\/centre-val-de-loire\/Region-et-institutions\/Organisation-administrative-de-la-region\/Les-services-regionaux\/La-DRAAF-Direction-regionale-de-l-alimentation-de-l-agriculture-et-de-la-foret-Centre-Val-de-Loire\" target=\"_blank\" rel=\"noopener noreferrer\">Direction r\u00e9gionale de l&rsquo;alimentation, de l&rsquo;agriculture et de la for\u00eat (DRAAF)<\/a>.<\/em><\/p>\n<p>Le Minist\u00e8re de l&rsquo;Agriculture, par l&rsquo;interm\u00e9diaire de sa Direction D\u00e9partementale, dans le cadre de diverses subventions agricoles, dont un Contrat Territorial d&rsquo;Exploitation (li\u00e9 \u00e0 la diversification agricole et \u00e0 la protection de l&rsquo;environnement) a particip\u00e9 au financement&nbsp;:<\/p>\n<ul>\n<li>de l&rsquo;am\u00e9nagement des abords de b\u00e2timents,<\/li>\n<li>de l&rsquo;am\u00e9nagement de la premi\u00e8re pi\u00e8ce d&rsquo;accueil,<\/li>\n<li>du drainage du terrain.<\/li>\n<\/ul>\n<\/li>\n<li>\n<h3>Direction R\u00e9gionale de l&rsquo;Environnement (DIREN)<\/h3>\n<p><em>Aujourd&rsquo;hui incluse dans la <a title=\"Site de la DREAL Centre-Val de Loire\" href=\"https:\/\/www.centre-val-de-loire.developpement-durable.gouv.fr\/?lang=fr\" target=\"_blank\" rel=\"noopener noreferrer\">DREAL Centre-Val de Loire<\/a>.<\/em><\/p>\n<p>Afin d&rsquo;aider \u00e0 la mise en place de l&rsquo;arboretum, la DIREN a accord\u00e9 une subvention \u00e0 l&rsquo;association <a href=\"http:\/\/www.lapetiteloiterie.fr\/lpl\/acteurs\/papou\/\">PAPOU<\/a>, en 1998.<\/li>\n<\/ul>\n<h2 id=\"associatifs\">Les partenaires associatifs<\/h2>\n<ul>\n<li>\n<h3><a href=\"http:\/\/www.sfa-asso.fr\/\" target=\"_blank\" rel=\"noopener noreferrer\">Soci\u00e9t\u00e9 Fran\u00e7aise d\u2019Arboriculture (SFA)<\/a><\/h3>\n<p><a href=\"http:\/\/www.sfa-asso.fr\/\" target=\"_blank\" rel=\"noopener noreferrer\"><img loading=\"lazy\" decoding=\"async\" class=\"alignleft size-full wp-image-1043 logo\" src=\"http:\/\/www.lapetiteloiterie.fr\/lpl\/wp-content\/uploads\/logo_sfa2.jpg\" srcset=\"http:\/\/www.lapetiteloiterie.fr\/lpl\/wp-content\/uploads\/logo_sfa2.jpg 245w\" alt=\"Logo de la SFA\" data-sizes=\"(max-width: 245px) 100vw, 245px\" width=\"245\" height=\"117\"\/><\/a>La Soci\u00e9t\u00e9 Fran\u00e7aise d\u2019Arboriculture, est, par essence, l&rsquo;un des partenaires les plus constants de l&rsquo;arboretum&nbsp;:<\/p>\n<ul>\n<li>elle a attribu\u00e9 \u00e0 l&rsquo;arboretum le Prix Francis de Jonghe, lors de sa premi\u00e8re \u00e9dition le 15 mai 2000. Ce prix a pour vocation de r\u00e9compenser des projets identifi\u00e9s pour leur contribution aux progr\u00e8s de l&rsquo;arboriculture d&rsquo;ornement.<br \/>\nL&rsquo;attribution de ce prix \u00e0 l\u2019arboretum de La Petite Loiterie a \u00e9t\u00e9 re\u00e7ue par les propri\u00e9taires et acteurs principaux comme une reconnaissance pour le projet et sa mise en \u0153uvre, mais aussi et surtout comme un encouragement \u00e0 continuer dans cette voie,<\/li>\n<li>elle a organis\u00e9, \u00e0 plusieurs reprises, des visites et des formations \u00e0 l&rsquo;arboretum,<\/li>\n<li>elle est \u00e9ditrice de l&rsquo;ouvrage que Jac Boutaud a consacr\u00e9 \u00e0 la <a title=\"Livres\" href=\"http:\/\/www.lapetiteloiterie.fr\/lpl\/publications_collaborations\/livres\/\">taille de formation des arbres d&rsquo;ornements<\/a>.<\/li>\n<\/ul>\n<\/li>\n<li>\n<h3><a href=\"http:\/\/www.sepant.fr\/\" target=\"_blank\" rel=\"noopener noreferrer\">Soci\u00e9t\u00e9 d&rsquo;Etude, de Protection et d&rsquo;Am\u00e9nagement de la Nature en Touraine (SEPANT)<\/a><\/h3>\n<p><a href=\"http:\/\/www.sepant.fr\/\" target=\"_blank\" rel=\"noopener noreferrer\"><img loading=\"lazy\" decoding=\"async\" class=\"alignleft size-full wp-image-1047 logo\" src=\"http:\/\/www.lapetiteloiterie.fr\/lpl\/wp-content\/uploads\/sepant.jpg\" srcset=\"http:\/\/www.lapetiteloiterie.fr\/lpl\/wp-content\/uploads\/sepant-200x240.jpg 200w, http:\/\/www.lapetiteloiterie.fr\/lpl\/wp-content\/uploads\/sepant.jpg 205w\" alt=\"sepant\" data-sizes=\"(max-width: 205px) 100vw, 205px\" width=\"205\" height=\"246\"\/><\/a>La SEPANT est une association d\u00e9partementale qui agit pour la connaissance et la sauvegarde de l&rsquo;environnement. Elle f\u00e9d\u00e8re aussi des associations plus locales de protection de l&rsquo;environnement d&rsquo;Indre et Loire.<\/p>\n<p>Un appui technique et scientifique a \u00e9t\u00e9 apport\u00e9 depuis de nombreuses ann\u00e9es \u00e0 l&rsquo;arboretum par des b\u00e9n\u00e9voles de la SEPANT (p\u00e9dologie, botanique&#8230;).<\/p>\n<p>D&rsquo;autres partenariats sont \u00e0 l&rsquo;\u00e9tude, pour des suivis floristiques en particulier.<\/li>\n<li>\n<h3><a href=\"http:\/\/www.jardins-de-france.com\/index.php\" target=\"_blank\" rel=\"noopener noreferrer\">Parcs et Jardins en R\u00e9gion Centre (APJRC)<\/a><\/h3>\n<p><a href=\"http:\/\/www.jardins-de-france.com\/index.php\" target=\"_blank\" rel=\"noopener noreferrer\"><img loading=\"lazy\" decoding=\"async\" class=\"alignleft size-full wp-image-1049 logo\" src=\"http:\/\/www.lapetiteloiterie.fr\/lpl\/wp-content\/uploads\/apjrc.jpg\" srcset=\"http:\/\/www.lapetiteloiterie.fr\/lpl\/wp-content\/uploads\/apjrc.jpg 180w\" alt=\"apjrc\" data-sizes=\"(max-width: 180px) 100vw, 180px\" width=\"180\" height=\"119\"\/><\/a>Cette association, li\u00e9e \u00e0 l\u2019<a href=\"#APBF\">APBF<\/a>, a pour objectifs la protection, l\u2019am\u00e9lioration, la mise en valeur et la promotion des parcs et jardins historiques, botaniques et paysagers en r\u00e9gion Centre. Elle a toujours soutenu l&rsquo;arboretum, d\u00e8s sa cr\u00e9ation.<\/li>\n<li id=\"arbusti\">\n<h3><a href=\"http:\/\/www.arbusticulteurs.com\" target=\"_blank\" rel=\"noopener noreferrer\">Les Arbusticulteurs<\/a><\/h3>\n<p><a href=\"http:\/\/www.arbusticulteurs.com\" target=\"_blank\" rel=\"noopener noreferrer\"><img loading=\"lazy\" decoding=\"async\" class=\"alignleft size-full wp-image-2514 logo\" src=\"http:\/\/www.lapetiteloiterie.fr\/lpl\/wp-content\/uploads\/arbusticulteurs.jpg\" srcset=\"http:\/\/www.lapetiteloiterie.fr\/lpl\/wp-content\/uploads\/arbusticulteurs-320x120.jpg 320w, http:\/\/www.lapetiteloiterie.fr\/lpl\/wp-content\/uploads\/arbusticulteurs.jpg 205w\" alt=\"\" data-sizes=\"(max-width: 205px) 100vw, 205px\" width=\"205\" height=\"246\"\/><\/a>Le r\u00e9seau des Arbusticuleurs a \u00e9t\u00e9 mis en place courant 1999 (cf. <a href=\"https:\/\/www.lapetiteloiterie.fr\/lpl\/suivis_etudes\/exp_arbustes\/\">Exp\u00e9rimentation sur la taille des arbustes<\/a>.<br \/>\nCe r\u00e9seau a \u00e9t\u00e9 le noyau de l\u2019association Les Arbusticulteurs, cr\u00e9\u00e9e en 2007, qui s&rsquo;est donn\u00e9 pour objectif de \u00ab&nbsp;promouvoir l\u2019utilisation et la gestion des arbustes dans les meilleures conditions paysag\u00e8res, techniques, \u00e9conomiques et environnementales&nbsp;\u00bb.<br \/>\nJac Boutaud a pr\u00e9sid\u00e9 l&rsquo;association de sa cr\u00e9ation \u00e0 2011, et l&rsquo;arboretum est l&rsquo;un des lieux de r\u00e9f\u00e9rence pour les exp\u00e9rimentations.<\/li>\n<li>\n<h3><a href=\"http:\/\/www.fne-centrevaldeloire.org\/\" target=\"_blank\" rel=\"noopener noreferrer\">France Nature Environnement Centre-Val de Loire<\/a><\/h3>\n<p><a href=\"http:\/\/www.fne-centrevaldeloire.org\/\" target=\"_blank\" rel=\"noopener noreferrer\"><img loading=\"lazy\" decoding=\"async\" class=\"alignleft size-full wp-image-1051 logo\" src=\"http:\/\/www.lapetiteloiterie.fr\/lpl\/wp-content\/uploads\/naturecentre.jpg\" srcset=\"http:\/\/www.lapetiteloiterie.fr\/lpl\/wp-content\/uploads\/naturecentre.jpg 265w\" alt=\"naturecentre\" data-sizes=\"(max-width: 265px) 100vw, 265px\" width=\"265\" height=\"190\"\/><\/a>France Nature Environnement Centre-Val de Loire (anciennement Nature Centre) est une association qui f\u00e9d\u00e8re au niveau de la R\u00e9gion Centre les associations d\u00e9partementales de connaissance et de protection de l&rsquo;environnement.<\/p>\n<p>Elle assure entre autres le lien entre ces associations et les institutionnels.<\/li>\n<li>\n<h3><a href=\"http:\/\/jbf-pf.org\/\" target=\"_blank\" rel=\"noopener noreferrer\">Jardins Botaniques de France (JBF)<\/a><\/h3>\n<p><a href=\"http:\/\/jbf-pf.org\/\" target=\"_blank\" rel=\"noopener noreferrer\"><img loading=\"lazy\" decoding=\"async\" class=\"alignleft size-full wp-image-1053 logo\" src=\"http:\/\/www.lapetiteloiterie.fr\/lpl\/wp-content\/uploads\/logo-jbf.jpg\" srcset=\"http:\/\/www.lapetiteloiterie.fr\/lpl\/wp-content\/uploads\/logo-jbf.jpg 203w\" alt=\"logo jbf\" data-sizes=\"(max-width: 203px) 100vw, 203px\" width=\"203\" height=\"205\"\/><\/a>L\u2019association des Jardins Botaniques de France regroupe des jardins botaniques et arboretums priv\u00e9s et surtout publics. Cette association apporte un appui scientifique de tout premier plan \u00e0 l&rsquo;arboretum (en particulier sur le plan botanique syst\u00e9matique et fondamentale). D\u2019autre part, ce r\u00e9seau nous permet d\u2019obtenir, si besoin, des plants aux origines botaniques certaines. Par exemple, des essences int\u00e9ressantes nous ont d\u00e9j\u00e0 \u00e9t\u00e9 envoy\u00e9es depuis la Suisse (Jardin Botanique de Gen\u00e8ve).<\/li>\n<li>\n<h3><a href=\"https:\/\/www.associationdesparcsbotaniquesdefrance.fr\/\" target=\"_blank\" rel=\"noopener noreferrer\">Association des Parcs Botaniques de France (APBF)<\/a><\/h3>\n<p><a href=\"https:\/\/www.associationdesparcsbotaniquesdefrance.fr\/\" target=\"_blank\" rel=\"noopener noreferrer\"><img loading=\"lazy\" decoding=\"async\" class=\"alignleft size-full wp-image-1054 logo\" src=\"http:\/\/www.lapetiteloiterie.fr\/lpl\/wp-content\/uploads\/apbf.jpg\" srcset=\"http:\/\/www.lapetiteloiterie.fr\/lpl\/wp-content\/uploads\/apbf.jpg 139w\" alt=\"apbf\" data-sizes=\"(max-width: 139px) 100vw, 139px\" width=\"139\" height=\"84\"\/><\/a>L\u2019Association des Parcs Botaniques de France regroupe tant des propri\u00e9taires de parcs et jardins priv\u00e9s que des responsables de parcs et jardins publics. Elle a organis\u00e9 plusieurs visites de l&rsquo;arboretum, dont une pour un groupe de botanistes \u00e9trangers.<\/li>\n<li>\n<h3><a href=\"http:\/\/www.fondationdefrance.org\" target=\"_blank\" rel=\"noopener noreferrer\">Fondation de France<\/a><\/h3>\n<p><a href=\"http:\/\/www.fondationdefrance.org\" target=\"_blank\" rel=\"noopener noreferrer\"><img loading=\"lazy\" decoding=\"async\" class=\"alignleft size-full wp-image-1055 logo\" src=\"http:\/\/www.lapetiteloiterie.fr\/lpl\/wp-content\/uploads\/Logo-projet-soutenu-couleur.jpg\" srcset=\"http:\/\/www.lapetiteloiterie.fr\/lpl\/wp-content\/uploads\/Logo-projet-soutenu-couleur.jpg 180w\" alt=\"Logo-projet-soutenu-couleur\" data-sizes=\"(max-width: 180px) 100vw, 180px\" width=\"180\" height=\"230\"\/><\/a>La Fondation de France a attribu\u00e9 en 1998 une subvention \u00e0 l\u2019association <a href=\"http:\/\/www.lapetiteloiterie.fr\/lpl\/acteurs\/papou\/\">Pour que l&rsquo;Arboretum POUsse<\/a>, dans le cadre de sa campagne \u00ab\u00a0De nouvelles natures \u00e0 cultiver ensemble\u00a0\u00bb. Cette attribution a \u00e9t\u00e9 une marque importante de reconnaissance pour le tout jeune arboretum.<\/li>\n<li>\n<h3><a href=\"http:\/\/www.cen-centrevaldeloire.org\/\" target=\"_blank\" rel=\"noopener noreferrer\">Conservatoire d&rsquo;espaces naturels Centre &#8211; Val de Loire<\/a><\/h3>\n<p><a href=\"http:\/\/www.cen-centrevaldeloire.org\/\" target=\"_blank\" rel=\"noopener noreferrer\"><img decoding=\"async\" class=\"alignleft wp-image-2019\" src=\"http:\/\/www.lapetiteloiterie.fr\/lpl\/wp-content\/uploads\/cen_centre_logo_2015_rvb.jpg\" alt=\"Logo du Conservatoire r\u00e9gional d'espaces naturels du Centre-Val de Loire\" width=\"69\" srcset=\"https:\/\/www.lapetiteloiterie.fr\/lpl\/wp-content\/uploads\/cen_centre_logo_2015_rvb.jpg 443w, https:\/\/www.lapetiteloiterie.fr\/lpl\/wp-content\/uploads\/cen_centre_logo_2015_rvb-320x124.jpg 320w\" sizes=\"(max-width: 443px) 100vw, 443px\" \/><\/a>Le conservatoire d&rsquo;espaces naturels Centre &#8211; Val de Loire relaie nos animations natures dans le cadre de l&rsquo;op\u00e9ration nationale <a href=\"https:\/\/reseau-cen.org\/rendez-vous-nature\/frequence-grenouille\/\" target=\"_blank\" rel=\"noopener noreferrer\">Fr\u00e9quence Grenouille<\/a>.<\/li>\n<li>\n<h3><a href=\"http:\/\/shot37.fr\/\" target=\"_blank\" rel=\"noopener noreferrer\">Soci\u00e9t\u00e9 d&rsquo;Horticulture de Touraine (SHOT)<\/a><\/h3>\n<p><a href=\"http:\/\/shot37.fr\/\" target=\"_blank\" rel=\"noopener noreferrer\"><img decoding=\"async\" class=\"alignleft wp-image-2019\" src=\"http:\/\/www.lapetiteloiterie.fr\/lpl\/wp-content\/uploads\/logo-Shot.jpg\" alt=\"Logo de la SHOT\" width=\"69\"\/><\/a>La Soci\u00e9t\u00e9 d&rsquo;Horticulture de Touraine organise r\u00e9guli\u00e8rement des visites pour ses membres depuis l&rsquo;ouverture de l&rsquo;arboretum au public.<\/li>\n<\/ul>\n<h2 id=\"professionnels\">Les professionnels<\/h2>\n<ul>\n<li>\n<h3><a href=\"http:\/\/www.cleome.fr\" target=\"_blank\" rel=\"noopener noreferrer\">cl\u00e9Ome<\/a><\/h3>\n<p><a href=\"http:\/\/www.cleome.fr\" target=\"_blank\" rel=\"noopener noreferrer\"><img loading=\"lazy\" decoding=\"async\" class=\"alignleft size-full wp-image-1058 logo\" src=\"http:\/\/www.lapetiteloiterie.fr\/lpl\/wp-content\/uploads\/cleome.jpg\" srcset=\"http:\/\/www.lapetiteloiterie.fr\/lpl\/wp-content\/uploads\/cleome-127x240.jpg 127w, http:\/\/www.lapetiteloiterie.fr\/lpl\/wp-content\/uploads\/cleome.jpg 150w\" alt=\"cleome\" data-sizes=\"(max-width: 150px) 100vw, 150px\" width=\"150\" height=\"283\"\/><\/a>Ce centre de formation et d\u2019\u00e9change sur le paysage et les jardins est depuis de nombreuses ann\u00e9es notre partenaire privil\u00e9gi\u00e9 pour la plupart des formations que nous organisons autour de l&rsquo;arboretum. Il s&rsquo;occupe de la logistique, des inscriptions, de la promotion&#8230;<\/li>\n<\/ul>\n","protected":false},"excerpt":{"rendered":"<p>D\u00e8s sa cr\u00e9ation, l&rsquo;arboretum a b\u00e9n\u00e9fici\u00e9 de l&rsquo;appui logistique ou financier de nombreux partenaires, que l&rsquo;on peut regrouper en trois \u00ab\u00a0familles\u00a0\u00bb disctinctes&nbsp;: les institutionnels, les associatifs et les professionnels. Les institutionnels Conseil R\u00e9gional du Centre-Val de Loire C&rsquo;est un partenaire privil\u00e9gi\u00e9. La R\u00e9gion centre a une politique volontariste de sauvegarde, de mise en valeur et [&hellip;]<\/p>\n","protected":false},"author":1,"featured_media":0,"parent":31,"menu_order":5,"comment_status":"closed","ping_status":"closed","template":"","meta":{"footnotes":""},"class_list":["post-188","page","type-page","status-publish","hentry"],"_links":{"self":[{"href":"https:\/\/www.lapetiteloiterie.fr\/lpl\/wp-json\/wp\/v2\/pages\/188","targetHints":{"allow":["GET"]}}],"collection":[{"href":"https:\/\/www.lapetiteloiterie.fr\/lpl\/wp-json\/wp\/v2\/pages"}],"about":[{"href":"https:\/\/www.lapetiteloiterie.fr\/lpl\/wp-json\/wp\/v2\/types\/page"}],"author":[{"embeddable":true,"href":"https:\/\/www.lapetiteloiterie.fr\/lpl\/wp-json\/wp\/v2\/users\/1"}],"replies":[{"embeddable":true,"href":"https:\/\/www.lapetiteloiterie.fr\/lpl\/wp-json\/wp\/v2\/comments?post=188"}],"version-history":[{"count":54,"href":"https:\/\/www.lapetiteloiterie.fr\/lpl\/wp-json\/wp\/v2\/pages\/188\/revisions"}],"predecessor-version":[{"id":3241,"href":"https:\/\/www.lapetiteloiterie.fr\/lpl\/wp-json\/wp\/v2\/pages\/188\/revisions\/3241"}],"up":[{"embeddable":true,"href":"https:\/\/www.lapetiteloiterie.fr\/lpl\/wp-json\/wp\/v2\/pages\/31"}],"wp:attachment":[{"href":"https:\/\/www.lapetiteloiterie.fr\/lpl\/wp-json\/wp\/v2\/media?parent=188"}],"curies":[{"name":"wp","href":"https:\/\/api.w.org\/{rel}","templated":true}]}}