{"id":1882,"date":"2017-01-29T22:14:07","date_gmt":"2017-01-29T21:14:07","guid":{"rendered":"http:\/\/www.lapetiteloiterie.fr\/lpl\/?page_id=1882"},"modified":"2017-01-29T22:49:17","modified_gmt":"2017-01-29T21:49:17","slug":"mentions-legales","status":"publish","type":"page","link":"https:\/\/www.lapetiteloiterie.fr\/lpl\/mentions-legales\/","title":{"rendered":"Mentions l\u00e9gales et cr\u00e9dits"},"content":{"rendered":"<h2>Mentions l\u00e9gales<\/h2>\n<h3>Propri\u00e9t\u00e9 intellectuelle<\/h3>\n<p>Les photos, vid\u00e9os et textes publi\u00e9s sur le pr\u00e9sent site internet ne peuvent en aucun cas \u00eatre copi\u00e9s et utilis\u00e9s librement, sauf indication contraire, et appartiennent \u00e0 leurs auteurs.<\/p>\n<h4>Rappel sur les droits d&rsquo;auteur<\/h4>\n<p>\u00ab\u00a0Le code de la propri\u00e9t\u00e9 intellectuelle n&rsquo;autorisant, aux termes des paragraphes 2\u00b0 et 3\u00b0 de l&rsquo;article L122-5, d&rsquo;une part, que les \u00ab\u00a0copies ou reproductions strictement r\u00e9serv\u00e9es \u00e0 l&rsquo;usage priv\u00e9 du copiste et non destin\u00e9es \u00e0 une utilisation collective\u00a0\u00bb et, d&rsquo;autre part, sous r\u00e9serve du nom de l&rsquo;auteur et de la source, que \u00ab\u00a0les analyses et les courtes citations justifi\u00e9es par le caract\u00e8re critique, pol\u00e9mique, p\u00e9dagogique, scientifique ou d&rsquo;information\u00a0\u00bb, toute repr\u00e9sentation ou reproduction int\u00e9grale ou partielle, faite sans consentement de l&rsquo;auteur ou de ses ayants droit, est illicite (art; L122-4).<br \/>\nTout repr\u00e9sentation ou reproduction, par quelque proc\u00e9d\u00e9 que ce soit, notamment par t\u00e9l\u00e9chargement ou sortie imprimante, constituera donc une contrefa\u00e7on sanctionn\u00e9e par les articles L 335-2 et suivants du code de la propri\u00e9t\u00e9 intellectuelle.\u00a0\u00bb<\/p>\n<h3>Responsable de la publication<\/h3>\n<p>Pour que l&rsquo;Arboretum POUsse<br \/>\nLa Petite Loiterie &#8211; Le Sentier<br \/>\n37110 Monthodon<br \/>\nT\u00e9l : 33 (0)2 47 29 61 64<\/p>\n<h3>R\u00e9alisation du site et h\u00e9bergement :<\/h3>\n<p>Annie Imbaud, sous WordPress.<br \/>\nH\u00e9bergement OVH.<\/p>\n<h2>Cr\u00e9dits photos<\/h2>\n<p>Sauf mention contraire, les photos publi\u00e9es sur ce site sont de Jac Boutaud, Olivier Podevin ou Annie Imbaud.<\/p>\n","protected":false},"excerpt":{"rendered":"<p>Mentions l\u00e9gales Propri\u00e9t\u00e9 intellectuelle Les photos, vid\u00e9os et textes publi\u00e9s sur le pr\u00e9sent site internet ne peuvent en aucun cas \u00eatre copi\u00e9s et utilis\u00e9s librement, sauf indication contraire, et appartiennent \u00e0 leurs auteurs. Rappel sur les droits d&rsquo;auteur \u00ab\u00a0Le code de la propri\u00e9t\u00e9 intellectuelle n&rsquo;autorisant, aux termes des paragraphes 2\u00b0 et 3\u00b0 de l&rsquo;article L122-5, [&hellip;]<\/p>\n","protected":false},"author":1,"featured_media":816,"parent":0,"menu_order":34,"comment_status":"closed","ping_status":"closed","template":"","meta":{"footnotes":""},"class_list":["post-1882","page","type-page","status-publish","has-post-thumbnail","hentry"],"_links":{"self":[{"href":"https:\/\/www.lapetiteloiterie.fr\/lpl\/wp-json\/wp\/v2\/pages\/1882","targetHints":{"allow":["GET"]}}],"collection":[{"href":"https:\/\/www.lapetiteloiterie.fr\/lpl\/wp-json\/wp\/v2\/pages"}],"about":[{"href":"https:\/\/www.lapetiteloiterie.fr\/lpl\/wp-json\/wp\/v2\/types\/page"}],"author":[{"embeddable":true,"href":"https:\/\/www.lapetiteloiterie.fr\/lpl\/wp-json\/wp\/v2\/users\/1"}],"replies":[{"embeddable":true,"href":"https:\/\/www.lapetiteloiterie.fr\/lpl\/wp-json\/wp\/v2\/comments?post=1882"}],"version-history":[{"count":7,"href":"https:\/\/www.lapetiteloiterie.fr\/lpl\/wp-json\/wp\/v2\/pages\/1882\/revisions"}],"predecessor-version":[{"id":1889,"href":"https:\/\/www.lapetiteloiterie.fr\/lpl\/wp-json\/wp\/v2\/pages\/1882\/revisions\/1889"}],"wp:featuredmedia":[{"embeddable":true,"href":"https:\/\/www.lapetiteloiterie.fr\/lpl\/wp-json\/wp\/v2\/media\/816"}],"wp:attachment":[{"href":"https:\/\/www.lapetiteloiterie.fr\/lpl\/wp-json\/wp\/v2\/media?parent=1882"}],"curies":[{"name":"wp","href":"https:\/\/api.w.org\/{rel}","templated":true}]}}