{"id":192,"date":"2015-03-26T09:45:09","date_gmt":"2015-03-26T08:45:09","guid":{"rendered":"http:\/\/www.lapetiteloiterie.fr\/lpl\/animations\/animationsnature\/"},"modified":"2022-04-05T11:07:52","modified_gmt":"2022-04-05T09:07:52","slug":"scolaires","status":"publish","type":"page","link":"https:\/\/www.lapetiteloiterie.fr\/lpl\/activites\/scolaires\/","title":{"rendered":"Pour les scolaires"},"content":{"rendered":"<p>Ces activit\u00e9s sur l&rsquo;environnement sont mises en place \u00e0 la demande des \u00e9coles, coll\u00e8ges, lyc\u00e9es et autres centres de formation.<br \/>\nPour tout renseignement, <a href=\"http:\/\/www.lapetiteloiterie.fr\/lpl\/contacts\/\">contactez-nous<\/a>&nbsp;!<\/p>\n<h2>Pr\u00e9sentation<\/h2>\n<p>Ces animations s&rsquo;appuient sur les diff\u00e9rents milieux pr\u00e9sents \u00e0 l&rsquo;arboretum&nbsp;: prairies, haies, bois, \u00e9tang, mares permanentes et temporaires&#8230; Les activit\u00e9s sont adapt\u00e9es \u00e0 l&rsquo;\u00e2ge des enfants et \u00e0 leur niveau de connaissance, en concertation avec les enseignants. Elles durent de 2h \u00e0 une journ\u00e9e (possibilit\u00e9 de pique-niquer sur place), et sont men\u00e9es par <a title=\"L\u2019animateur permanent\" href=\"http:\/\/www.lapetiteloiterie.fr\/lpl\/acteurs\/animateur\/\">Olivier Podevin<\/a>, naturaliste salari\u00e9 de l&rsquo;arboretum.<\/p>\n<p>Exemple de th\u00e8mes d&rsquo;animation&nbsp;:<\/p>\n<ul>\n<li>la haie champ\u00eatre,<\/li>\n<li>jeux sur le th\u00e8me de l&rsquo;arbre,<\/li>\n<li>les pelotes de r\u00e9jection des oiseaux,<\/li>\n<li>la vie dans la mare&#8230;<\/li>\n<\/ul>\n<p>ou bien, pour des plus grands&nbsp;:<\/p>\n<ul>\n<li>la plantation d&rsquo;arbres et d&rsquo;arbustes,<\/li>\n<li>la reconnaissance des arbres et des arbustes par l&rsquo;\u00e9corce et les feuilles,<\/li>\n<li>rencontre nocturne avec les habitants des mares,<\/li>\n<li>d\u00e9couverte de la diversit\u00e9 des milieux composant l&rsquo;arboretum&#8230;<\/li>\n<\/ul>\n<p>Dans tous les cas, ces th\u00e8mes peuvent \u00eatre adapt\u00e9s en fonction des activit\u00e9s p\u00e9dagogiques men\u00e9es par les enseignants en classe. N&rsquo;h\u00e9sitez pas \u00e0 nous <a title=\"Contacts\" href=\"http:\/\/www.lapetiteloiterie.fr\/lpl\/contacts\/\">contacter<\/a>&nbsp;!<\/p>\n<h2>Un exemple d&rsquo;animation pour les primaires&nbsp;: les diff\u00e9rents milieux de l\u2019arboretum<\/h2>\n<p>La dur\u00e9e de l&rsquo;animation est d\u2019une demi-journ\u00e9e.<br \/>\nLa classe est s\u00e9par\u00e9e en 2 groupes, le premier visite l\u2019arboretum et d\u00e9couvre ses diff\u00e9rents milieux avec l\u2019animateur tandis que le second participe \u00e0 diff\u00e9rents ateliers en autonomie avec les enseignants. En milieu de demi-journ\u00e9e on intervertit les groupes.<\/p>\n<p>Le niveau de l\u2019animation est adapt\u00e9 en fonction de l\u2019\u00e2ge des enfants.<\/p>\n<p>Il est possible de pique-niquer sur place et de rester la journ\u00e9e compl\u00e8te&nbsp;: l&rsquo;animation a alors lieu le matin, et l\u2019apr\u00e8s-midi est consacr\u00e9 \u00e0 un jeu de piste dans le bois de 6,5ha.<\/p>\n<h3>Groupe Visite<\/h3>\n<p>L\u2019animateur pr\u00e9sente les diff\u00e9rents milieux de l\u2019arboretum.<\/p>\n<ul>\n<li>les arbres et arbustes<br \/>\nL\u2019animateur explique comment identifier un arbre ou un arbuste \u00e0 partir d\u2019exemples concrets (le peuplier baumier par l\u2019odeur, le ch\u00eane li\u00e8ge par l\u2019\u00e9corce, le cornouiller par le latex des nervures des feuilles, etc.) ainsi que leur mode de croissance.<\/li>\n<li>la haie<br \/>\nL\u2019animateur pr\u00e9sente les diff\u00e9rents r\u00f4les de la haie au sein de l\u2019arboretum, les essences qui la composent et la faune qu\u2019elle abrite. Des exemples concrets sont observ\u00e9s.<\/li>\n<li>la prairie<br \/>\nLes enfants d\u00e9couvrent la prairie, ses int\u00e9r\u00eat et utilit\u00e9, la composition de sa flore mais aussi la faune qu\u2019elle abrite.<\/li>\n<li>les zones humides<br \/>\nUne petite p\u00eache \u00e0 l\u2019\u00e9puisette est organis\u00e9e dans l&rsquo;une des mares, les animaux p\u00each\u00e9s sont plac\u00e9s dans un r\u00e9cipient et des boites loupes afin de les identifier.<\/li>\n<\/ul>\n<h3>Groupe&nbsp;Ateliers<\/h3>\n<p>Ces ateliers, pr\u00e9par\u00e9s par l\u2019animateur, sont encadr\u00e9s par les enseignants.<\/p>\n<ul>\n<li>\u00e0 qui appartient la branche&nbsp;?<br \/>\nTh\u00e8me&nbsp;: retrouver \u00e0 partir d\u2019une branche l\u2019arbre ou l\u2019arbuste dans la haie<br \/>\nR\u00e8gle du jeu&nbsp;: Former 3 \u00e9quipes, remettre \u00e0 chacune des \u00e9quipes une branche de la m\u00eame esp\u00e8ce. Au top d\u00e9part, chaque groupe doit retrouver l\u2019arbre ou l\u2019arbuste \u00e0 l\u2019aide de la branche. L\u2019\u00e9quipe qui retrouve en premier la bonne esp\u00e8ce marque 1 point.<\/li>\n<li>mise en pot de boutures de saule<br \/>\nLes enfants plantent une bouture de saule dans un pot. Ils pourront observer l\u2019\u00e9volution de leur plantation soit chez eux, soit en classe.<\/li>\n<li>quel est l\u2019\u00e2ge de cet arbre&nbsp;?<br \/>\nLes enfants doivent retrouver l\u2019\u00e2ge d&rsquo;arbres \u00e0 partir de rondelles en s&rsquo;aidant du panneau \u00ab&nbsp;L\u2019\u00e2ge de l\u2019arbre&nbsp;\u00bb.<\/li>\n<li>identification des animaux de la mare<br \/>\nLes enfants sont amen\u00e9s \u00e0 identifier des insectes et autres animaux dans un aquarium \u00e0 l\u2019aide d\u2019une fiche d\u2019identification.<\/li>\n<\/ul>\n<h3>Jeu de piste (facultatif)<\/h3>\n<p>La classe peut prolonger cette d\u00e9couverte des diff\u00e9rents milieux de l\u2019arboretum sur la journ\u00e9e enti\u00e8re&nbsp;: un jeu de piste est alors propos\u00e9 l\u2019apr\u00e8s-midi dans le bois de l\u2019arboretum. Aid\u00e9s par les adultes, les enfants doivent r\u00e9pondre \u00e0 des \u00e9nigmes dispos\u00e9es dans l\u2019ensemble de la for\u00eat.<\/p>\n<p><!--\n\n\n<h2>Animation \u00e0 l'\u00e9cole<\/h2>\n\n\nSi, \u00e0 proximit\u00e9 de votre \u00e9tablissement, se trouvent des arbres, des arbustes, une haie, une mare ou bien une prairie, l\u2019animateur peut vous y retrouver sur demi-journ\u00e9e (rep\u00e9rage des lieux, puis 2h d'animation), pour apprendre aux enfants \u00e0 identifier les esp\u00e8ces qui y vivent.\n\nEn compl\u00e9ment de cette demi-journ\u00e9e d\u00e9couverte, les enfants viennent \u00e0 l\u2019arboretum dans les semaines qui suivent, pour poursuivre l\u2019animation.\n\n--><\/p>\n","protected":false},"excerpt":{"rendered":"<p>Ces activit\u00e9s sur l&rsquo;environnement sont mises en place \u00e0 la demande des \u00e9coles, coll\u00e8ges, lyc\u00e9es et autres centres de formation. Pour tout renseignement, contactez-nous&nbsp;! Pr\u00e9sentation Ces animations s&rsquo;appuient sur les diff\u00e9rents milieux pr\u00e9sents \u00e0 l&rsquo;arboretum&nbsp;: prairies, haies, bois, \u00e9tang, mares permanentes et temporaires&#8230; Les activit\u00e9s sont adapt\u00e9es \u00e0 l&rsquo;\u00e2ge des enfants et \u00e0 leur niveau [&hellip;]<\/p>\n","protected":false},"author":1,"featured_media":690,"parent":29,"menu_order":2,"comment_status":"closed","ping_status":"closed","template":"","meta":{"footnotes":""},"class_list":["post-192","page","type-page","status-publish","has-post-thumbnail","hentry"],"_links":{"self":[{"href":"https:\/\/www.lapetiteloiterie.fr\/lpl\/wp-json\/wp\/v2\/pages\/192","targetHints":{"allow":["GET"]}}],"collection":[{"href":"https:\/\/www.lapetiteloiterie.fr\/lpl\/wp-json\/wp\/v2\/pages"}],"about":[{"href":"https:\/\/www.lapetiteloiterie.fr\/lpl\/wp-json\/wp\/v2\/types\/page"}],"author":[{"embeddable":true,"href":"https:\/\/www.lapetiteloiterie.fr\/lpl\/wp-json\/wp\/v2\/users\/1"}],"replies":[{"embeddable":true,"href":"https:\/\/www.lapetiteloiterie.fr\/lpl\/wp-json\/wp\/v2\/comments?post=192"}],"version-history":[{"count":17,"href":"https:\/\/www.lapetiteloiterie.fr\/lpl\/wp-json\/wp\/v2\/pages\/192\/revisions"}],"predecessor-version":[{"id":2890,"href":"https:\/\/www.lapetiteloiterie.fr\/lpl\/wp-json\/wp\/v2\/pages\/192\/revisions\/2890"}],"up":[{"embeddable":true,"href":"https:\/\/www.lapetiteloiterie.fr\/lpl\/wp-json\/wp\/v2\/pages\/29"}],"wp:featuredmedia":[{"embeddable":true,"href":"https:\/\/www.lapetiteloiterie.fr\/lpl\/wp-json\/wp\/v2\/media\/690"}],"wp:attachment":[{"href":"https:\/\/www.lapetiteloiterie.fr\/lpl\/wp-json\/wp\/v2\/media?parent=192"}],"curies":[{"name":"wp","href":"https:\/\/api.w.org\/{rel}","templated":true}]}}