{"id":200,"date":"2015-03-26T09:45:09","date_gmt":"2015-03-26T08:45:09","guid":{"rendered":"http:\/\/www.lapetiteloiterie.fr\/lpl\/etudes\/exp_arbustes\/"},"modified":"2022-04-07T20:49:07","modified_gmt":"2022-04-07T18:49:07","slug":"exp_arbustes","status":"publish","type":"page","link":"https:\/\/www.lapetiteloiterie.fr\/lpl\/suivis_etudes\/exp_arbustes\/","title":{"rendered":"Exp\u00e9rimentation sur la taille des arbustes"},"content":{"rendered":"<p>Le r\u00e9seau d&rsquo;exp\u00e9rimentations des arbusticuleurs a \u00e9t\u00e9 mis en place courant 1999, \u00e0 l&rsquo;initiative de Jac Boutaud et de Pierre Raimbault de l&rsquo;Institut National d\u2019Horticulture d\u2019Angers, rejoints par Herv\u00e9 Bichon, enseignant au CFPPA de Lomme (59).<\/p>\n<p>En 2007, ce r\u00e9seau a donn\u00e9 lieu \u00e0 la naissance d&rsquo;une association, <a href=\"http:\/\/www.arbusticulteurs.com\" target=\"_blank\" rel=\"noopener noreferrer\">les Arbusticulteurs<\/a>, donc Jac Boutaud a \u00e9t\u00e9 pr\u00e9sident jusqu&rsquo;en 2011.<\/p>\n<p>Pierre Raimbault est d\u00e9c\u00e9d\u00e9 en septembre 2011.<\/p>\n<p>L&rsquo;arboretum de La Petite Loiterie est le si\u00e8ge de l&rsquo;une des exp\u00e9rimentations men\u00e9es depuis 1999.<\/p>\n","protected":false},"excerpt":{"rendered":"<p>Le r\u00e9seau d&rsquo;exp\u00e9rimentations des arbusticuleurs a \u00e9t\u00e9 mis en place courant 1999, \u00e0 l&rsquo;initiative de Jac Boutaud et de Pierre Raimbault de l&rsquo;Institut National d\u2019Horticulture d\u2019Angers, rejoints par Herv\u00e9 Bichon, enseignant au CFPPA de Lomme (59). En 2007, ce r\u00e9seau a donn\u00e9 lieu \u00e0 la naissance d&rsquo;une association, les Arbusticulteurs, donc Jac Boutaud a \u00e9t\u00e9 [&hellip;]<\/p>\n","protected":false},"author":1,"featured_media":746,"parent":33,"menu_order":3,"comment_status":"closed","ping_status":"closed","template":"","meta":{"footnotes":""},"class_list":["post-200","page","type-page","status-publish","has-post-thumbnail","hentry"],"_links":{"self":[{"href":"https:\/\/www.lapetiteloiterie.fr\/lpl\/wp-json\/wp\/v2\/pages\/200","targetHints":{"allow":["GET"]}}],"collection":[{"href":"https:\/\/www.lapetiteloiterie.fr\/lpl\/wp-json\/wp\/v2\/pages"}],"about":[{"href":"https:\/\/www.lapetiteloiterie.fr\/lpl\/wp-json\/wp\/v2\/types\/page"}],"author":[{"embeddable":true,"href":"https:\/\/www.lapetiteloiterie.fr\/lpl\/wp-json\/wp\/v2\/users\/1"}],"replies":[{"embeddable":true,"href":"https:\/\/www.lapetiteloiterie.fr\/lpl\/wp-json\/wp\/v2\/comments?post=200"}],"version-history":[{"count":12,"href":"https:\/\/www.lapetiteloiterie.fr\/lpl\/wp-json\/wp\/v2\/pages\/200\/revisions"}],"predecessor-version":[{"id":2894,"href":"https:\/\/www.lapetiteloiterie.fr\/lpl\/wp-json\/wp\/v2\/pages\/200\/revisions\/2894"}],"up":[{"embeddable":true,"href":"https:\/\/www.lapetiteloiterie.fr\/lpl\/wp-json\/wp\/v2\/pages\/33"}],"wp:featuredmedia":[{"embeddable":true,"href":"https:\/\/www.lapetiteloiterie.fr\/lpl\/wp-json\/wp\/v2\/media\/746"}],"wp:attachment":[{"href":"https:\/\/www.lapetiteloiterie.fr\/lpl\/wp-json\/wp\/v2\/media?parent=200"}],"curies":[{"name":"wp","href":"https:\/\/api.w.org\/{rel}","templated":true}]}}