{"id":202,"date":"2015-03-26T09:45:09","date_gmt":"2015-03-26T08:45:09","guid":{"rendered":"http:\/\/www.lapetiteloiterie.fr\/lpl\/etudes\/observations\/architecture\/"},"modified":"2015-04-18T13:23:45","modified_gmt":"2015-04-18T11:23:45","slug":"architecture","status":"publish","type":"page","link":"https:\/\/www.lapetiteloiterie.fr\/lpl\/suivis_etudes\/observations\/architecture\/","title":{"rendered":"Architecture des arbres et arbustes"},"content":{"rendered":"<p>L&rsquo;\u00e9tude de l&rsquo;architecture des plantes est une discipline assez r\u00e9cente. Elle doit beaucoup aux travaux de Oldeman et Hall\u00e9, publi\u00e9s dans les ann\u00e9es 1970, qui ont d\u00e9velopp\u00e9 les notions de mod\u00e8les architecturaux, puis de r\u00e9it\u00e9ration. (voir \u00e0 ce sujet le tr\u00e8s riche site du <a href=\"http:\/\/www.cirad.fr\">CIRAD<\/a>).<\/p>\n<p>Les connaissances actuelles sont d\u00e9j\u00e0 tr\u00e8s approfondies, mais encore insuffisantes pour expliquer la morphologie de tous les arbres et des arbustes.<\/p>\n<p>En effet, tr\u00e8s peu d&rsquo;essences de climat temp\u00e9r\u00e9 ont \u00e9t\u00e9 \u00e9tudi\u00e9es finement, et il s&rsquo;agit essentiellement de v\u00e9g\u00e9taux forestiers. Beaucoup d&rsquo;observations restent donc \u00e0 faire sur les ligneux d&rsquo;ornement.<\/p>\n<p>La tr\u00e8s grande diversit\u00e9 de essences pr\u00e9sentes sur l&rsquo;arboretum permet d&rsquo;observer en un seul lieu les nombreuses strat\u00e9gies de croissance utilis\u00e9es par les plantes.<\/p>\n<p>Si l&rsquo;analyse architecturale compl\u00e8te doit \u00eatre men\u00e9e par des scientifiques sp\u00e9cialis\u00e9s, peu nombreux actuellement, il est possible d&rsquo;effectuer des observations assez simples sur quelques aspects comme le mode de construction du tronc chez les jeunes arbres, ou sur le mode de ramification des arbustes.<\/p>\n<p>Ce travail est en cours, et va se d\u00e9velopper dans les ann\u00e9es qui viennent.<br \/>\nIl est tr\u00e8s li\u00e9 aux travaux sur les tailles de formation et d&rsquo;entretien, dont il conditionne la nature des interventions (voir \u00e0 ce sujet \u00ab\u00a0<a href=\"http:\/\/www.lapetiteloiterie.fr\/lpl\/publications_collaborations\/livres\/\">La taille de formation des arbres d&rsquo;ornement<\/a>\u00ab\u00a0).<\/p>\n","protected":false},"excerpt":{"rendered":"<p>L&rsquo;\u00e9tude de l&rsquo;architecture des plantes est une discipline assez r\u00e9cente. Elle doit beaucoup aux travaux de Oldeman et Hall\u00e9, publi\u00e9s dans les ann\u00e9es 1970, qui ont d\u00e9velopp\u00e9 les notions de mod\u00e8les architecturaux, puis de r\u00e9it\u00e9ration. (voir \u00e0 ce sujet le tr\u00e8s riche site du CIRAD). Les connaissances actuelles sont d\u00e9j\u00e0 tr\u00e8s approfondies, mais encore insuffisantes [&hellip;]<\/p>\n","protected":false},"author":1,"featured_media":728,"parent":89,"menu_order":1,"comment_status":"closed","ping_status":"closed","template":"","meta":{"footnotes":""},"class_list":["post-202","page","type-page","status-publish","has-post-thumbnail","hentry"],"_links":{"self":[{"href":"https:\/\/www.lapetiteloiterie.fr\/lpl\/wp-json\/wp\/v2\/pages\/202","targetHints":{"allow":["GET"]}}],"collection":[{"href":"https:\/\/www.lapetiteloiterie.fr\/lpl\/wp-json\/wp\/v2\/pages"}],"about":[{"href":"https:\/\/www.lapetiteloiterie.fr\/lpl\/wp-json\/wp\/v2\/types\/page"}],"author":[{"embeddable":true,"href":"https:\/\/www.lapetiteloiterie.fr\/lpl\/wp-json\/wp\/v2\/users\/1"}],"replies":[{"embeddable":true,"href":"https:\/\/www.lapetiteloiterie.fr\/lpl\/wp-json\/wp\/v2\/comments?post=202"}],"version-history":[{"count":4,"href":"https:\/\/www.lapetiteloiterie.fr\/lpl\/wp-json\/wp\/v2\/pages\/202\/revisions"}],"predecessor-version":[{"id":1453,"href":"https:\/\/www.lapetiteloiterie.fr\/lpl\/wp-json\/wp\/v2\/pages\/202\/revisions\/1453"}],"up":[{"embeddable":true,"href":"https:\/\/www.lapetiteloiterie.fr\/lpl\/wp-json\/wp\/v2\/pages\/89"}],"wp:featuredmedia":[{"embeddable":true,"href":"https:\/\/www.lapetiteloiterie.fr\/lpl\/wp-json\/wp\/v2\/media\/728"}],"wp:attachment":[{"href":"https:\/\/www.lapetiteloiterie.fr\/lpl\/wp-json\/wp\/v2\/media?parent=202"}],"curies":[{"name":"wp","href":"https:\/\/api.w.org\/{rel}","templated":true}]}}