{"id":203,"date":"2015-03-26T09:45:09","date_gmt":"2015-03-26T08:45:09","guid":{"rendered":"http:\/\/www.lapetiteloiterie.fr\/lpl\/etudes\/observations\/biodiversite\/"},"modified":"2015-04-28T23:51:19","modified_gmt":"2015-04-28T21:51:19","slug":"biodiversite","status":"publish","type":"page","link":"https:\/\/www.lapetiteloiterie.fr\/lpl\/suivis_etudes\/observations\/biodiversite\/","title":{"rendered":"Biodiversit\u00e9"},"content":{"rendered":"<p>La grande vari\u00e9t\u00e9 des milieux constituant l&rsquo;arboretum favorise la pr\u00e9sence d&rsquo;une importante biodiversit\u00e9.<\/p>\n<p>En effet, si apparemment tr\u00e8s peu d&rsquo;esp\u00e8ces rares habitent les lieux (comme le triton alpestre par exemple), beaucoup d&rsquo;esp\u00e8ces v\u00e9g\u00e9tales spontan\u00e9es ont colonis\u00e9 petit \u00e0 petit les prairies, les mares, l&rsquo;\u00e9tang et les haies.<br \/>\nLe fait que plusieurs mares existent \u00e0 proximit\u00e9 de l&rsquo;arboretum permet par exemple la circulation des batraciens et leur installation dans des mares \u00e2g\u00e9es seulement d&rsquo;un an ou deux.<\/p>\n<p>De plus, l&rsquo;entretien extensif et le recours extr\u00eamement faible aux produits chimiques respectent aussi bien les esp\u00e8ces animales que v\u00e9g\u00e9tales.<\/p>\n<p>Des inventaires de cette biodiversit\u00e9 sont en cours. Ils concernent&nbsp;:<\/p>\n<ul>\n<li>les oiseaux, le premier ayant eu lieu en 1995,<\/li>\n<li>les batraciens et autres habitants des milieux humides,<\/li>\n<li>les plantes des prairies.<\/li>\n<\/ul>\n<p>Ainsi, petit \u00e0 petit, la meilleure connaissance des habitants des diff\u00e9rents milieux permet de mettre en place une gestion du site encore plus respectueuse de leurs exigences (p\u00e9riode de fauche, am\u00e9lioration du profil des mares&#8230;).<\/p>\n<p>Et puis, la tr\u00e8s grande diversit\u00e9 des essences ligneuses de l&rsquo;arboretum favorise petit \u00e0 petit l&rsquo;arriv\u00e9e de nouvelles esp\u00e8ces animales qui y trouvent le g\u00eete, le couvert (d&rsquo;ailleurs pas toujours avec notre permission et notre satisfaction&nbsp;: ragondins, li\u00e8vres, chenilles d\u00e9foliatrices&#8230;), l&rsquo;accueil pour leur reproduction.<\/p>\n<p>Il a en particulier \u00e9t\u00e9 montr\u00e9 que les arboretums sont parmi les milieux les plus riches en diversit\u00e9 d&rsquo;esp\u00e8ces d&rsquo;oiseaux.<\/p>\n","protected":false},"excerpt":{"rendered":"<p>La grande vari\u00e9t\u00e9 des milieux constituant l&rsquo;arboretum favorise la pr\u00e9sence d&rsquo;une importante biodiversit\u00e9. En effet, si apparemment tr\u00e8s peu d&rsquo;esp\u00e8ces rares habitent les lieux (comme le triton alpestre par exemple), beaucoup d&rsquo;esp\u00e8ces v\u00e9g\u00e9tales spontan\u00e9es ont colonis\u00e9 petit \u00e0 petit les prairies, les mares, l&rsquo;\u00e9tang et les haies. Le fait que plusieurs mares existent \u00e0 proximit\u00e9 [&hellip;]<\/p>\n","protected":false},"author":1,"featured_media":731,"parent":89,"menu_order":5,"comment_status":"closed","ping_status":"closed","template":"","meta":{"footnotes":""},"class_list":["post-203","page","type-page","status-publish","has-post-thumbnail","hentry"],"_links":{"self":[{"href":"https:\/\/www.lapetiteloiterie.fr\/lpl\/wp-json\/wp\/v2\/pages\/203","targetHints":{"allow":["GET"]}}],"collection":[{"href":"https:\/\/www.lapetiteloiterie.fr\/lpl\/wp-json\/wp\/v2\/pages"}],"about":[{"href":"https:\/\/www.lapetiteloiterie.fr\/lpl\/wp-json\/wp\/v2\/types\/page"}],"author":[{"embeddable":true,"href":"https:\/\/www.lapetiteloiterie.fr\/lpl\/wp-json\/wp\/v2\/users\/1"}],"replies":[{"embeddable":true,"href":"https:\/\/www.lapetiteloiterie.fr\/lpl\/wp-json\/wp\/v2\/comments?post=203"}],"version-history":[{"count":4,"href":"https:\/\/www.lapetiteloiterie.fr\/lpl\/wp-json\/wp\/v2\/pages\/203\/revisions"}],"predecessor-version":[{"id":1602,"href":"https:\/\/www.lapetiteloiterie.fr\/lpl\/wp-json\/wp\/v2\/pages\/203\/revisions\/1602"}],"up":[{"embeddable":true,"href":"https:\/\/www.lapetiteloiterie.fr\/lpl\/wp-json\/wp\/v2\/pages\/89"}],"wp:featuredmedia":[{"embeddable":true,"href":"https:\/\/www.lapetiteloiterie.fr\/lpl\/wp-json\/wp\/v2\/media\/731"}],"wp:attachment":[{"href":"https:\/\/www.lapetiteloiterie.fr\/lpl\/wp-json\/wp\/v2\/media?parent=203"}],"curies":[{"name":"wp","href":"https:\/\/api.w.org\/{rel}","templated":true}]}}