{"id":206,"date":"2015-03-26T09:45:09","date_gmt":"2015-03-26T08:45:09","guid":{"rendered":"http:\/\/www.lapetiteloiterie.fr\/lpl\/etudes\/observations\/suivi_photo\/"},"modified":"2015-04-28T23:46:21","modified_gmt":"2015-04-28T21:46:21","slug":"suivi_photo","status":"publish","type":"page","link":"https:\/\/www.lapetiteloiterie.fr\/lpl\/suivis_etudes\/observations\/suivi_photo\/","title":{"rendered":"Suivi photographique"},"content":{"rendered":"<h2>Le suivi photographique des arbres<\/h2>\n<p>Tous les arbres de l&rsquo;arboretum font l&rsquo;objet d&rsquo;un suivi photographique r\u00e9gulier, g\u00e9n\u00e9ralement associ\u00e9 aux op\u00e9rations de <a href=\"http:\/\/www.lapetiteloiterie.fr\/lpl\/suivis_etudes\/technique\/taille_formation\">taille de formation<\/a>.<\/p>\n<p>Cela permet de conserver la m\u00e9moire du d\u00e9veloppement de chaque sujet, celle des principales tailles subies pour le former (refl\u00e9chage, r\u00e9gulation de vigueur des branches, remont\u00e9e de couronne, rec\u00e9page&#8230;) ou celle d&rsquo;\u00e9ventuels accidents.<\/p>\n<p>Pour mieux suivre l&rsquo;\u00e9volution des arbres, les photographies sont prises toujours sous le m\u00eame angle.<br \/>\nCela permet aussi d&rsquo;avoir indirectement la possibilit\u00e9 de suivre les modifications du paysage situ\u00e9 \u00e0 l&rsquo;arri\u00e8re plan, en compl\u00e9ment de l&rsquo;<a href=\"#observatoire\">observatoire photographique<\/a> du paysage proprement dit. Ainsi, chaque ann\u00e9e, 1500 \u00e0 2000 photographies concernant les arbres sont prises sur l&rsquo;arboretum. Cela constitue une banque de donn\u00e9e tr\u00e8s utile pour illustrer les diverses formations techniques. De nombreuses photographies de l&rsquo;ouvrage \u00ab\u00a0<a href=\"http:\/\/www.lapetiteloiterie.fr\/lpl\/publications_collaborations\/livres\/\">La taille de formation des arbres d&rsquo;ornement<\/a>\u00a0\u00bb sont issues de cette banque de donn\u00e9e.<\/p>\n<p>Techniquement, les photographies sont actuellement sur diapositives, et num\u00e9ris\u00e9es selon les besoins; la question de passer \u00e0 la prise de vue num\u00e9rique est actuellement \u00e0 l&rsquo;\u00e9tude.<br \/>\nQuoi qu&rsquo;il en soit, il est pr\u00e9vu une campagne de num\u00e9risation syst\u00e9matique de toutes les diapositives d\u00e9j\u00e0 prises, et leur stockage sur une base de donn\u00e9es que nous rendrons consultable par ce site m\u00eame.<\/p>\n<h2>L&rsquo;observatoire photographique<\/h2>\n<p>Une r\u00e9flexion est engag\u00e9e sur la mise en place d&rsquo;un observatoire photographique de l&rsquo;arboretum. Cet observatoire \u00e0 l&rsquo;\u00e9chelle du paysage et des milieux sera compl\u00e9mentaire du suivi de chaque arbre de l&rsquo;arboretum.<\/p>\n<p>L&rsquo;objectif est d&rsquo;\u00e9tablir un \u00e9tat initial complet.<br \/>\nNous avons commenc\u00e9 \u00e0 photographier&nbsp;:<\/p>\n<ul>\n<li>l&rsquo;arboretum vu de l&rsquo;ext\u00e9rieur (sous plusieurs angles),<\/li>\n<li>la campagne alentour vue de l&rsquo;arboretum,<\/li>\n<li>les diff\u00e9rentes composantes de l&rsquo;arboretum lui-m\u00eame (zones humides, haies, plantations, prairies).<\/li>\n<\/ul>\n<p>Les stations de prises de vues sont mat\u00e9rialis\u00e9es au sol pour permettre une bonne pr\u00e9cision d&rsquo;une ann\u00e9e sur l&rsquo;autre.<\/p>\n","protected":false},"excerpt":{"rendered":"<p>Le suivi photographique des arbres Tous les arbres de l&rsquo;arboretum font l&rsquo;objet d&rsquo;un suivi photographique r\u00e9gulier, g\u00e9n\u00e9ralement associ\u00e9 aux op\u00e9rations de taille de formation. Cela permet de conserver la m\u00e9moire du d\u00e9veloppement de chaque sujet, celle des principales tailles subies pour le former (refl\u00e9chage, r\u00e9gulation de vigueur des branches, remont\u00e9e de couronne, rec\u00e9page&#8230;) ou celle [&hellip;]<\/p>\n","protected":false},"author":1,"featured_media":729,"parent":89,"menu_order":3,"comment_status":"closed","ping_status":"closed","template":"","meta":{"footnotes":""},"class_list":["post-206","page","type-page","status-publish","has-post-thumbnail","hentry"],"_links":{"self":[{"href":"https:\/\/www.lapetiteloiterie.fr\/lpl\/wp-json\/wp\/v2\/pages\/206","targetHints":{"allow":["GET"]}}],"collection":[{"href":"https:\/\/www.lapetiteloiterie.fr\/lpl\/wp-json\/wp\/v2\/pages"}],"about":[{"href":"https:\/\/www.lapetiteloiterie.fr\/lpl\/wp-json\/wp\/v2\/types\/page"}],"author":[{"embeddable":true,"href":"https:\/\/www.lapetiteloiterie.fr\/lpl\/wp-json\/wp\/v2\/users\/1"}],"replies":[{"embeddable":true,"href":"https:\/\/www.lapetiteloiterie.fr\/lpl\/wp-json\/wp\/v2\/comments?post=206"}],"version-history":[{"count":9,"href":"https:\/\/www.lapetiteloiterie.fr\/lpl\/wp-json\/wp\/v2\/pages\/206\/revisions"}],"predecessor-version":[{"id":1594,"href":"https:\/\/www.lapetiteloiterie.fr\/lpl\/wp-json\/wp\/v2\/pages\/206\/revisions\/1594"}],"up":[{"embeddable":true,"href":"https:\/\/www.lapetiteloiterie.fr\/lpl\/wp-json\/wp\/v2\/pages\/89"}],"wp:featuredmedia":[{"embeddable":true,"href":"https:\/\/www.lapetiteloiterie.fr\/lpl\/wp-json\/wp\/v2\/media\/729"}],"wp:attachment":[{"href":"https:\/\/www.lapetiteloiterie.fr\/lpl\/wp-json\/wp\/v2\/media?parent=206"}],"curies":[{"name":"wp","href":"https:\/\/api.w.org\/{rel}","templated":true}]}}