{"id":207,"date":"2015-03-26T09:45:09","date_gmt":"2015-03-26T08:45:09","guid":{"rendered":"http:\/\/www.lapetiteloiterie.fr\/lpl\/etudes\/observations\/suivi_phyto\/"},"modified":"2015-04-26T11:53:07","modified_gmt":"2015-04-26T09:53:07","slug":"suivi_phyto","status":"publish","type":"page","link":"https:\/\/www.lapetiteloiterie.fr\/lpl\/suivis_etudes\/observations\/suivi_phyto\/","title":{"rendered":"Suivi phytosanitaire"},"content":{"rendered":"<p>Pour l&rsquo;instant, seules des observations ponctuelles sont men\u00e9es sur les v\u00e9g\u00e9taux, \u00e0 l&rsquo;occasion de tailles ou autre op\u00e9ration d&rsquo;entretien de l&rsquo;arboretum.<\/p>\n<p>Les passages r\u00e9guliers qui vont \u00eatre mis en place seront l&rsquo;occasion de noter les attaques de parasites et de ravageurs sur les arbres et arbustes, mettant en \u00e9vidence leurs sensibilit\u00e9s respectives, et les incidences de ces attaques sur leur d\u00e9veloppement ou leur int\u00e9r\u00eat d\u00e9coratif.<\/p>\n<p>Par exemple, les observations ont permis de d\u00e9celer une fragilit\u00e9 \u00e0 l&rsquo;anthracnose plus grande chez le saule tortueux \u00e0 bois rouge (<em>Salix<\/em> &lsquo;Erythroflexuosa&rsquo;) que chez son cousin \u00e0 bois vert (<em>Salix matsudana<\/em> &lsquo;Tortuosa&rsquo;). Cette sensibilit\u00e9 peut \u00e9ventuellement \u00eatre un frein \u00e0 son utilisation, si la pr\u00e9sence de rameaux dess\u00e9ch\u00e9s n&rsquo;est pas acceptable&#8230;<\/p>\n","protected":false},"excerpt":{"rendered":"<p>Pour l&rsquo;instant, seules des observations ponctuelles sont men\u00e9es sur les v\u00e9g\u00e9taux, \u00e0 l&rsquo;occasion de tailles ou autre op\u00e9ration d&rsquo;entretien de l&rsquo;arboretum. Les passages r\u00e9guliers qui vont \u00eatre mis en place seront l&rsquo;occasion de noter les attaques de parasites et de ravageurs sur les arbres et arbustes, mettant en \u00e9vidence leurs sensibilit\u00e9s respectives, et les incidences [&hellip;]<\/p>\n","protected":false},"author":1,"featured_media":730,"parent":89,"menu_order":4,"comment_status":"closed","ping_status":"closed","template":"","meta":{"footnotes":""},"class_list":["post-207","page","type-page","status-publish","has-post-thumbnail","hentry"],"_links":{"self":[{"href":"https:\/\/www.lapetiteloiterie.fr\/lpl\/wp-json\/wp\/v2\/pages\/207","targetHints":{"allow":["GET"]}}],"collection":[{"href":"https:\/\/www.lapetiteloiterie.fr\/lpl\/wp-json\/wp\/v2\/pages"}],"about":[{"href":"https:\/\/www.lapetiteloiterie.fr\/lpl\/wp-json\/wp\/v2\/types\/page"}],"author":[{"embeddable":true,"href":"https:\/\/www.lapetiteloiterie.fr\/lpl\/wp-json\/wp\/v2\/users\/1"}],"replies":[{"embeddable":true,"href":"https:\/\/www.lapetiteloiterie.fr\/lpl\/wp-json\/wp\/v2\/comments?post=207"}],"version-history":[{"count":3,"href":"https:\/\/www.lapetiteloiterie.fr\/lpl\/wp-json\/wp\/v2\/pages\/207\/revisions"}],"predecessor-version":[{"id":1505,"href":"https:\/\/www.lapetiteloiterie.fr\/lpl\/wp-json\/wp\/v2\/pages\/207\/revisions\/1505"}],"up":[{"embeddable":true,"href":"https:\/\/www.lapetiteloiterie.fr\/lpl\/wp-json\/wp\/v2\/pages\/89"}],"wp:featuredmedia":[{"embeddable":true,"href":"https:\/\/www.lapetiteloiterie.fr\/lpl\/wp-json\/wp\/v2\/media\/730"}],"wp:attachment":[{"href":"https:\/\/www.lapetiteloiterie.fr\/lpl\/wp-json\/wp\/v2\/media?parent=207"}],"curies":[{"name":"wp","href":"https:\/\/api.w.org\/{rel}","templated":true}]}}