{"id":210,"date":"2015-03-26T09:45:09","date_gmt":"2015-03-26T08:45:09","guid":{"rendered":"http:\/\/www.lapetiteloiterie.fr\/lpl\/etudes\/techniques\/gestion\/"},"modified":"2015-04-28T23:35:16","modified_gmt":"2015-04-28T21:35:16","slug":"gestion_durable","status":"publish","type":"page","link":"https:\/\/www.lapetiteloiterie.fr\/lpl\/suivis_etudes\/technique\/gestion_durable\/","title":{"rendered":"Gestion durable"},"content":{"rendered":"<p>Les travaux d&rsquo;am\u00e9nagement et d&rsquo;entretien de l&rsquo;arboretum se font dans une d\u00e9marche de gestion durable la plus coh\u00e9rente possible.<\/p>\n<p>Parmi les actions d\u00e9j\u00e0 men\u00e9es, nous pouvons citer&nbsp;:<\/p>\n<ul>\n<li>utilisation de mati\u00e8res organiques non-fossiles,<\/li>\n<li>limitation des pesticides,<\/li>\n<li>tonte de l&rsquo;herbe suffisamment haut pour respecter la petite faune et pr\u00e9server la diversit\u00e9 floristique,<\/li>\n<li>respect des p\u00e9riodes de nidification pour l&rsquo;entretien des haies&#8230;<\/li>\n<\/ul>\n<p>Ces actions s&rsquo;ins\u00e8rent dans un plan plus ambitieux.<\/p>\n<h2>R\u00e9alisation d&rsquo;un bilan \u00e9cologique<\/h2>\n<p>Pour obtenir les meilleurs r\u00e9sultats \u00e0 terme, un bilan \u00e9cologique du site est indispensable, afin de conna\u00eetre ses potentialit\u00e9s, et les points \u00e0 am\u00e9liorer.<br \/>\nLa premi\u00e8re phase de ce bilan passe par des inventaires les plus larges possibles sur les plans faunistique et floristiques. Ces inventaires initiaux sont un pr\u00e9alable incontournable, ils serviront de r\u00e9f\u00e9rence \u00e0 toutes les comparaisons ult\u00e9rieures.<br \/>\nSur le plan faunistique, un suivi des oiseaux est r\u00e9alis\u00e9 depuis 1995, par un ornithologue professionnel, Michel Fouquet.<br \/>\nUn inventaire des batraciens est bien avanc\u00e9.<br \/>\nDes inventaires des essences herbac\u00e9es des zones humides et des prairies ont \u00e9t\u00e9 commenc\u00e9s par des stagiaires pr\u00e9parant un BTS Gestion et Protection de la Nature et par Olivier Podevin, l&rsquo;animateur naturaliste de l&rsquo;arboretum.<\/p>\n<p>L&rsquo;objectif \u00e0 court terme est d&rsquo;\u00e9tendre ce travail d&rsquo;inventaire faunistique (oiseaux, reptiles et amphibiens, petits mammif\u00e8res, insectes) et floristique (plantes herbac\u00e9es) \u00e0 tous les milieux, afin d&rsquo;avoir un \u00e9tat initial complet&nbsp;:<\/p>\n<ul>\n<li>zones plant\u00e9es d&rsquo;arbres et arbustes<\/li>\n<li>pelouses et prairies<\/li>\n<li>milieux humides<\/li>\n<li>haies<\/li>\n<li>bois<\/li>\n<li>b\u00e2timents et leurs abords<\/li>\n<\/ul>\n<p>Sauf \u00e9v\u00e9nement exceptionnel (comme l&rsquo;ouragan du 26\/12\/99), un suivi annuel n&rsquo;est pas n\u00e9cessaire, car il est tr\u00e8s difficile de distinguer les fluctuations inter annuelles normales (r\u00e9sultant des variations m\u00e9t\u00e9orologiques) de celles qui pr\u00e9figurent une \u00e9volution durable des populations. Une p\u00e9riodicit\u00e9 de trois ans nous a sembl\u00e9 bien adapt\u00e9e pour r\u00e9aliser les observations, tant pour la faune que pour la flore.<\/p>\n<p>Des observations ponctuelles compl\u00e9mentaires pourront \u00eatre faites pour rendre compte de l&rsquo;impact d\u00fb \u00e0 des modifications des op\u00e9rations de gestion (qui seront donc consign\u00e9es). Par ailleurs, le fait d&rsquo;avoir sur place une personne comp\u00e9tente permettra de rep\u00e9rer des animaux pr\u00e9sents ponctuellement et risquant donc \u00ab\u00a0d&rsquo;\u00e9chapper\u00a0\u00bb aux inventaires de fond.<\/p>\n<p>Nous serons donc \u00e0 moyen terme en mesure de conna\u00eetre l&rsquo;\u00e9volution de la biodiversit\u00e9 du site, \u00e0 partir des indicateurs qui seront choisis en cours d&rsquo;\u00e9tude, et d&rsquo;orienter la gestion des milieux pour am\u00e9liorer encore cette biodiversit\u00e9.<br \/>\nUn bilan \u00e9cologique de l&rsquo;arboretum ne comprend pas seulement la synth\u00e8se des suivis naturalistes \u00e9voqu\u00e9s pr\u00e9c\u00e9demment.<br \/>\nIl consiste \u00e9galement \u00e0 rechercher des indicateurs \u00e9conomiques, environnementaux ou de gestion durable tels que, par exemple&nbsp;:<\/p>\n<ul>\n<li>le nombre d&rsquo;esp\u00e8ces pr\u00e9sentes sur le site (biodiversit\u00e9 par cat\u00e9gorie syst\u00e9matique),<\/li>\n<li>le nombre d&rsquo;esp\u00e8ces prot\u00e9g\u00e9es,<\/li>\n<li>les pourcentages relatifs des divers habitats,<\/li>\n<li>la consommation d&rsquo;eau pour l&rsquo;arrosage,<\/li>\n<li>la consommation d&rsquo;\u00e9nergie pour l\u2019entretien,<\/li>\n<li>la consommation de produits phytosanitaires et de d&rsquo;amendements,<\/li>\n<li>le nombre annuel de groupes de visiteurs ou d&rsquo;\u00e9tudiants fr\u00e9quentant le site,<\/li>\n<li>le nombre d\u2019heures de travail de gestion,<\/li>\n<li>la nature et le nombre annuel des interventions effectu\u00e9es, par type de structure v\u00e9g\u00e9tale (pelouses, haies, etc.), etc\u2026<\/li>\n<\/ul>\n<h2>R\u00e9daction d&rsquo;une charte de gestion durable de l&rsquo;arboretum<\/h2>\n<p>A partir du premier recueil d&rsquo;\u00e9l\u00e9ments constituant le bilan \u00e9cologique, il sera possible d&rsquo;\u00e9laborer une v\u00e9ritable politique g\u00e9n\u00e9rale de gestion du site. En effet, la gestion actuelle, qui se base sur des appr\u00e9ciations et non sur des donn\u00e9es objectives, peut \u00eatre encore am\u00e9lior\u00e9e. Cette politique une fois d\u00e9finie pourra se traduire par la r\u00e9daction d&rsquo;une charte de gestion durable de l&rsquo;Arboretum de La Petite Loiterie, d\u00e9clinant les grands objectifs et les modes op\u00e9ratoires \u00e0 mettre en \u0153uvre.<\/p>\n<p>Ces modes op\u00e9ratoires, dans une premi\u00e8re approximation, doivent r\u00e9pondre \u00e0 6 objectifs principaux&nbsp;:<\/p>\n<ul>\n<li>offrir aux esp\u00e8ces (en particulier les oiseaux), des habitats les plus vari\u00e9s possible, afin d&rsquo;augmenter la quantit\u00e9 de nourriture et d&rsquo;abris offerts, sans artificialiser ni d\u00e9naturer le site,<\/li>\n<li>laisser s&rsquo;exprimer au maximum les dynamiques naturelles dans le respect des objectifs paysagers&nbsp;:\n<ul>\n<li>haies&nbsp;: pas de s\u00e9lection au sein des essences plant\u00e9es ou apparues spontan\u00e9ment, maintien des ourlets herbac\u00e9s non tondus ou fauch\u00e9s,<\/li>\n<li>bois&nbsp;: aucune plantation dans la partie r\u00e9serv\u00e9e \u00e0 la r\u00e9g\u00e9n\u00e9ration naturelle,<\/li>\n<li>prairies&nbsp;: conservation de toutes les esp\u00e8ces herbac\u00e9es, les seules plantes r\u00e9gul\u00e9es \u00e9tant les rumex et les chardons, si possible sans herbicides,<\/li>\n<li>zones humides&nbsp;: intervention uniquement sur les ligneux donnant trop d&rsquo;ombre<\/li>\n<\/ul>\n<\/li>\n<li>s&rsquo;inscrire dans un objectif de gestion durable, sans \u00e0-coups, assurant un maintien, voire une am\u00e9lioration constante, du niveau d\u2019intensit\u00e9 des indicateurs sociaux et environnementaux,<\/li>\n<li>mettre en place une gestion diff\u00e9renci\u00e9e, ne traitant pas les diff\u00e9rents milieux de l&rsquo;Arboretum de la m\u00eame fa\u00e7on, mais au contraire au mieux de leurs potentialit\u00e9s biologiques et \u00e9cologiques,<\/li>\n<li>utiliser des techniques respectueuses de l&rsquo;environnement chaque fois que possible (par exemple paillages organiques, lutte biologique contre certains pr\u00e9dateurs des v\u00e9g\u00e9taux horticoles, etc.),<\/li>\n<li>r\u00e9pondre aux crit\u00e8res d&rsquo;une gestion int\u00e9gr\u00e9e, c&rsquo;est-\u00e0-dire prenant en compte les impacts r\u00e9ciproques des actions entreprises sur les diff\u00e9rentes zones et sur chaque groupe sp\u00e9cifique, en fonction des objectifs d\u00e9finis dans le plan de gestion global.<\/li>\n<\/ul>\n<h2>Communication sur cette d\u00e9marche citoyenne<\/h2>\n<p>Une v\u00e9ritable gestion durable d&rsquo;un site accessible au public implique que la communication et l&rsquo;explication des objectifs poursuivis (concertation, p\u00e9dagogie) y occupent une place primordiale. Cette d\u00e9marche est d\u00e9j\u00e0 pr\u00e9sent\u00e9e et explicit\u00e9e aux diff\u00e9rents visiteurs, afin de les inciter \u00e0 r\u00e9fl\u00e9chir sur leurs pratiques et \u00e0 mettre en \u0153uvre dans leurs espaces (jardins priv\u00e9s, espaces publics, espaces agricoles, etc\u2026) une gestion durable coh\u00e9rente. De m\u00eame, des animations sp\u00e9cifiques sont faites pour les enfants, autour du th\u00e8me du respect de la nature.<\/p>\n<p>A terme, une cartographie des diff\u00e9rents milieux (\u00e9cosyst\u00e8mes) sera r\u00e9alis\u00e9e, et expos\u00e9e dans le local d&rsquo;accueil.<br \/>\nToutes les visites et formations seront l&rsquo;occasion d&rsquo;exposer la d\u00e9marche suivie, et des journ\u00e9es d&rsquo;animation seront r\u00e9alis\u00e9es, sur les oiseaux, les batraciens, la dynamique v\u00e9g\u00e9tale, etc\u2026<\/p>\n<p>L&rsquo;int\u00e9r\u00eat de ce site, pas exceptionnel a priori sur le plan de la raret\u00e9 des esp\u00e8ces et des \u00e9cosyst\u00e8mes, est justement que les visiteurs peuvent y reconna\u00eetre leurs propres espaces. Le discours sur le d\u00e9veloppement durable est donc plus accessible et d\u00e9monstratif, et la transposition \u00e0 d&rsquo;autres lieux plus facile qu&rsquo;\u00e0 partir de milieux tr\u00e8s sp\u00e9cifiques et donc peu courants (beaucoup de collectivit\u00e9s g\u00e9rant des grands espaces et de propri\u00e9taires de parcs et jardins r\u00e9fl\u00e9chissent \u00e0 la mise en place d&rsquo;une gestion diff\u00e9renci\u00e9e ou m\u00eame d&rsquo;une gestion durable, mais manquent de r\u00e9f\u00e9rences concr\u00e8tes et d&rsquo;exemples accessibles).<\/p>\n<p>L&rsquo;arboretum de La Petite Loiterie peut donc apporter sa contribution \u00e0 ce mouvement int\u00e9ressant.<\/p>\n","protected":false},"excerpt":{"rendered":"<p>Les travaux d&rsquo;am\u00e9nagement et d&rsquo;entretien de l&rsquo;arboretum se font dans une d\u00e9marche de gestion durable la plus coh\u00e9rente possible. Parmi les actions d\u00e9j\u00e0 men\u00e9es, nous pouvons citer&nbsp;: utilisation de mati\u00e8res organiques non-fossiles, limitation des pesticides, tonte de l&rsquo;herbe suffisamment haut pour respecter la petite faune et pr\u00e9server la diversit\u00e9 floristique, respect des p\u00e9riodes de nidification [&hellip;]<\/p>\n","protected":false},"author":1,"featured_media":736,"parent":214,"menu_order":1,"comment_status":"closed","ping_status":"closed","template":"","meta":{"footnotes":""},"class_list":["post-210","page","type-page","status-publish","has-post-thumbnail","hentry"],"_links":{"self":[{"href":"https:\/\/www.lapetiteloiterie.fr\/lpl\/wp-json\/wp\/v2\/pages\/210","targetHints":{"allow":["GET"]}}],"collection":[{"href":"https:\/\/www.lapetiteloiterie.fr\/lpl\/wp-json\/wp\/v2\/pages"}],"about":[{"href":"https:\/\/www.lapetiteloiterie.fr\/lpl\/wp-json\/wp\/v2\/types\/page"}],"author":[{"embeddable":true,"href":"https:\/\/www.lapetiteloiterie.fr\/lpl\/wp-json\/wp\/v2\/users\/1"}],"replies":[{"embeddable":true,"href":"https:\/\/www.lapetiteloiterie.fr\/lpl\/wp-json\/wp\/v2\/comments?post=210"}],"version-history":[{"count":7,"href":"https:\/\/www.lapetiteloiterie.fr\/lpl\/wp-json\/wp\/v2\/pages\/210\/revisions"}],"predecessor-version":[{"id":1575,"href":"https:\/\/www.lapetiteloiterie.fr\/lpl\/wp-json\/wp\/v2\/pages\/210\/revisions\/1575"}],"up":[{"embeddable":true,"href":"https:\/\/www.lapetiteloiterie.fr\/lpl\/wp-json\/wp\/v2\/pages\/214"}],"wp:featuredmedia":[{"embeddable":true,"href":"https:\/\/www.lapetiteloiterie.fr\/lpl\/wp-json\/wp\/v2\/media\/736"}],"wp:attachment":[{"href":"https:\/\/www.lapetiteloiterie.fr\/lpl\/wp-json\/wp\/v2\/media?parent=210"}],"curies":[{"name":"wp","href":"https:\/\/api.w.org\/{rel}","templated":true}]}}