{"id":214,"date":"2015-03-26T09:45:09","date_gmt":"2015-03-26T08:45:09","guid":{"rendered":"http:\/\/www.lapetiteloiterie.fr\/lpl\/etudes\/techniques\/techniques\/"},"modified":"2015-04-18T15:37:46","modified_gmt":"2015-04-18T13:37:46","slug":"technique","status":"publish","type":"page","link":"https:\/\/www.lapetiteloiterie.fr\/lpl\/suivis_etudes\/technique\/","title":{"rendered":"Aspects techniques"},"content":{"rendered":"<p>La <a href=\"http:\/\/www.lapetiteloiterie.fr\/lpl\/suivis_etudes\/technique\/taille_formation\/\" title=\"Taille de formation\">taille de formation<\/a> des arbres et des arbustes fait l&rsquo;objet d&rsquo;un suivi tout particulier<\/p>\n<p>La <a href=\"http:\/\/www.lapetiteloiterie.fr\/lpl\/suivis_etudes\/technique\/taille_entretien\/\" title=\"Taille d\u2019entretien\">taille d&rsquo;entretien<\/a> est \u00e9galement suivie avec pr\u00e9cision.<\/p>\n<p>Une volont\u00e9 de <a href=\"http:\/\/www.lapetiteloiterie.fr\/lpl\/suivis_etudes\/technique\/gestion_durable\/\" title=\"Gestion durable\">gestion durable<\/a> conditionne les techniques mises en oeuvre pour la <a href=\"http:\/\/www.lapetiteloiterie.fr\/lpl\/suivis_etudes\/technique\/plantation\/\" title=\"Techniques de plantation\">plantation<\/a> puis pour l&rsquo;<a href=\"http:\/\/www.lapetiteloiterie.fr\/lpl\/suivis_etudes\/technique\/entretien\/\" title=\"Techniques d\u2019entretien\">entretien<\/a> des arbres et arbustes.<\/p>\n","protected":false},"excerpt":{"rendered":"<p>La taille de formation des arbres et des arbustes fait l&rsquo;objet d&rsquo;un suivi tout particulier La taille d&rsquo;entretien est \u00e9galement suivie avec pr\u00e9cision. Une volont\u00e9 de gestion durable conditionne les techniques mises en oeuvre pour la plantation puis pour l&rsquo;entretien des arbres et arbustes.<\/p>\n","protected":false},"author":1,"featured_media":733,"parent":33,"menu_order":2,"comment_status":"closed","ping_status":"closed","template":"","meta":{"footnotes":""},"class_list":["post-214","page","type-page","status-publish","has-post-thumbnail","hentry"],"_links":{"self":[{"href":"https:\/\/www.lapetiteloiterie.fr\/lpl\/wp-json\/wp\/v2\/pages\/214","targetHints":{"allow":["GET"]}}],"collection":[{"href":"https:\/\/www.lapetiteloiterie.fr\/lpl\/wp-json\/wp\/v2\/pages"}],"about":[{"href":"https:\/\/www.lapetiteloiterie.fr\/lpl\/wp-json\/wp\/v2\/types\/page"}],"author":[{"embeddable":true,"href":"https:\/\/www.lapetiteloiterie.fr\/lpl\/wp-json\/wp\/v2\/users\/1"}],"replies":[{"embeddable":true,"href":"https:\/\/www.lapetiteloiterie.fr\/lpl\/wp-json\/wp\/v2\/comments?post=214"}],"version-history":[{"count":11,"href":"https:\/\/www.lapetiteloiterie.fr\/lpl\/wp-json\/wp\/v2\/pages\/214\/revisions"}],"predecessor-version":[{"id":1489,"href":"https:\/\/www.lapetiteloiterie.fr\/lpl\/wp-json\/wp\/v2\/pages\/214\/revisions\/1489"}],"up":[{"embeddable":true,"href":"https:\/\/www.lapetiteloiterie.fr\/lpl\/wp-json\/wp\/v2\/pages\/33"}],"wp:featuredmedia":[{"embeddable":true,"href":"https:\/\/www.lapetiteloiterie.fr\/lpl\/wp-json\/wp\/v2\/media\/733"}],"wp:attachment":[{"href":"https:\/\/www.lapetiteloiterie.fr\/lpl\/wp-json\/wp\/v2\/media?parent=214"}],"curies":[{"name":"wp","href":"https:\/\/api.w.org\/{rel}","templated":true}]}}