{"id":228,"date":"2015-03-26T09:45:09","date_gmt":"2015-03-26T08:45:09","guid":{"rendered":"http:\/\/www.lapetiteloiterie.fr\/lpl\/presentation-2\/definition\/"},"modified":"2015-04-28T23:56:04","modified_gmt":"2015-04-28T21:56:04","slug":"definition","status":"publish","type":"page","link":"https:\/\/www.lapetiteloiterie.fr\/lpl\/presentation\/definition\/","title":{"rendered":"Qu&rsquo;est-ce qu&rsquo;un arboretum&nbsp;?"},"content":{"rendered":"<p>Tout d&rsquo;abord, quelques d\u00e9finitions du mot arboretum &#8230;.<\/p>\n<ul>\n<li>Lieu affect\u00e9 \u00e0 la culture d&rsquo;une collection de v\u00e9g\u00e9taux ligneux de pleine terre<br \/>\n<em>Le Bon Jardinier, 152\u00e8me \u00e9dition, 1977<\/em><\/li>\n<li>P\u00e9pini\u00e8re sp\u00e9cialement destin\u00e9e \u00e0 la culture exp\u00e9rimentale d&rsquo;arbres d&rsquo;essences diverses<br \/>\n<em>Petit Robert, 1990<\/em><\/li>\n<li>Jardin sp\u00e9cial consacr\u00e9 \u00e0 la culture de certains arbres dans un but exp\u00e9rimental<br \/>\n<em>Larousse du XXe si\u00e8cle<\/em><\/li>\n<\/ul>\n<h2>Diff\u00e9rents types d&rsquo;arboretums<\/h2>\n<p>De fait, il existe plusieurs types d&rsquo;arboretum, qui diff\u00e8rent par la pr\u00e9sentation et les objectifs.<\/p>\n<ul>\n<li>arboretums de collection&nbsp;:\n<ul>\n<li>essences, souvent tr\u00e8s nombreuses,<\/li>\n<li>repr\u00e9sent\u00e9es par un seul sujet, ou seulement quelques individus,<\/li>\n<li>r\u00e9partition des plantes en fonction&nbsp;:\n<ul>\n<li>de la syst\u00e9matique botanique (familles&#8230;),<\/li>\n<li>des origines g\u00e9ographiques (asiatiques&#8230;),<\/li>\n<li>des exigences \u00e9cologiques (calcicoles&#8230;),<\/li>\n<li>de crit\u00e8res esth\u00e9tiques (\u00e9corces d\u00e9coratives&#8230;),<\/li>\n<li>de la composition paysag\u00e8re (massifs fleuris&#8230;)&#8230;<\/li>\n<\/ul>\n<\/li>\n<li>parfois bas\u00e9s sur un seul genre&nbsp;: salicetum (saules), aceracetum (\u00e9rables)&#8230;<\/li>\n<\/ul>\n<\/li>\n<li>arboretums forestiers&nbsp;:\n<ul>\n<li>essences peu nombreuses, souvent d\u00e9j\u00e0 test\u00e9es dans des arboretums de collection et pr\u00e9sentant un int\u00e9r\u00eat \u00e9conomique pour les forestiers,<\/li>\n<li>repr\u00e9sent\u00e9es par de nombreux individus,<\/li>\n<li>origines g\u00e9n\u00e9tiques des v\u00e9g\u00e9taux obligatoirement connues,<\/li>\n<li>disposition et densit\u00e9 semblables \u00e0 des boisements forestiers classiques<\/li>\n<\/ul>\n<\/li>\n<li>arboretums mixtes&nbsp;:\n<ul>\n<li>pr\u00e9sence sur un m\u00eame site des deux types de plantations<\/li>\n<\/ul>\n<\/li>\n<li>parcs paysagers int\u00e9grant des arbres de collection&nbsp;:\n<ul>\n<li>le plus souvent \u00e0 vocation essentiellement d\u00e9corative (parcs de propri\u00e9t\u00e9s par exemple),<\/li>\n<li>agr\u00e9ment\u00e9s d\u00e8s l&rsquo;origine ou a posteriori d&rsquo;arbres de collection.<\/li>\n<\/ul>\n<\/li>\n<\/ul>\n<h2>Diff\u00e9rents objectifs<\/h2>\n<p>Les objectifs des arboretums sont multiples&nbsp;:<\/p>\n<ul>\n<li>r\u00f4le scientifique,<br \/>\nPour l&rsquo;\u00e9tude du comportement vis \u00e0 vis du milieu, du d\u00e9veloppement architectural, des potentialit\u00e9s de croissance et d&rsquo;utilisation pour l&rsquo;agriculture ou la for\u00eat, de la sensibilit\u00e9 aux attaques parasitaires&#8230;<\/li>\n<li>r\u00f4le de conservatoire de la biodiversit\u00e9 v\u00e9g\u00e9tale,<br \/>\nCertains arboretums sont les derniers refuges pour des esp\u00e8ces disparues dans leur aire d&rsquo;origine.<\/li>\n<li>r\u00f4le p\u00e9dagogique, \u00e0 l&rsquo;adresse des \u00e9tudiants et du grand public<br \/>\nBeaucoup d&rsquo;arboretums anciens sont \u00e0 proximit\u00e9 des \u00e9coles et universit\u00e9s, car ils ont \u00e9t\u00e9 et sont encore des lieux d&rsquo;observation et d&rsquo;\u00e9tude des plantes. La p\u00e9dagogie peut porter sur la reconnaissance, sur les usages possibles des v\u00e9g\u00e9taux, et aussi sur tous les aspects scientifiques \u00e9voqu\u00e9s plus haut.<\/li>\n<li>r\u00f4le ornemental, dans la mesure ou la pr\u00e9sence d&rsquo;essences vari\u00e9es constitue en soi un \u00e9l\u00e9ment de d\u00e9cor int\u00e9ressant<br \/>\nDe plus, souvent, les arboretums ont \u00e9t\u00e9 dessin\u00e9s par des architectes paysagistes, qui ont imagin\u00e9 des mises en sc\u00e8nes des collections d&rsquo;arbres, cr\u00e9ant ainsi des parcs de grande valeur ornementale.<\/li>\n<\/ul>\n<p>A ces objectifs principaux s&rsquo;ajoute maintenant l&rsquo;int\u00e9r\u00eat touristique, dans la mesure o\u00f9 de nombreux arboretums sont devenus des lieux de visite au m\u00eame titre que les ch\u00e2teaux ou demeures qu&rsquo;ils entourent.<\/p>\n<h2>L&rsquo;arboretum de La Petite Loiterie<\/h2>\n<p>Paradoxalement, il s&rsquo;agit d&rsquo;un arboretum de collection&#8230; sans r\u00e9elle collection, dans la mesure o\u00f9 il pr\u00e9sente peu de plantes rares: le choix des essences vise plut\u00f4t \u00e0 l&rsquo;exhaustivit\u00e9 des plantes rustiques sous nos climats et que l&rsquo;on peut se procurer en p\u00e9pini\u00e8re (\u00e0 quelques rares exceptions) plut\u00f4t qu&rsquo;\u00e0 celles des esp\u00e8ces, vari\u00e9t\u00e9s et cultivars au sein d&rsquo;un m\u00eame genre.<\/p>\n<p>Par contre, l&rsquo;arboretum de La Petite Loiterie s&rsquo;inscrit bien dans les objectifs classiques&nbsp;: sa premi\u00e8re vocation est la p\u00e9dagogie, mais il est aussi le support de plusieurs \u00e9tudes techniques et scientifiques (d\u00e9veloppement architectural, tailles, gestion&#8230;).<\/p>\n<p>Si sa vocation de conservatoire se limite \u00e0 quelques vari\u00e9t\u00e9s fruiti\u00e8res anciennes et esp\u00e8ces indig\u00e8nes, il a \u00e9t\u00e9 con\u00e7u comme un vrai parc ornemental, et est ouvert \u00e0 un public tr\u00e8s diversifi\u00e9, allant du scientifique \u00e0 l&rsquo;\u00e9tudiant, du professionnel \u00e0 l&rsquo;amateur le plus novice.<\/p>\n","protected":false},"excerpt":{"rendered":"<p>Tout d&rsquo;abord, quelques d\u00e9finitions du mot arboretum &#8230;. Lieu affect\u00e9 \u00e0 la culture d&rsquo;une collection de v\u00e9g\u00e9taux ligneux de pleine terre Le Bon Jardinier, 152\u00e8me \u00e9dition, 1977 P\u00e9pini\u00e8re sp\u00e9cialement destin\u00e9e \u00e0 la culture exp\u00e9rimentale d&rsquo;arbres d&rsquo;essences diverses Petit Robert, 1990 Jardin sp\u00e9cial consacr\u00e9 \u00e0 la culture de certains arbres dans un but exp\u00e9rimental Larousse du [&hellip;]<\/p>\n","protected":false},"author":1,"featured_media":717,"parent":27,"menu_order":7,"comment_status":"closed","ping_status":"closed","template":"","meta":{"footnotes":""},"class_list":["post-228","page","type-page","status-publish","has-post-thumbnail","hentry"],"_links":{"self":[{"href":"https:\/\/www.lapetiteloiterie.fr\/lpl\/wp-json\/wp\/v2\/pages\/228","targetHints":{"allow":["GET"]}}],"collection":[{"href":"https:\/\/www.lapetiteloiterie.fr\/lpl\/wp-json\/wp\/v2\/pages"}],"about":[{"href":"https:\/\/www.lapetiteloiterie.fr\/lpl\/wp-json\/wp\/v2\/types\/page"}],"author":[{"embeddable":true,"href":"https:\/\/www.lapetiteloiterie.fr\/lpl\/wp-json\/wp\/v2\/users\/1"}],"replies":[{"embeddable":true,"href":"https:\/\/www.lapetiteloiterie.fr\/lpl\/wp-json\/wp\/v2\/comments?post=228"}],"version-history":[{"count":3,"href":"https:\/\/www.lapetiteloiterie.fr\/lpl\/wp-json\/wp\/v2\/pages\/228\/revisions"}],"predecessor-version":[{"id":1607,"href":"https:\/\/www.lapetiteloiterie.fr\/lpl\/wp-json\/wp\/v2\/pages\/228\/revisions\/1607"}],"up":[{"embeddable":true,"href":"https:\/\/www.lapetiteloiterie.fr\/lpl\/wp-json\/wp\/v2\/pages\/27"}],"wp:featuredmedia":[{"embeddable":true,"href":"https:\/\/www.lapetiteloiterie.fr\/lpl\/wp-json\/wp\/v2\/media\/717"}],"wp:attachment":[{"href":"https:\/\/www.lapetiteloiterie.fr\/lpl\/wp-json\/wp\/v2\/media?parent=228"}],"curies":[{"name":"wp","href":"https:\/\/api.w.org\/{rel}","templated":true}]}}