{"id":2429,"date":"2019-12-28T22:12:36","date_gmt":"2019-12-28T21:12:36","guid":{"rendered":"https:\/\/www.lapetiteloiterie.fr\/lpl\/?page_id=2429"},"modified":"2020-04-13T10:34:42","modified_gmt":"2020-04-13T08:34:42","slug":"voeux-2020","status":"publish","type":"page","link":"https:\/\/www.lapetiteloiterie.fr\/lpl\/actualites\/voeux-2020\/","title":{"rendered":"Meilleurs v\u0153ux pour 2020&nbsp;!"},"content":{"rendered":"<div class=\"su-youtube su-u-responsive-media-yes\"><iframe loading=\"lazy\" width=\"600\" height=\"400\" src=\"https:\/\/www.youtube.com\/embed\/yRWbGBL99BQ?autohide=2&amp;autoplay=1&amp;mute=0&amp;controls=1&amp;fs=1&amp;loop=1&amp;modestbranding=1&amp;playlist=yRWbGBL99BQ&amp;rel=1&amp;showinfo=1&amp;theme=dark&amp;wmode=&amp;playsinline=\" frameborder=\"0\" allowfullscreen allow=\"autoplay; encrypted-media; picture-in-picture\" title=\"\"><\/iframe><\/div>Et si nous regardions l&rsquo;arboretum de la Petite Loiterie en prenant de la hauteur&nbsp;?<\/p>\n<p>N&rsquo;h\u00e9sitez pas \u00e0 passer \u00e0 monter le son, et \u00e0 mettre la vid\u00e9o en haute d\u00e9finition <em>(\u00e0 l&rsquo;aide de la petite roue dent\u00e9e en bas \u00e0 droite, cliquer sur Qualit\u00e9 puis 1080p)<\/em>, et plein \u00e9cran <em>(en cliquant sur le petit carr\u00e9 en bas \u00e0 droite)<\/em>&nbsp;!<\/p>\n<p>Cr\u00e9dits&nbsp;:<\/p>\n<ul>\n<li>vid\u00e9o r\u00e9alis\u00e9e gr\u00e2ce aux clich\u00e9s disponibles sur les sites de l&rsquo;IGN remonterletemps.ign.fr et geoportail.gouv.fr<\/li>\n<li>r\u00e9alisation <em>(film)<\/em>&nbsp;: Annie Imbaud<\/li>\n<li>r\u00e9alisation <em>(arboretum)<\/em>&nbsp;: Jac Boutaud<\/li>\n<li>musique &nbsp;: Lullaby of the Leaves (la berceuse des feuilles&#8230;), compos\u00e9e par Bernice Petkere et enregistr\u00e9e par le grand Art Tatum en 1953 (extrait)<\/li>\n<\/ul>\n","protected":false},"excerpt":{"rendered":"<p>Et si nous regardions l&rsquo;arboretum de la Petite Loiterie en prenant de la hauteur&nbsp;? N&rsquo;h\u00e9sitez pas \u00e0 passer \u00e0 monter le son, et \u00e0 mettre la vid\u00e9o en haute d\u00e9finition (\u00e0 l&rsquo;aide de la petite roue dent\u00e9e en bas \u00e0 droite, cliquer sur Qualit\u00e9 puis 1080p), et plein \u00e9cran (en cliquant sur le petit carr\u00e9 [&hellip;]<\/p>\n","protected":false},"author":1,"featured_media":0,"parent":2521,"menu_order":30,"comment_status":"closed","ping_status":"closed","template":"","meta":{"footnotes":""},"class_list":["post-2429","page","type-page","status-publish","hentry"],"_links":{"self":[{"href":"https:\/\/www.lapetiteloiterie.fr\/lpl\/wp-json\/wp\/v2\/pages\/2429","targetHints":{"allow":["GET"]}}],"collection":[{"href":"https:\/\/www.lapetiteloiterie.fr\/lpl\/wp-json\/wp\/v2\/pages"}],"about":[{"href":"https:\/\/www.lapetiteloiterie.fr\/lpl\/wp-json\/wp\/v2\/types\/page"}],"author":[{"embeddable":true,"href":"https:\/\/www.lapetiteloiterie.fr\/lpl\/wp-json\/wp\/v2\/users\/1"}],"replies":[{"embeddable":true,"href":"https:\/\/www.lapetiteloiterie.fr\/lpl\/wp-json\/wp\/v2\/comments?post=2429"}],"version-history":[{"count":12,"href":"https:\/\/www.lapetiteloiterie.fr\/lpl\/wp-json\/wp\/v2\/pages\/2429\/revisions"}],"predecessor-version":[{"id":2446,"href":"https:\/\/www.lapetiteloiterie.fr\/lpl\/wp-json\/wp\/v2\/pages\/2429\/revisions\/2446"}],"up":[{"embeddable":true,"href":"https:\/\/www.lapetiteloiterie.fr\/lpl\/wp-json\/wp\/v2\/pages\/2521"}],"wp:attachment":[{"href":"https:\/\/www.lapetiteloiterie.fr\/lpl\/wp-json\/wp\/v2\/media?parent=2429"}],"curies":[{"name":"wp","href":"https:\/\/api.w.org\/{rel}","templated":true}]}}