{"id":2801,"date":"2022-01-13T17:48:13","date_gmt":"2022-01-13T16:48:13","guid":{"rendered":"https:\/\/www.lapetiteloiterie.fr\/lpl\/?page_id=2801"},"modified":"2022-01-13T19:12:48","modified_gmt":"2022-01-13T18:12:48","slug":"voeux-2022","status":"publish","type":"page","link":"https:\/\/www.lapetiteloiterie.fr\/lpl\/actualites\/voeux-2022\/","title":{"rendered":"Meilleurs v\u0153ux pour 2022&nbsp;!"},"content":{"rendered":"<div class=\"su-youtube su-u-responsive-media-yes\"><iframe loading=\"lazy\" width=\"600\" height=\"400\" src=\"https:\/\/www.youtube.com\/embed\/QeJ5dzy-bIc?autohide=2&amp;autoplay=1&amp;mute=0&amp;controls=1&amp;fs=1&amp;loop=0&amp;modestbranding=1&amp;rel=1&amp;showinfo=1&amp;theme=dark&amp;wmode=&amp;playsinline=\" frameborder=\"0\" allowfullscreen allow=\"autoplay; encrypted-media; picture-in-picture\" title=\"\"><\/iframe><\/div>Une balade musicale dans l&rsquo;arboretum au fil des saisons&#8230;<\/p>\n<p>N&rsquo;h\u00e9sitez pas \u00e0 monter le son, et \u00e0 mettre la vid\u00e9o en haute d\u00e9finition <em>(\u00e0 l&rsquo;aide de la petite roue dent\u00e9e en bas \u00e0 droite, cliquer sur Qualit\u00e9 puis 1080p)<\/em>, et plein \u00e9cran <em>(en cliquant sur le petit carr\u00e9 en bas \u00e0 droite)<\/em>&nbsp;!<\/p>\n<p>Cr\u00e9dits&nbsp;:<\/p>\n<ul>\n<li>images drone&nbsp;: Michel Daveau, Camille Boutaud<\/li>\n<li>images pas drone du tout&nbsp;: Jac Boutaud, Annie Imbaud<\/li>\n<li>r\u00e9alisation <em>(film)<\/em>&nbsp;: Annie Imbaud<\/li>\n<li>r\u00e9alisation <em>(arboretum)<\/em>&nbsp;: Jac Boutaud<\/li>\n<li>musique originale&nbsp;<em>(composition, improvisations, interpr\u00e9tation)<\/em>&nbsp;: Rossignol philom\u00e8le<\/li>\n<\/ul>\n","protected":false},"excerpt":{"rendered":"<p>Une balade musicale dans l&rsquo;arboretum au fil des saisons&#8230; N&rsquo;h\u00e9sitez pas \u00e0 monter le son, et \u00e0 mettre la vid\u00e9o en haute d\u00e9finition (\u00e0 l&rsquo;aide de la petite roue dent\u00e9e en bas \u00e0 droite, cliquer sur Qualit\u00e9 puis 1080p), et plein \u00e9cran (en cliquant sur le petit carr\u00e9 en bas \u00e0 droite)&nbsp;! Cr\u00e9dits&nbsp;: images drone&nbsp;: [&hellip;]<\/p>\n","protected":false},"author":1,"featured_media":0,"parent":2521,"menu_order":30,"comment_status":"closed","ping_status":"closed","template":"","meta":{"footnotes":""},"class_list":["post-2801","page","type-page","status-publish","hentry"],"_links":{"self":[{"href":"https:\/\/www.lapetiteloiterie.fr\/lpl\/wp-json\/wp\/v2\/pages\/2801","targetHints":{"allow":["GET"]}}],"collection":[{"href":"https:\/\/www.lapetiteloiterie.fr\/lpl\/wp-json\/wp\/v2\/pages"}],"about":[{"href":"https:\/\/www.lapetiteloiterie.fr\/lpl\/wp-json\/wp\/v2\/types\/page"}],"author":[{"embeddable":true,"href":"https:\/\/www.lapetiteloiterie.fr\/lpl\/wp-json\/wp\/v2\/users\/1"}],"replies":[{"embeddable":true,"href":"https:\/\/www.lapetiteloiterie.fr\/lpl\/wp-json\/wp\/v2\/comments?post=2801"}],"version-history":[{"count":6,"href":"https:\/\/www.lapetiteloiterie.fr\/lpl\/wp-json\/wp\/v2\/pages\/2801\/revisions"}],"predecessor-version":[{"id":2814,"href":"https:\/\/www.lapetiteloiterie.fr\/lpl\/wp-json\/wp\/v2\/pages\/2801\/revisions\/2814"}],"up":[{"embeddable":true,"href":"https:\/\/www.lapetiteloiterie.fr\/lpl\/wp-json\/wp\/v2\/pages\/2521"}],"wp:attachment":[{"href":"https:\/\/www.lapetiteloiterie.fr\/lpl\/wp-json\/wp\/v2\/media?parent=2801"}],"curies":[{"name":"wp","href":"https:\/\/api.w.org\/{rel}","templated":true}]}}