{"id":29,"date":"2013-10-23T19:35:43","date_gmt":"2013-10-23T17:35:43","guid":{"rendered":"http:\/\/lapetiteloiterie.fr\/lpl\/?page_id=29"},"modified":"2015-05-22T22:32:40","modified_gmt":"2015-05-22T20:32:40","slug":"activites","status":"publish","type":"page","link":"https:\/\/www.lapetiteloiterie.fr\/lpl\/activites\/","title":{"rendered":"Les activit\u00e9s"},"content":{"rendered":"<p>Pour conna\u00eetre le programme des activit\u00e9s de l&rsquo;ann\u00e9e, et les dates et heures d&rsquo;ouverture, consultez l&rsquo;<a href=\"http:\/\/www.lapetiteloiterie.fr\/lpl\/agenda\/\" title=\"Agenda\">agenda<\/a>&nbsp;!<\/p>\n<p>Destin\u00e9es \u00e0 un tr\u00e8s large public, les <a href=\"http:\/\/www.lapetiteloiterie.fr\/lpl\/activites\/visites\/\" title=\"Visites\">visites<\/a> et les <a href=\"http:\/\/www.lapetiteloiterie.fr\/lpl\/activites\/animations\/\" title=\"Animations\">animations<\/a> ne demandent aucune connaissance pr\u00e9alable dans le domaine. <\/p>\n<p>Les activit\u00e9s \u00ab&nbsp;naturalistes&nbsp;\u00bb s&rsquo;adressent soit \u00e0 des <a href=\"http:\/\/www.lapetiteloiterie.fr\/lpl\/activites\/scolaires\/\">scolaires<\/a> (de la maternelle au secondaire), soit occasionnellement \u00e0 un plus large public (<a href=\"http:\/\/www.lapetiteloiterie.fr\/lpl\/activites\/animations-mares\/\">animations \u00ab\u00a0mares\u00a0\u00bb<\/a>).<\/p>\n<p>Les <a href=\"http:\/\/www.lapetiteloiterie.fr\/lpl\/activites\/formations\/\" title=\"Formations\">formations<\/a>, quant \u00e0 elles, sont le plus souvent destin\u00e9es \u00e0 des \u00e9tudiants et \u00e0 des professionnels, et sont organis\u00e9es pour des groupes sur rendez-vous.<\/p>\n<p>Dans tous les cas, quel que soit votre profil et votre attente, n&rsquo;h\u00e9sitez pas \u00e0 nous <a href=\"http:\/\/www.lapetiteloiterie.fr\/lpl\/contacts\/\" title=\"Contacts\">contacter<\/a>&nbsp;!<\/p>\n","protected":false},"excerpt":{"rendered":"<p>Pour conna\u00eetre le programme des activit\u00e9s de l&rsquo;ann\u00e9e, et les dates et heures d&rsquo;ouverture, consultez l&rsquo;agenda&nbsp;! Destin\u00e9es \u00e0 un tr\u00e8s large public, les visites et les animations ne demandent aucune connaissance pr\u00e9alable dans le domaine. Les activit\u00e9s \u00ab&nbsp;naturalistes&nbsp;\u00bb s&rsquo;adressent soit \u00e0 des scolaires (de la maternelle au secondaire), soit occasionnellement \u00e0 un plus large public [&hellip;]<\/p>\n","protected":false},"author":1,"featured_media":664,"parent":0,"menu_order":3,"comment_status":"closed","ping_status":"closed","template":"","meta":{"footnotes":""},"class_list":["post-29","page","type-page","status-publish","has-post-thumbnail","hentry"],"_links":{"self":[{"href":"https:\/\/www.lapetiteloiterie.fr\/lpl\/wp-json\/wp\/v2\/pages\/29","targetHints":{"allow":["GET"]}}],"collection":[{"href":"https:\/\/www.lapetiteloiterie.fr\/lpl\/wp-json\/wp\/v2\/pages"}],"about":[{"href":"https:\/\/www.lapetiteloiterie.fr\/lpl\/wp-json\/wp\/v2\/types\/page"}],"author":[{"embeddable":true,"href":"https:\/\/www.lapetiteloiterie.fr\/lpl\/wp-json\/wp\/v2\/users\/1"}],"replies":[{"embeddable":true,"href":"https:\/\/www.lapetiteloiterie.fr\/lpl\/wp-json\/wp\/v2\/comments?post=29"}],"version-history":[{"count":10,"href":"https:\/\/www.lapetiteloiterie.fr\/lpl\/wp-json\/wp\/v2\/pages\/29\/revisions"}],"predecessor-version":[{"id":1685,"href":"https:\/\/www.lapetiteloiterie.fr\/lpl\/wp-json\/wp\/v2\/pages\/29\/revisions\/1685"}],"wp:featuredmedia":[{"embeddable":true,"href":"https:\/\/www.lapetiteloiterie.fr\/lpl\/wp-json\/wp\/v2\/media\/664"}],"wp:attachment":[{"href":"https:\/\/www.lapetiteloiterie.fr\/lpl\/wp-json\/wp\/v2\/media?parent=29"}],"curies":[{"name":"wp","href":"https:\/\/api.w.org\/{rel}","templated":true}]}}