{"id":3056,"date":"2023-01-12T15:59:21","date_gmt":"2023-01-12T14:59:21","guid":{"rendered":"https:\/\/www.lapetiteloiterie.fr\/lpl\/?page_id=3056"},"modified":"2023-01-12T15:59:22","modified_gmt":"2023-01-12T14:59:22","slug":"voeux-2023","status":"publish","type":"page","link":"https:\/\/www.lapetiteloiterie.fr\/lpl\/actualites\/voeux-2023\/","title":{"rendered":"Meilleurs v\u0153ux pour 2023&nbsp;!"},"content":{"rendered":"\n<div data-mode=\"normal\" data-provider=\"youtube\" id=\"arve-youtube-k_b_zna5jgm\" class=\"arve\">\n\t<div class=\"arve-inner\">\n\t\t<div class=\"arve-embed arve-embed--has-aspect-ratio\">\n\t\t\t<div class=\"arve-ar\" style=\"padding-top:56.250000%\"><\/div>\n\t\t\t<iframe allow=\"accelerometer &#039;none&#039;;autoplay;bluetooth &#039;none&#039;;browsing-topics &#039;none&#039;;camera &#039;none&#039;;clipboard-read &#039;none&#039;;clipboard-write;display-capture &#039;none&#039;;encrypted-media &#039;none&#039;;gamepad &#039;none&#039;;geolocation &#039;none&#039;;gyroscope &#039;none&#039;;hid &#039;none&#039;;identity-credentials-get &#039;none&#039;;idle-detection &#039;none&#039;;keyboard-map &#039;none&#039;;local-fonts;magnetometer &#039;none&#039;;microphone &#039;none&#039;;midi &#039;none&#039;;otp-credentials &#039;none&#039;;payment &#039;none&#039;;picture-in-picture;publickey-credentials-create &#039;none&#039;;publickey-credentials-get &#039;none&#039;;screen-wake-lock &#039;none&#039;;serial &#039;none&#039;;summarizer &#039;none&#039;;sync-xhr;usb &#039;none&#039;;web-share;window-management &#039;none&#039;;xr-spatial-tracking &#039;none&#039;;\" allowfullscreen=\"\" class=\"arve-iframe fitvidsignore\" credentialless data-arve=\"arve-youtube-k_b_zna5jgm\" data-lenis-prevent=\"\" data-src-no-ap=\"https:\/\/www.youtube.com\/embed\/k_b_znA5jgM?iv_load_policy=3&amp;modestbranding=1&amp;rel=0&amp;autohide=1&amp;playsinline=0&amp;rel=0&amp;showinfo=0&amp;widget_referrer=http%3A%2F%2Fwww.lapetiteloiterie.fr%2Flpl%2F&amp;autoplay=0\" frameborder=\"0\" height=\"0\" loading=\"lazy\" name=\"\" referrerpolicy=\"strict-origin-when-cross-origin\" sandbox=\"allow-scripts allow-same-origin allow-presentation allow-popups allow-popups-to-escape-sandbox\" scrolling=\"no\" src=\"https:\/\/www.youtube.com\/embed\/k_b_znA5jgM?iv_load_policy=3&#038;modestbranding=1&#038;rel=0&#038;autohide=1&#038;playsinline=0&#038;rel=0&#038;showinfo=0&#038;widget_referrer=http%3A%2F%2Fwww.lapetiteloiterie.fr%2Flpl%2F&#038;autoplay=1\" title=\"\" width=\"0\"><\/iframe>\n\t\t\t\n\t\t<\/div>\n\t\t\n\t<\/div>\n\t\n\t\n\t<script type=\"application\/ld+json\">{\"@context\":\"http:\\\/\\\/schema.org\\\/\",\"@id\":\"https:\\\/\\\/www.lapetiteloiterie.fr\\\/lpl\\\/actualites\\\/voeux-2023\\\/#arve-youtube-k_b_zna5jgm\",\"type\":\"VideoObject\",\"embedURL\":\"https:\\\/\\\/www.youtube.com\\\/embed\\\/k_b_znA5jgM?iv_load_policy=3&modestbranding=1&rel=0&autohide=1&playsinline=0&amp;rel=0&amp;showinfo=0&amp;widget_referrer=http%3A%2F%2Fwww.lapetiteloiterie.fr%2Flpl%2F&autoplay=1\",\"thumbnailUrl\":\"https:\\\/\\\/www.lapetiteloiterie.fr\\\/lpl\\\/wp-content\\\/uploads\\\/SNHFWebinaire.jpg\"}<\/script>\n\t\n<\/div>Nos v\u0153ux accompagn\u00e9s pour 2023&#8230;<\/p>\n<p>N&rsquo;h\u00e9sitez pas \u00e0 monter le son, et \u00e0 mettre la vid\u00e9o en haute d\u00e9finition <em>(\u00e0 l&rsquo;aide de la petite roue dent\u00e9e en bas \u00e0 droite, cliquer sur Qualit\u00e9 puis 1080p)<\/em>, et plein \u00e9cran <em>(en cliquant sur le petit carr\u00e9 en bas \u00e0 droite)<\/em>\u00a0!<\/p>\n<ul>\n<li>Photographies : \u00a9 Arboretum de la Petite Loiterie<\/li>\n<li>Ambiance sonore : quelque part dans l&rsquo;arboretum, mi-septembre, huit heures du soir<\/li>\n<li>Montage : Annie Imbaud<\/li>\n<li>Arboretum &#8211; conception, r\u00e9alisation, entretien : Jac Boutaud<\/li>\n<\/ul>\n","protected":false},"excerpt":{"rendered":"<p>Nos v\u0153ux accompagn\u00e9s pour 2023&#8230; N&rsquo;h\u00e9sitez pas \u00e0 monter le son, et \u00e0 mettre la vid\u00e9o en haute d\u00e9finition (\u00e0 l&rsquo;aide de la petite roue dent\u00e9e en bas \u00e0 droite, cliquer sur Qualit\u00e9 puis 1080p), et plein \u00e9cran (en cliquant sur le petit carr\u00e9 en bas \u00e0 droite)\u00a0! Photographies : \u00a9 Arboretum de la Petite [&hellip;]<\/p>\n","protected":false},"author":1,"featured_media":0,"parent":2521,"menu_order":31,"comment_status":"closed","ping_status":"closed","template":"","meta":{"footnotes":""},"class_list":["post-3056","page","type-page","status-publish","hentry"],"_links":{"self":[{"href":"https:\/\/www.lapetiteloiterie.fr\/lpl\/wp-json\/wp\/v2\/pages\/3056","targetHints":{"allow":["GET"]}}],"collection":[{"href":"https:\/\/www.lapetiteloiterie.fr\/lpl\/wp-json\/wp\/v2\/pages"}],"about":[{"href":"https:\/\/www.lapetiteloiterie.fr\/lpl\/wp-json\/wp\/v2\/types\/page"}],"author":[{"embeddable":true,"href":"https:\/\/www.lapetiteloiterie.fr\/lpl\/wp-json\/wp\/v2\/users\/1"}],"replies":[{"embeddable":true,"href":"https:\/\/www.lapetiteloiterie.fr\/lpl\/wp-json\/wp\/v2\/comments?post=3056"}],"version-history":[{"count":3,"href":"https:\/\/www.lapetiteloiterie.fr\/lpl\/wp-json\/wp\/v2\/pages\/3056\/revisions"}],"predecessor-version":[{"id":3147,"href":"https:\/\/www.lapetiteloiterie.fr\/lpl\/wp-json\/wp\/v2\/pages\/3056\/revisions\/3147"}],"up":[{"embeddable":true,"href":"https:\/\/www.lapetiteloiterie.fr\/lpl\/wp-json\/wp\/v2\/pages\/2521"}],"wp:attachment":[{"href":"https:\/\/www.lapetiteloiterie.fr\/lpl\/wp-json\/wp\/v2\/media?parent=3056"}],"curies":[{"name":"wp","href":"https:\/\/api.w.org\/{rel}","templated":true}]}}