{"id":31,"date":"2013-10-23T19:36:56","date_gmt":"2013-10-23T17:36:56","guid":{"rendered":"http:\/\/lapetiteloiterie.fr\/lpl\/?page_id=31"},"modified":"2020-10-12T15:19:43","modified_gmt":"2020-10-12T13:19:43","slug":"acteurs","status":"publish","type":"page","link":"https:\/\/www.lapetiteloiterie.fr\/lpl\/acteurs\/","title":{"rendered":"Les acteurs"},"content":{"rendered":"<p>De nombreux acteurs ont particip\u00e9 \u00e0 la mise en place de l&rsquo;arboretum, et en assurent le d\u00e9veloppement&nbsp;:<\/p>\n<p>Les <a title=\"Les cr\u00e9ateurs\" href=\"http:\/\/www.lapetiteloiterie.fr\/lpl\/acteurs\/createurs\/\">cr\u00e9ateurs<\/a> l&rsquo;ont imagin\u00e9 bien avant sa mise en place&#8230;<\/p>\n<p>Ils sont appuy\u00e9s activement par l&rsquo;association <a title=\"Pour que l\u2019Arboretum POUsse!\" href=\"http:\/\/www.lapetiteloiterie.fr\/lpl\/acteurs\/papou\/\">Pour que l&rsquo;Arboretum POUsse&nbsp;!<\/a><\/p>\n<p>Le <a title=\"Le comit\u00e9 scientifique et technique\" href=\"http:\/\/www.lapetiteloiterie.fr\/lpl\/acteurs\/comite\/\">comit\u00e9 scientifique et technique<\/a> est en place depuis 1996.<\/p>\n<p>En 2002, un <a title=\"L\u2019animateur\" href=\"http:\/\/www.lapetiteloiterie.fr\/lpl\/acteurs\/animateur\/\">animateur <\/a> a rejoint l&rsquo;arboretum, mais n&rsquo;y intervient plus que de fa\u00e7on ponctuelle depuis f\u00e9vrier 2020.<\/p>\n<p>De nombreux <a title=\"Les partenaires\" href=\"http:\/\/www.lapetiteloiterie.fr\/lpl\/acteurs\/partenaires\/\">partenaires<\/a> soutiennent le projet depuis les premi\u00e8res plantations.<\/p>\n<p>Enfin, quelques actions de <a title=\"Les m\u00e9c\u00e8nes\" href=\"http:\/\/www.lapetiteloiterie.fr\/lpl\/acteurs\/mecenes\/\">m\u00e9c\u00e9nat<\/a> ont permis d&rsquo;acc\u00e9l\u00e9rer les investissements &#8211; et donc d&rsquo;anticiper l&rsquo;ouverture de l&rsquo;arboretum.<\/p>\n","protected":false},"excerpt":{"rendered":"<p>De nombreux acteurs ont particip\u00e9 \u00e0 la mise en place de l&rsquo;arboretum, et en assurent le d\u00e9veloppement&nbsp;: Les cr\u00e9ateurs l&rsquo;ont imagin\u00e9 bien avant sa mise en place&#8230; Ils sont appuy\u00e9s activement par l&rsquo;association Pour que l&rsquo;Arboretum POUsse&nbsp;! Le comit\u00e9 scientifique et technique est en place depuis 1996. En 2002, un animateur a rejoint l&rsquo;arboretum, mais [&hellip;]<\/p>\n","protected":false},"author":1,"featured_media":684,"parent":0,"menu_order":4,"comment_status":"closed","ping_status":"closed","template":"","meta":{"footnotes":""},"class_list":["post-31","page","type-page","status-publish","has-post-thumbnail","hentry"],"_links":{"self":[{"href":"https:\/\/www.lapetiteloiterie.fr\/lpl\/wp-json\/wp\/v2\/pages\/31","targetHints":{"allow":["GET"]}}],"collection":[{"href":"https:\/\/www.lapetiteloiterie.fr\/lpl\/wp-json\/wp\/v2\/pages"}],"about":[{"href":"https:\/\/www.lapetiteloiterie.fr\/lpl\/wp-json\/wp\/v2\/types\/page"}],"author":[{"embeddable":true,"href":"https:\/\/www.lapetiteloiterie.fr\/lpl\/wp-json\/wp\/v2\/users\/1"}],"replies":[{"embeddable":true,"href":"https:\/\/www.lapetiteloiterie.fr\/lpl\/wp-json\/wp\/v2\/comments?post=31"}],"version-history":[{"count":9,"href":"https:\/\/www.lapetiteloiterie.fr\/lpl\/wp-json\/wp\/v2\/pages\/31\/revisions"}],"predecessor-version":[{"id":2664,"href":"https:\/\/www.lapetiteloiterie.fr\/lpl\/wp-json\/wp\/v2\/pages\/31\/revisions\/2664"}],"wp:featuredmedia":[{"embeddable":true,"href":"https:\/\/www.lapetiteloiterie.fr\/lpl\/wp-json\/wp\/v2\/media\/684"}],"wp:attachment":[{"href":"https:\/\/www.lapetiteloiterie.fr\/lpl\/wp-json\/wp\/v2\/media?parent=31"}],"curies":[{"name":"wp","href":"https:\/\/api.w.org\/{rel}","templated":true}]}}