{"id":3143,"date":"2024-01-18T21:25:53","date_gmt":"2024-01-18T20:25:53","guid":{"rendered":"https:\/\/www.lapetiteloiterie.fr\/lpl\/?page_id=3143"},"modified":"2024-01-18T21:53:58","modified_gmt":"2024-01-18T20:53:58","slug":"voeux-2024","status":"publish","type":"page","link":"https:\/\/www.lapetiteloiterie.fr\/lpl\/actualites\/voeux-2024\/","title":{"rendered":"Meilleurs v\u0153ux pour 2024&nbsp;!"},"content":{"rendered":"\n<div data-mode=\"normal\" data-oembed=\"1\" data-provider=\"youtube\" id=\"arve-youtube-jxonqvpdzqe\" class=\"arve\">\n\t<div class=\"arve-inner\">\n\t\t<div style=\"aspect-ratio:625\/352\" class=\"arve-embed arve-embed--has-aspect-ratio\">\n\t\t\t<div class=\"arve-ar\" style=\"padding-top:56.320000%\"><\/div>\n\t\t\t<iframe allow=\"accelerometer &#039;none&#039;;autoplay;bluetooth &#039;none&#039;;browsing-topics &#039;none&#039;;camera &#039;none&#039;;clipboard-read &#039;none&#039;;clipboard-write;display-capture &#039;none&#039;;encrypted-media &#039;none&#039;;gamepad &#039;none&#039;;geolocation &#039;none&#039;;gyroscope &#039;none&#039;;hid &#039;none&#039;;identity-credentials-get &#039;none&#039;;idle-detection &#039;none&#039;;keyboard-map &#039;none&#039;;local-fonts;magnetometer &#039;none&#039;;microphone &#039;none&#039;;midi &#039;none&#039;;otp-credentials &#039;none&#039;;payment &#039;none&#039;;picture-in-picture;publickey-credentials-create &#039;none&#039;;publickey-credentials-get &#039;none&#039;;screen-wake-lock &#039;none&#039;;serial &#039;none&#039;;summarizer &#039;none&#039;;sync-xhr;usb &#039;none&#039;;web-share;window-management &#039;none&#039;;xr-spatial-tracking &#039;none&#039;;\" allowfullscreen=\"\" class=\"arve-iframe fitvidsignore\" credentialless data-arve=\"arve-youtube-jxonqvpdzqe\" data-lenis-prevent=\"\" data-src-no-ap=\"https:\/\/www.youtube.com\/embed\/JxoNQVPDZqE?feature=oembed&amp;iv_load_policy=3&amp;modestbranding=1&amp;rel=0&amp;autohide=1&amp;playsinline=0&amp;rel=0&amp;showinfo=0&amp;widget_referrer=http%3A%2F%2Fwww.lapetiteloiterie.fr%2Flpl%2F&amp;autoplay=0\" frameborder=\"0\" height=\"0\" loading=\"lazy\" name=\"\" referrerpolicy=\"strict-origin-when-cross-origin\" sandbox=\"allow-scripts allow-same-origin allow-presentation allow-popups allow-popups-to-escape-sandbox\" scrolling=\"no\" src=\"https:\/\/www.youtube.com\/embed\/JxoNQVPDZqE?feature=oembed&#038;iv_load_policy=3&#038;modestbranding=1&#038;rel=0&#038;autohide=1&#038;playsinline=0&#038;rel=0&#038;showinfo=0&#038;widget_referrer=http%3A%2F%2Fwww.lapetiteloiterie.fr%2Flpl%2F&#038;autoplay=1\" title=\"\" width=\"0\"><\/iframe>\n\t\t\t\n\t\t<\/div>\n\t\t\n\t<\/div>\n\t\n\t\n\t<script type=\"application\/ld+json\">{\"@context\":\"http:\\\/\\\/schema.org\\\/\",\"@id\":\"https:\\\/\\\/www.lapetiteloiterie.fr\\\/lpl\\\/actualites\\\/voeux-2024\\\/#arve-youtube-jxonqvpdzqe\",\"type\":\"VideoObject\",\"embedURL\":\"https:\\\/\\\/www.youtube.com\\\/embed\\\/JxoNQVPDZqE?feature=oembed&iv_load_policy=3&modestbranding=1&rel=0&autohide=1&playsinline=0&amp;rel=0&amp;showinfo=0&amp;widget_referrer=http%3A%2F%2Fwww.lapetiteloiterie.fr%2Flpl%2F&autoplay=1\",\"thumbnailUrl\":\"https:\\\/\\\/www.lapetiteloiterie.fr\\\/lpl\\\/wp-content\\\/uploads\\\/2024vid.jpg\"}<\/script>\n\t\n<\/div> Avec ces quelques photos hivernales, prises juste au tournant de l&rsquo;ann\u00e9e, les 31 d\u00e9cembre et 1er janvier, nous vous apportons tous les bons v\u0153ux de la Petite Loiterie pour 2024!<\/p>\n<p>N&rsquo;h\u00e9sitez pas \u00e0 monter le son, et \u00e0 mettre la vid\u00e9o en haute d\u00e9finition <em>(\u00e0 l&rsquo;aide de la petite roue dent\u00e9e en bas \u00e0 droite, cliquer sur Qualit\u00e9 puis 1080p)<\/em>, et plein \u00e9cran <em>(en cliquant sur le petit carr\u00e9 en bas \u00e0 droite)<\/em>\u00a0!<\/p>\n<ul>\n<li>Photographies : \u00a9 Arboretum de la Petite Loiterie<\/li>\n<li>Ambiance sonore : fin d&rsquo;apr\u00e8s-midi dans l&rsquo;arboretum, en hiver<\/li>\n<li>Arboretum &#8211; conception, r\u00e9alisation, entretien : Jac Boutaud<\/li>\n<li>Montage : Annie Imbaud<\/li>\n<\/ul>\n","protected":false},"excerpt":{"rendered":"<p>Avec ces quelques photos hivernales, prises juste au tournant de l&rsquo;ann\u00e9e, les 31 d\u00e9cembre et 1er janvier, nous vous apportons tous les bons v\u0153ux de la Petite Loiterie pour 2024! N&rsquo;h\u00e9sitez pas \u00e0 monter le son, et \u00e0 mettre la vid\u00e9o en haute d\u00e9finition (\u00e0 l&rsquo;aide de la petite roue dent\u00e9e en bas \u00e0 droite, [&hellip;]<\/p>\n","protected":false},"author":1,"featured_media":0,"parent":2521,"menu_order":31,"comment_status":"closed","ping_status":"closed","template":"","meta":{"footnotes":""},"class_list":["post-3143","page","type-page","status-publish","hentry"],"_links":{"self":[{"href":"https:\/\/www.lapetiteloiterie.fr\/lpl\/wp-json\/wp\/v2\/pages\/3143","targetHints":{"allow":["GET"]}}],"collection":[{"href":"https:\/\/www.lapetiteloiterie.fr\/lpl\/wp-json\/wp\/v2\/pages"}],"about":[{"href":"https:\/\/www.lapetiteloiterie.fr\/lpl\/wp-json\/wp\/v2\/types\/page"}],"author":[{"embeddable":true,"href":"https:\/\/www.lapetiteloiterie.fr\/lpl\/wp-json\/wp\/v2\/users\/1"}],"replies":[{"embeddable":true,"href":"https:\/\/www.lapetiteloiterie.fr\/lpl\/wp-json\/wp\/v2\/comments?post=3143"}],"version-history":[{"count":4,"href":"https:\/\/www.lapetiteloiterie.fr\/lpl\/wp-json\/wp\/v2\/pages\/3143\/revisions"}],"predecessor-version":[{"id":3152,"href":"https:\/\/www.lapetiteloiterie.fr\/lpl\/wp-json\/wp\/v2\/pages\/3143\/revisions\/3152"}],"up":[{"embeddable":true,"href":"https:\/\/www.lapetiteloiterie.fr\/lpl\/wp-json\/wp\/v2\/pages\/2521"}],"wp:attachment":[{"href":"https:\/\/www.lapetiteloiterie.fr\/lpl\/wp-json\/wp\/v2\/media?parent=3143"}],"curies":[{"name":"wp","href":"https:\/\/api.w.org\/{rel}","templated":true}]}}