{"id":33,"date":"2013-10-23T19:37:37","date_gmt":"2013-10-23T17:37:37","guid":{"rendered":"http:\/\/lapetiteloiterie.fr\/lpl\/?page_id=33"},"modified":"2015-04-18T13:24:41","modified_gmt":"2015-04-18T11:24:41","slug":"suivis_etudes","status":"publish","type":"page","link":"https:\/\/www.lapetiteloiterie.fr\/lpl\/suivis_etudes\/","title":{"rendered":"Suivis et \u00e9tudes"},"content":{"rendered":"<p>Parall\u00e8lement aux <a href=\"http:\/\/www.lapetiteloiterie.fr\/lpl\/presentation\/objectifs\/\" title=\"Les objectifs\">objectifs<\/a> p\u00e9dagogiques, l&rsquo;arboretum fait l&rsquo;objet de nombreuses <a href=\"http:\/\/www.lapetiteloiterie.fr\/lpl\/suivis_etudes\/observations\/\" title=\"Observations\">observations<\/a>.<\/p>\n<p>Les <a href=\"http:\/\/www.lapetiteloiterie.fr\/lpl\/suivis_etudes\/technique\/\" title=\"Aspects techniques\">aspects techniques<\/a> (<a href=\"http:\/\/www.lapetiteloiterie.fr\/lpl\/suivis_etudes\/technique\/taille_formation\/\" title=\"Taille de formation\">tailles<\/a>, <a href=\"http:\/\/www.lapetiteloiterie.fr\/lpl\/suivis_etudes\/technique\/taille_entretien\/\" title=\"Taille d\u2019entretien\">entretien<\/a>&#8230;) y font \u00e9galement l&rsquo;objet d&rsquo;\u00e9tudes.<\/p>\n<p>Une <a href=\"http:\/\/www.lapetiteloiterie.fr\/lpl\/suivis_etudes\/exp_arbustes\/\" title=\"Exp\u00e9rimentation sur la taille des arbustes\">exp\u00e9rimentation sur la taille des arbustes<\/a> y est par ailleurs men\u00e9e. <\/p>\n","protected":false},"excerpt":{"rendered":"<p>Parall\u00e8lement aux objectifs p\u00e9dagogiques, l&rsquo;arboretum fait l&rsquo;objet de nombreuses observations. Les aspects techniques (tailles, entretien&#8230;) y font \u00e9galement l&rsquo;objet d&rsquo;\u00e9tudes. Une exp\u00e9rimentation sur la taille des arbustes y est par ailleurs men\u00e9e.<\/p>\n","protected":false},"author":1,"featured_media":720,"parent":0,"menu_order":5,"comment_status":"closed","ping_status":"closed","template":"","meta":{"footnotes":""},"class_list":["post-33","page","type-page","status-publish","has-post-thumbnail","hentry"],"_links":{"self":[{"href":"https:\/\/www.lapetiteloiterie.fr\/lpl\/wp-json\/wp\/v2\/pages\/33","targetHints":{"allow":["GET"]}}],"collection":[{"href":"https:\/\/www.lapetiteloiterie.fr\/lpl\/wp-json\/wp\/v2\/pages"}],"about":[{"href":"https:\/\/www.lapetiteloiterie.fr\/lpl\/wp-json\/wp\/v2\/types\/page"}],"author":[{"embeddable":true,"href":"https:\/\/www.lapetiteloiterie.fr\/lpl\/wp-json\/wp\/v2\/users\/1"}],"replies":[{"embeddable":true,"href":"https:\/\/www.lapetiteloiterie.fr\/lpl\/wp-json\/wp\/v2\/comments?post=33"}],"version-history":[{"count":10,"href":"https:\/\/www.lapetiteloiterie.fr\/lpl\/wp-json\/wp\/v2\/pages\/33\/revisions"}],"predecessor-version":[{"id":1459,"href":"https:\/\/www.lapetiteloiterie.fr\/lpl\/wp-json\/wp\/v2\/pages\/33\/revisions\/1459"}],"wp:featuredmedia":[{"embeddable":true,"href":"https:\/\/www.lapetiteloiterie.fr\/lpl\/wp-json\/wp\/v2\/media\/720"}],"wp:attachment":[{"href":"https:\/\/www.lapetiteloiterie.fr\/lpl\/wp-json\/wp\/v2\/media?parent=33"}],"curies":[{"name":"wp","href":"https:\/\/api.w.org\/{rel}","templated":true}]}}