{"id":3336,"date":"2025-05-24T18:54:49","date_gmt":"2025-05-24T16:54:49","guid":{"rendered":"https:\/\/www.lapetiteloiterie.fr\/lpl\/?page_id=3336"},"modified":"2025-09-01T19:03:43","modified_gmt":"2025-09-01T17:03:43","slug":"expo_140525","status":"publish","type":"page","link":"https:\/\/www.lapetiteloiterie.fr\/lpl\/medias_collaborations\/expo_140525\/","title":{"rendered":"Journ\u00e9e d\u2019\u00e9tude et d\u2019\u00e9change du 14 mai 2025 \u2013 Exposition"},"content":{"rendered":"\n<p>Nous avons organis\u00e9, \u00e0 l&rsquo;occasion du trenti\u00e8me anniversaire des premi\u00e8res plantations, une journ\u00e9e professionnelle qui s&rsquo;est tenue le 14 mai 2025 \u00e0 la Petite Loiterie. Une exposition pr\u00e9sentait une douzaine d&rsquo;affiches portant sur divers aspects sp\u00e9cifiques de l&rsquo;arboretum&nbsp;: vous pouvez en avoir avoir un aper\u00e7u ci-apr\u00e8s, n&rsquo;h\u00e9sitez pas \u00e0 venir les voir en grandeur nature&nbsp;!<br \/>\nVous devez cliquer sur l&rsquo;une des affiches pour la voir en entier, et d\u00e9marrer un diaporama. <br \/><br \/>\nSi vous souhaitez \u201c&nbsp;zoomer&nbsp;\u201d pour lire une l\u00e9gende ou voir une photo de pr\u00e8s, cliquez sur la loupe et amenez votre curseur sur le d\u00e9tail \u00e0 observer. <br \/>Attention! Si vous changez d&rsquo;affiche, il faut r\u00e9actualiser votre page pour que la fonctionnalit\u00e9 loupe soit de nouveau effective&#8230; petit bug du plugin. <br \/>Bonne visite&nbsp;!<\/p>\n<p>Photos : \u00a9Arboretum de la Petite Loiterie &#8211; Aquarelles : \u00a9Dominique Mansion &#8211; Graphisme : <a href=\"https:\/\/www.anafmartin.com\/\" target=\"_blank\" title=\"Site d'Ana Fern\u00e1ndez Mart\u00edn\" rel=\"noopener noreferrer\">Ana Fern\u00e1ndez Mart\u00edn<\/a><\/p>\n    <div id=\"bwg_container1_0\"         class=\"bwg_container bwg_thumbnail bwg_thumbnails \"         data-right-click-protection=\"1\"         data-bwg=\"0\"         data-scroll=\"0\"         data-gallery-type=\"thumbnails\"         data-gallery-view-type=\"thumbnails\"         data-current-url=\"\/lpl\/wp-json\/wp\/v2\/pages\/3336\"         data-lightbox-url=\"https:\/\/www.lapetiteloiterie.fr\/lpl\/wp-admin\/admin-ajax.php?action=GalleryBox&#038;current_view=0&#038;gallery_id=2&#038;tag=0&#038;theme_id=1&#038;shortcode_id=3&#038;sort_by=casual&#038;order_by=asc&#038;current_url=%2Flpl%2Fwp-json%2Fwp%2Fv2%2Fpages%2F3336\"         data-gallery-id=\"2\"         data-popup-width=\"800\"         data-popup-height=\"500\"         data-is-album=\"gallery\"         data-buttons-position=\"bottom\">      <div id=\"bwg_container2_0\">             <div id=\"ajax_loading_0\" class=\"bwg_loading_div_1\">      <div class=\"bwg_loading_div_2\">        <div class=\"bwg_loading_div_3\">          <div id=\"loading_div_0\" class=\"bwg_spider_ajax_loading\">          <\/div>        <\/div>      <\/div>    <\/div>            <form id=\"gal_front_form_0\"              class=\"bwg-hidden\"              method=\"post\"              action=\"#\"              data-current=\"0\"              data-shortcode-id=\"3\"              data-gallery-type=\"thumbnails\"              data-gallery-id=\"2\"              data-tag=\"0\"              data-album-id=\"0\"              data-theme-id=\"1\"              data-ajax-url=\"https:\/\/www.lapetiteloiterie.fr\/lpl\/wp-admin\/admin-ajax.php?action=bwg_frontend_data\">          <div id=\"bwg_container3_0\" class=\"bwg-background bwg-background-0\">                <div data-max-count=\"5\"         data-thumbnail-width=\"250\"         data-bwg=\"0\"         data-gallery-id=\"2\"         data-lightbox-url=\"https:\/\/www.lapetiteloiterie.fr\/lpl\/wp-admin\/admin-ajax.php?action=GalleryBox&amp;current_view=0&amp;gallery_id=2&amp;tag=0&amp;theme_id=1&amp;shortcode_id=3&amp;sort_by=casual&amp;order_by=asc&amp;current_url=%2Flpl%2Fwp-json%2Fwp%2Fv2%2Fpages%2F3336\"         id=\"bwg_thumbnails_0\"         class=\"bwg-container-0 bwg-thumbnails bwg-standard-thumbnails bwg-container bwg-border-box\">            <div class=\"bwg-item\">        <a class=\"bwg-a  bwg_lightbox\"  data-image-id=\"106\" href=\"https:\/\/www.lapetiteloiterie.fr\/lpl\/wp-content\/uploads\/photo-gallery\/post_evol_cepees.jpg?bwg=1748165260\" data-elementor-open-lightbox=\"no\">                <div class=\"bwg-item0  lazy_loader \">          <div class=\"bwg-item1 bwg-zoom-effect\">            <div class=\"bwg-item2\">              <img decoding=\"async\" class=\"skip-lazy bwg_standart_thumb_img_0  bwg_lazyload \"                   data-id=\"106\"                   data-width=\"500\"                   data-height=\"705\"                   data-src=\"https:\/\/www.lapetiteloiterie.fr\/lpl\/wp-content\/uploads\/photo-gallery\/thumb\/post_evol_cepees.jpg?bwg=1748165260\"                   src=\"https:\/\/www.lapetiteloiterie.fr\/lpl\/wp-content\/plugins\/photo-gallery\/images\/lazy_placeholder.gif\"                   alt=\"\u00c9volution des arbres - les c\u00e9p\u00e9es\"                   title=\"\u00c9volution des arbres - les c\u00e9p\u00e9es\" \/>            <\/div>            <div class=\"bwg-zoom-effect-overlay\">              <div class=\"bwg-title1\"><div class=\"bwg-title2\">\u00c9volution des arbres - les c\u00e9p\u00e9es<\/div><\/div>                                        <\/div>          <\/div>        <\/div>                        <\/a>              <\/div>            <div class=\"bwg-item\">        <a class=\"bwg-a  bwg_lightbox\"  data-image-id=\"105\" href=\"https:\/\/www.lapetiteloiterie.fr\/lpl\/wp-content\/uploads\/photo-gallery\/post_evol_accid.jpg?bwg=1748165260\" data-elementor-open-lightbox=\"no\">                <div class=\"bwg-item0  lazy_loader \">          <div class=\"bwg-item1 bwg-zoom-effect\">            <div class=\"bwg-item2\">              <img decoding=\"async\" class=\"skip-lazy bwg_standart_thumb_img_0  bwg_lazyload \"                   data-id=\"105\"                   data-width=\"500\"                   data-height=\"705\"                   data-src=\"https:\/\/www.lapetiteloiterie.fr\/lpl\/wp-content\/uploads\/photo-gallery\/thumb\/post_evol_accid.jpg?bwg=1748165260\"                   src=\"https:\/\/www.lapetiteloiterie.fr\/lpl\/wp-content\/plugins\/photo-gallery\/images\/lazy_placeholder.gif\"                   alt=\"\u00c9volution des arbres - les arbres accident\u00e9s\"                   title=\"\u00c9volution des arbres - les arbres accident\u00e9s\" \/>            <\/div>            <div class=\"bwg-zoom-effect-overlay\">              <div class=\"bwg-title1\"><div class=\"bwg-title2\">\u00c9volution des arbres - les arbres accident\u00e9s<\/div><\/div>                                        <\/div>          <\/div>        <\/div>                        <\/a>              <\/div>            <div class=\"bwg-item\">        <a class=\"bwg-a  bwg_lightbox\"  data-image-id=\"104\" href=\"https:\/\/www.lapetiteloiterie.fr\/lpl\/wp-content\/uploads\/photo-gallery\/post_aerien.jpg?bwg=1748165260\" data-elementor-open-lightbox=\"no\">                <div class=\"bwg-item0  lazy_loader \">          <div class=\"bwg-item1 bwg-zoom-effect\">            <div class=\"bwg-item2\">              <img decoding=\"async\" class=\"skip-lazy bwg_standart_thumb_img_0  bwg_lazyload \"                   data-id=\"104\"                   data-width=\"500\"                   data-height=\"705\"                   data-src=\"https:\/\/www.lapetiteloiterie.fr\/lpl\/wp-content\/uploads\/photo-gallery\/thumb\/post_aerien.jpg?bwg=1748165260\"                   src=\"https:\/\/www.lapetiteloiterie.fr\/lpl\/wp-content\/plugins\/photo-gallery\/images\/lazy_placeholder.gif\"                   alt=\"Trente-cinq ans d&#039;\u00e9volution vue du ciel\"                   title=\"Trente-cinq ans d&#039;\u00e9volution vue du ciel\" \/>            <\/div>            <div class=\"bwg-zoom-effect-overlay\">              <div class=\"bwg-title1\"><div class=\"bwg-title2\">Trente-cinq ans d'\u00e9volution vue du ciel<\/div><\/div>                                        <\/div>          <\/div>        <\/div>                        <\/a>              <\/div>            <div class=\"bwg-item\">        <a class=\"bwg-a  bwg_lightbox\"  data-image-id=\"111\" href=\"https:\/\/www.lapetiteloiterie.fr\/lpl\/wp-content\/uploads\/photo-gallery\/post_evol_tetard.jpg?bwg=1748165260\" data-elementor-open-lightbox=\"no\">                <div class=\"bwg-item0  lazy_loader \">          <div class=\"bwg-item1 bwg-zoom-effect\">            <div class=\"bwg-item2\">              <img decoding=\"async\" class=\"skip-lazy bwg_standart_thumb_img_0  bwg_lazyload \"                   data-id=\"111\"                   data-width=\"500\"                   data-height=\"705\"                   data-src=\"https:\/\/www.lapetiteloiterie.fr\/lpl\/wp-content\/uploads\/photo-gallery\/thumb\/post_evol_tetard.jpg?bwg=1748165260\"                   src=\"https:\/\/www.lapetiteloiterie.fr\/lpl\/wp-content\/plugins\/photo-gallery\/images\/lazy_placeholder.gif\"                   alt=\"\u00c9volution des arbres - le fr\u00eane t\u00eatard\"                   title=\"\u00c9volution des arbres - le fr\u00eane t\u00eatard\" \/>            <\/div>            <div class=\"bwg-zoom-effect-overlay\">              <div class=\"bwg-title1\"><div class=\"bwg-title2\">\u00c9volution des arbres - le fr\u00eane t\u00eatard<\/div><\/div>                                        <\/div>          <\/div>        <\/div>                        <\/a>              <\/div>            <div class=\"bwg-item\">        <a class=\"bwg-a  bwg_lightbox\"  data-image-id=\"114\" href=\"https:\/\/www.lapetiteloiterie.fr\/lpl\/wp-content\/uploads\/photo-gallery\/post_insectes.jpg?bwg=1748165260\" data-elementor-open-lightbox=\"no\">                <div class=\"bwg-item0  lazy_loader \">          <div class=\"bwg-item1 bwg-zoom-effect\">            <div class=\"bwg-item2\">              <img decoding=\"async\" class=\"skip-lazy bwg_standart_thumb_img_0  bwg_lazyload \"                   data-id=\"114\"                   data-width=\"499\"                   data-height=\"706\"                   data-src=\"https:\/\/www.lapetiteloiterie.fr\/lpl\/wp-content\/uploads\/photo-gallery\/thumb\/post_insectes.jpg?bwg=1748165260\"                   src=\"https:\/\/www.lapetiteloiterie.fr\/lpl\/wp-content\/plugins\/photo-gallery\/images\/lazy_placeholder.gif\"                   alt=\"Insectes rencontr\u00e9s \u00e0 la Petite Loiterie\"                   title=\"Insectes rencontr\u00e9s \u00e0 la Petite Loiterie\" \/>            <\/div>            <div class=\"bwg-zoom-effect-overlay\">              <div class=\"bwg-title1\"><div class=\"bwg-title2\">Insectes rencontr\u00e9s \u00e0 la Petite Loiterie<\/div><\/div>                                        <\/div>          <\/div>        <\/div>                        <\/a>              <\/div>            <div class=\"bwg-item\">        <a class=\"bwg-a  bwg_lightbox\"  data-image-id=\"115\" href=\"https:\/\/www.lapetiteloiterie.fr\/lpl\/wp-content\/uploads\/photo-gallery\/post_reco.jpg?bwg=1748165260\" data-elementor-open-lightbox=\"no\">                <div class=\"bwg-item0  lazy_loader \">          <div class=\"bwg-item1 bwg-zoom-effect\">            <div class=\"bwg-item2\">              <img decoding=\"async\" class=\"skip-lazy bwg_standart_thumb_img_0  bwg_lazyload \"                   data-id=\"115\"                   data-width=\"500\"                   data-height=\"705\"                   data-src=\"https:\/\/www.lapetiteloiterie.fr\/lpl\/wp-content\/uploads\/photo-gallery\/thumb\/post_reco.jpg?bwg=1748165260\"                   src=\"https:\/\/www.lapetiteloiterie.fr\/lpl\/wp-content\/plugins\/photo-gallery\/images\/lazy_placeholder.gif\"                   alt=\"La reconnaissance des essences \u00e0 partir des feuilles\"                   title=\"La reconnaissance des essences \u00e0 partir des feuilles\" \/>            <\/div>            <div class=\"bwg-zoom-effect-overlay\">              <div class=\"bwg-title1\"><div class=\"bwg-title2\">La reconnaissance des essences \u00e0 partir des feuilles<\/div><\/div>                                        <\/div>          <\/div>        <\/div>                        <\/a>              <\/div>            <div class=\"bwg-item\">        <a class=\"bwg-a  bwg_lightbox\"  data-image-id=\"112\" href=\"https:\/\/www.lapetiteloiterie.fr\/lpl\/wp-content\/uploads\/photo-gallery\/post_evol_sl1.jpg?bwg=1748165260\" data-elementor-open-lightbox=\"no\">                <div class=\"bwg-item0  lazy_loader \">          <div class=\"bwg-item1 bwg-zoom-effect\">            <div class=\"bwg-item2\">              <img decoding=\"async\" class=\"skip-lazy bwg_standart_thumb_img_0  bwg_lazyload \"                   data-id=\"112\"                   data-width=\"500\"                   data-height=\"705\"                   data-src=\"https:\/\/www.lapetiteloiterie.fr\/lpl\/wp-content\/uploads\/photo-gallery\/thumb\/post_evol_sl1.jpg?bwg=1748165260\"                   src=\"https:\/\/www.lapetiteloiterie.fr\/lpl\/wp-content\/plugins\/photo-gallery\/images\/lazy_placeholder.gif\"                   alt=\"\u00c9volution des arbres - les formes semi-libres (1)\"                   title=\"\u00c9volution des arbres - les formes semi-libres (1)\" \/>            <\/div>            <div class=\"bwg-zoom-effect-overlay\">              <div class=\"bwg-title1\"><div class=\"bwg-title2\">\u00c9volution des arbres - les formes semi-libres (1)<\/div><\/div>                                        <\/div>          <\/div>        <\/div>                        <\/a>              <\/div>            <div class=\"bwg-item\">        <a class=\"bwg-a  bwg_lightbox\"  data-image-id=\"109\" href=\"https:\/\/www.lapetiteloiterie.fr\/lpl\/wp-content\/uploads\/photo-gallery\/post_evol_fp.jpg?bwg=1748165260\" data-elementor-open-lightbox=\"no\">                <div class=\"bwg-item0  lazy_loader \">          <div class=\"bwg-item1 bwg-zoom-effect\">            <div class=\"bwg-item2\">              <img decoding=\"async\" class=\"skip-lazy bwg_standart_thumb_img_0  bwg_lazyload \"                   data-id=\"109\"                   data-width=\"500\"                   data-height=\"705\"                   data-src=\"https:\/\/www.lapetiteloiterie.fr\/lpl\/wp-content\/uploads\/photo-gallery\/thumb\/post_evol_fp.jpg?bwg=1748165260\"                   src=\"https:\/\/www.lapetiteloiterie.fr\/lpl\/wp-content\/plugins\/photo-gallery\/images\/lazy_placeholder.gif\"                   alt=\"\u00c9volution des arbres - les formes particuli\u00e8res\"                   title=\"\u00c9volution des arbres - les formes particuli\u00e8res\" \/>            <\/div>            <div class=\"bwg-zoom-effect-overlay\">              <div class=\"bwg-title1\"><div class=\"bwg-title2\">\u00c9volution des arbres - les formes particuli\u00e8res<\/div><\/div>                                        <\/div>          <\/div>        <\/div>                        <\/a>              <\/div>            <div class=\"bwg-item\">        <a class=\"bwg-a  bwg_lightbox\"  data-image-id=\"116\" href=\"https:\/\/www.lapetiteloiterie.fr\/lpl\/wp-content\/uploads\/photo-gallery\/post_ornitho.jpg?bwg=1748165260\" data-elementor-open-lightbox=\"no\">                <div class=\"bwg-item0  lazy_loader \">          <div class=\"bwg-item1 bwg-zoom-effect\">            <div class=\"bwg-item2\">              <img decoding=\"async\" class=\"skip-lazy bwg_standart_thumb_img_0  bwg_lazyload \"                   data-id=\"116\"                   data-width=\"500\"                   data-height=\"705\"                   data-src=\"https:\/\/www.lapetiteloiterie.fr\/lpl\/wp-content\/uploads\/photo-gallery\/thumb\/post_ornitho.jpg?bwg=1748165260\"                   src=\"https:\/\/www.lapetiteloiterie.fr\/lpl\/wp-content\/plugins\/photo-gallery\/images\/lazy_placeholder.gif\"                   alt=\"Suivi ornithologique \u00e0 la Petite Loiterie\"                   title=\"Suivi ornithologique \u00e0 la Petite Loiterie\" \/>            <\/div>            <div class=\"bwg-zoom-effect-overlay\">              <div class=\"bwg-title1\"><div class=\"bwg-title2\">Suivi ornithologique \u00e0 la Petite Loiterie<\/div><\/div>                                        <\/div>          <\/div>        <\/div>                        <\/a>              <\/div>            <div class=\"bwg-item\">        <a class=\"bwg-a  bwg_lightbox\"  data-image-id=\"107\" href=\"https:\/\/www.lapetiteloiterie.fr\/lpl\/wp-content\/uploads\/photo-gallery\/post_arbust.jpg?bwg=1748165260\" data-elementor-open-lightbox=\"no\">                <div class=\"bwg-item0  lazy_loader \">          <div class=\"bwg-item1 bwg-zoom-effect\">            <div class=\"bwg-item2\">              <img decoding=\"async\" class=\"skip-lazy bwg_standart_thumb_img_0  bwg_lazyload \"                   data-id=\"107\"                   data-width=\"500\"                   data-height=\"705\"                   data-src=\"https:\/\/www.lapetiteloiterie.fr\/lpl\/wp-content\/uploads\/photo-gallery\/thumb\/post_arbust.jpg?bwg=1748165260\"                   src=\"https:\/\/www.lapetiteloiterie.fr\/lpl\/wp-content\/plugins\/photo-gallery\/images\/lazy_placeholder.gif\"                   alt=\"La taille des arbustes \u00e0 la Petite Loiterie\"                   title=\"La taille des arbustes \u00e0 la Petite Loiterie\" \/>            <\/div>            <div class=\"bwg-zoom-effect-overlay\">              <div class=\"bwg-title1\"><div class=\"bwg-title2\">La taille des arbustes \u00e0 la Petite Loiterie<\/div><\/div>                                        <\/div>          <\/div>        <\/div>                        <\/a>              <\/div>            <div class=\"bwg-item\">        <a class=\"bwg-a  bwg_lightbox\"  data-image-id=\"108\" href=\"https:\/\/www.lapetiteloiterie.fr\/lpl\/wp-content\/uploads\/photo-gallery\/post_buttes.jpg?bwg=1748165260\" data-elementor-open-lightbox=\"no\">                <div class=\"bwg-item0  lazy_loader \">          <div class=\"bwg-item1 bwg-zoom-effect\">            <div class=\"bwg-item2\">              <img decoding=\"async\" class=\"skip-lazy bwg_standart_thumb_img_0  bwg_lazyload \"                   data-id=\"108\"                   data-width=\"500\"                   data-height=\"705\"                   data-src=\"https:\/\/www.lapetiteloiterie.fr\/lpl\/wp-content\/uploads\/photo-gallery\/thumb\/post_buttes.jpg?bwg=1748165260\"                   src=\"https:\/\/www.lapetiteloiterie.fr\/lpl\/wp-content\/plugins\/photo-gallery\/images\/lazy_placeholder.gif\"                   alt=\"Plantation sur butte \u00e0 La Petite Loiterie\"                   title=\"Plantation sur butte \u00e0 La Petite Loiterie\" \/>            <\/div>            <div class=\"bwg-zoom-effect-overlay\">              <div class=\"bwg-title1\"><div class=\"bwg-title2\">Plantation sur butte \u00e0 La Petite Loiterie<\/div><\/div>                                        <\/div>          <\/div>        <\/div>                        <\/a>              <\/div>            <div class=\"bwg-item\">        <a class=\"bwg-a  bwg_lightbox\"  data-image-id=\"110\" href=\"https:\/\/www.lapetiteloiterie.fr\/lpl\/wp-content\/uploads\/photo-gallery\/post_evol_sl2.jpg?bwg=1748165260\" data-elementor-open-lightbox=\"no\">                <div class=\"bwg-item0  lazy_loader \">          <div class=\"bwg-item1 bwg-zoom-effect\">            <div class=\"bwg-item2\">              <img decoding=\"async\" class=\"skip-lazy bwg_standart_thumb_img_0  bwg_lazyload \"                   data-id=\"110\"                   data-width=\"500\"                   data-height=\"705\"                   data-src=\"https:\/\/www.lapetiteloiterie.fr\/lpl\/wp-content\/uploads\/photo-gallery\/thumb\/post_evol_sl2.jpg?bwg=1748165260\"                   src=\"https:\/\/www.lapetiteloiterie.fr\/lpl\/wp-content\/plugins\/photo-gallery\/images\/lazy_placeholder.gif\"                   alt=\"\u00c9volution des arbres - les formes semi-libres (2)\"                   title=\"\u00c9volution des arbres - les formes semi-libres (2)\" \/>            <\/div>            <div class=\"bwg-zoom-effect-overlay\">              <div class=\"bwg-title1\"><div class=\"bwg-title2\">\u00c9volution des arbres - les formes semi-libres (2)<\/div><\/div>                                        <\/div>          <\/div>        <\/div>                        <\/a>              <\/div>            <div class=\"bwg-item\">        <a class=\"bwg-a  bwg_lightbox\"  data-image-id=\"113\" href=\"https:\/\/www.lapetiteloiterie.fr\/lpl\/wp-content\/uploads\/photo-gallery\/post_faune.jpg?bwg=1748165260\" data-elementor-open-lightbox=\"no\">                <div class=\"bwg-item0  lazy_loader \">          <div class=\"bwg-item1 bwg-zoom-effect\">            <div class=\"bwg-item2\">              <img decoding=\"async\" class=\"skip-lazy bwg_standart_thumb_img_0  bwg_lazyload \"                   data-id=\"113\"                   data-width=\"500\"                   data-height=\"705\"                   data-src=\"https:\/\/www.lapetiteloiterie.fr\/lpl\/wp-content\/uploads\/photo-gallery\/thumb\/post_faune.jpg?bwg=1748165260\"                   src=\"https:\/\/www.lapetiteloiterie.fr\/lpl\/wp-content\/plugins\/photo-gallery\/images\/lazy_placeholder.gif\"                   alt=\"Faunes sauvage rencontr\u00e9e \u00e0 la Petite Loiterie (hors insectes)\"                   title=\"Faunes sauvage rencontr\u00e9e \u00e0 la Petite Loiterie (hors insectes)\" \/>            <\/div>            <div class=\"bwg-zoom-effect-overlay\">              <div class=\"bwg-title1\"><div class=\"bwg-title2\">Faunes sauvage rencontr\u00e9e \u00e0 la Petite Loiterie (hors insectes)<\/div><\/div>                                        <\/div>          <\/div>        <\/div>                        <\/a>              <\/div>          <\/div>              <\/div>        <\/form>                <div id=\"bwg_spider_popup_loading_0\" class=\"bwg_spider_popup_loading\"><\/div>        <div id=\"spider_popup_overlay_0\" class=\"spider_popup_overlay\" onclick=\"spider_destroypopup(1000)\"><\/div>        <input type=\"hidden\" id=\"bwg_random_seed_0\" value=\"1252448129\">                <\/div>    <\/div>    <script>      if (document.readyState === 'complete') {        if( typeof bwg_main_ready == 'function' ) {          if ( jQuery(\"#bwg_container1_0\").height() ) {            bwg_main_ready(jQuery(\"#bwg_container1_0\"));          }        }      } else {        document.addEventListener('DOMContentLoaded', function() {          if( typeof bwg_main_ready == 'function' ) {            if ( jQuery(\"#bwg_container1_0\").height() ) {             bwg_main_ready(jQuery(\"#bwg_container1_0\"));            }          }        });      }    <\/script>    \n\n\n","protected":false},"excerpt":{"rendered":"<p>Nous avons organis\u00e9, \u00e0 l&rsquo;occasion du trenti\u00e8me anniversaire des premi\u00e8res plantations, une journ\u00e9e professionnelle qui s&rsquo;est tenue le 14 mai 2025 \u00e0 la Petite Loiterie. Une exposition pr\u00e9sentait une douzaine d&rsquo;affiches portant sur divers aspects sp\u00e9cifiques de l&rsquo;arboretum&nbsp;: vous pouvez en avoir avoir un aper\u00e7u ci-apr\u00e8s, n&rsquo;h\u00e9sitez pas \u00e0 venir les voir en grandeur nature&nbsp;! [&hellip;]<\/p>\n","protected":false},"author":1,"featured_media":3341,"parent":35,"menu_order":15,"comment_status":"closed","ping_status":"closed","template":"page-templates\/full-width.php","meta":{"footnotes":""},"class_list":["post-3336","page","type-page","status-publish","has-post-thumbnail","hentry"],"_links":{"self":[{"href":"https:\/\/www.lapetiteloiterie.fr\/lpl\/wp-json\/wp\/v2\/pages\/3336","targetHints":{"allow":["GET"]}}],"collection":[{"href":"https:\/\/www.lapetiteloiterie.fr\/lpl\/wp-json\/wp\/v2\/pages"}],"about":[{"href":"https:\/\/www.lapetiteloiterie.fr\/lpl\/wp-json\/wp\/v2\/types\/page"}],"author":[{"embeddable":true,"href":"https:\/\/www.lapetiteloiterie.fr\/lpl\/wp-json\/wp\/v2\/users\/1"}],"replies":[{"embeddable":true,"href":"https:\/\/www.lapetiteloiterie.fr\/lpl\/wp-json\/wp\/v2\/comments?post=3336"}],"version-history":[{"count":10,"href":"https:\/\/www.lapetiteloiterie.fr\/lpl\/wp-json\/wp\/v2\/pages\/3336\/revisions"}],"predecessor-version":[{"id":3570,"href":"https:\/\/www.lapetiteloiterie.fr\/lpl\/wp-json\/wp\/v2\/pages\/3336\/revisions\/3570"}],"up":[{"embeddable":true,"href":"https:\/\/www.lapetiteloiterie.fr\/lpl\/wp-json\/wp\/v2\/pages\/35"}],"wp:featuredmedia":[{"embeddable":true,"href":"https:\/\/www.lapetiteloiterie.fr\/lpl\/wp-json\/wp\/v2\/media\/3341"}],"wp:attachment":[{"href":"https:\/\/www.lapetiteloiterie.fr\/lpl\/wp-json\/wp\/v2\/media?parent=3336"}],"curies":[{"name":"wp","href":"https:\/\/api.w.org\/{rel}","templated":true}]}}