{"id":3430,"date":"2025-08-29T14:06:04","date_gmt":"2025-08-29T12:06:04","guid":{"rendered":"https:\/\/www.lapetiteloiterie.fr\/lpl\/?page_id=3430"},"modified":"2025-09-01T14:51:04","modified_gmt":"2025-09-01T12:51:04","slug":"videos_140525","status":"publish","type":"page","link":"https:\/\/www.lapetiteloiterie.fr\/lpl\/medias_collaborations\/videos_140525\/","title":{"rendered":"Journ\u00e9e d&rsquo;\u00e9tude et d&rsquo;\u00e9change du 14 mai 2025 &#8211; Vid\u00e9os"},"content":{"rendered":"<p>Ces vid\u00e9os ont \u00e9t\u00e9 film\u00e9es lors de la Journ\u00e9e d&rsquo;\u00e9tude et d&rsquo;\u00e9change du 15 mai 2025, organis\u00e9e \u00e0 l&rsquo;occasion du 30<sup>\u00e8me<\/sup> anniversaire des premi\u00e8res plantations.<br \/>\nElles ont \u00e9t\u00e9 r\u00e9alis\u00e9es par Michel El Hannachi, du CAUE77.<br \/>\n<ul class=\"lcp_catlist\" id=\"lcp_instance_0\"><li><a href=\"https:\/\/www.lapetiteloiterie.fr\/lpl\/art\/vid-140525-01\/\">Journ\u00e9e du 14 mai 2025 &#8211; 01. Ouverture de la journ\u00e9e<\/a><a href=\"https:\/\/www.lapetiteloiterie.fr\/lpl\/art\/vid-140525-01\/\" title=\"Journ\u00e9e du 14 mai 2025 - 01. Ouverture de la journ\u00e9e\"><img loading=\"lazy\" decoding=\"async\" width=\"320\" height=\"180\" src=\"https:\/\/www.lapetiteloiterie.fr\/lpl\/wp-content\/uploads\/Bandeaux1-scaled.jpg\" class=\"lcp_thumbnail wp-post-image\" alt=\"Journ\u00e9e du 14 mai 2025 - 01. Ouverture de la journ\u00e9e\" srcset=\"https:\/\/www.lapetiteloiterie.fr\/lpl\/wp-content\/uploads\/Bandeaux1-scaled.jpg 2560w, https:\/\/www.lapetiteloiterie.fr\/lpl\/wp-content\/uploads\/Bandeaux1-320x180.jpg 320w, https:\/\/www.lapetiteloiterie.fr\/lpl\/wp-content\/uploads\/Bandeaux1-1280x720.jpg 1280w, https:\/\/www.lapetiteloiterie.fr\/lpl\/wp-content\/uploads\/Bandeaux1-768x432.jpg 768w, https:\/\/www.lapetiteloiterie.fr\/lpl\/wp-content\/uploads\/Bandeaux1-1536x864.jpg 1536w, https:\/\/www.lapetiteloiterie.fr\/lpl\/wp-content\/uploads\/Bandeaux1-2048x1152.jpg 2048w, https:\/\/www.lapetiteloiterie.fr\/lpl\/wp-content\/uploads\/Bandeaux1-624x351.jpg 624w\" sizes=\"auto, (max-width: 320px) 100vw, 320px\" title=\"Bandeaux1\" \/><\/a><div class=\"lcp_excerpt\">Ouverture de la journ\u00e9e, par Jacques Soignon\n(8&rsquo;06)\n<\/div><\/li><li><a href=\"https:\/\/www.lapetiteloiterie.fr\/lpl\/art\/vid-140525-02\/\">Journ\u00e9e du 14 mai 2025 &#8211; 02. Remerciements<\/a><a href=\"https:\/\/www.lapetiteloiterie.fr\/lpl\/art\/vid-140525-02\/\" title=\"Journ\u00e9e du 14 mai 2025 - 02. Remerciements\"><img loading=\"lazy\" decoding=\"async\" width=\"320\" height=\"180\" src=\"https:\/\/www.lapetiteloiterie.fr\/lpl\/wp-content\/uploads\/Bandeaux2-scaled.jpg\" class=\"lcp_thumbnail wp-post-image\" alt=\"Journ\u00e9e du 14 mai 2025 - 02. Remerciements\" srcset=\"https:\/\/www.lapetiteloiterie.fr\/lpl\/wp-content\/uploads\/Bandeaux2-scaled.jpg 2560w, https:\/\/www.lapetiteloiterie.fr\/lpl\/wp-content\/uploads\/Bandeaux2-320x180.jpg 320w, https:\/\/www.lapetiteloiterie.fr\/lpl\/wp-content\/uploads\/Bandeaux2-1280x720.jpg 1280w, https:\/\/www.lapetiteloiterie.fr\/lpl\/wp-content\/uploads\/Bandeaux2-768x432.jpg 768w, https:\/\/www.lapetiteloiterie.fr\/lpl\/wp-content\/uploads\/Bandeaux2-1536x864.jpg 1536w, https:\/\/www.lapetiteloiterie.fr\/lpl\/wp-content\/uploads\/Bandeaux2-2048x1152.jpg 2048w, https:\/\/www.lapetiteloiterie.fr\/lpl\/wp-content\/uploads\/Bandeaux2-624x351.jpg 624w\" sizes=\"auto, (max-width: 320px) 100vw, 320px\" title=\"Bandeaux2\" \/><\/a><div class=\"lcp_excerpt\">Remerciements, par Annie Imbaud (2&rsquo;52)\n<\/div><\/li><li><a href=\"https:\/\/www.lapetiteloiterie.fr\/lpl\/art\/vid-140525-03\/\">Journ\u00e9e du 14 mai 2025 &#8211; 03. Pr\u00e9sentation de l&rsquo;arboretum &#8211; La g\u00e9n\u00e8se<\/a><a href=\"https:\/\/www.lapetiteloiterie.fr\/lpl\/art\/vid-140525-03\/\" title=\"Journ\u00e9e du 14 mai 2025 - 03. Pr\u00e9sentation de l&#039;arboretum - La g\u00e9n\u00e8se\"><img loading=\"lazy\" decoding=\"async\" width=\"320\" height=\"180\" src=\"https:\/\/www.lapetiteloiterie.fr\/lpl\/wp-content\/uploads\/Bandeaux3-scaled.jpg\" class=\"lcp_thumbnail wp-post-image\" alt=\"Journ\u00e9e du 14 mai 2025 - 03. Pr\u00e9sentation de l&#039;arboretum - La g\u00e9n\u00e8se\" srcset=\"https:\/\/www.lapetiteloiterie.fr\/lpl\/wp-content\/uploads\/Bandeaux3-scaled.jpg 2560w, https:\/\/www.lapetiteloiterie.fr\/lpl\/wp-content\/uploads\/Bandeaux3-320x180.jpg 320w, https:\/\/www.lapetiteloiterie.fr\/lpl\/wp-content\/uploads\/Bandeaux3-1280x720.jpg 1280w, https:\/\/www.lapetiteloiterie.fr\/lpl\/wp-content\/uploads\/Bandeaux3-768x432.jpg 768w, https:\/\/www.lapetiteloiterie.fr\/lpl\/wp-content\/uploads\/Bandeaux3-1536x864.jpg 1536w, https:\/\/www.lapetiteloiterie.fr\/lpl\/wp-content\/uploads\/Bandeaux3-2048x1152.jpg 2048w, https:\/\/www.lapetiteloiterie.fr\/lpl\/wp-content\/uploads\/Bandeaux3-624x351.jpg 624w\" sizes=\"auto, (max-width: 320px) 100vw, 320px\" title=\"Bandeaux3\" \/><\/a><div class=\"lcp_excerpt\">La g\u00e9n\u00e8se, par Jac Boutaud (4&rsquo;53)\n<\/div><\/li><li><a href=\"https:\/\/www.lapetiteloiterie.fr\/lpl\/art\/vid-140525-04\/\">Journ\u00e9e du 14 mai 2025 &#8211; 04. Pr\u00e9sentation de l&rsquo;arboretum &#8211; Portrait<\/a><a href=\"https:\/\/www.lapetiteloiterie.fr\/lpl\/art\/vid-140525-04\/\" title=\"Journ\u00e9e du 14 mai 2025 - 04. Pr\u00e9sentation de l&#039;arboretum - Portrait\"><img loading=\"lazy\" decoding=\"async\" width=\"320\" height=\"180\" src=\"https:\/\/www.lapetiteloiterie.fr\/lpl\/wp-content\/uploads\/Bandeaux4-scaled.jpg\" class=\"lcp_thumbnail wp-post-image\" alt=\"Journ\u00e9e du 14 mai 2025 - 04. Pr\u00e9sentation de l&#039;arboretum - Portrait\" srcset=\"https:\/\/www.lapetiteloiterie.fr\/lpl\/wp-content\/uploads\/Bandeaux4-scaled.jpg 2560w, https:\/\/www.lapetiteloiterie.fr\/lpl\/wp-content\/uploads\/Bandeaux4-320x180.jpg 320w, https:\/\/www.lapetiteloiterie.fr\/lpl\/wp-content\/uploads\/Bandeaux4-1280x720.jpg 1280w, https:\/\/www.lapetiteloiterie.fr\/lpl\/wp-content\/uploads\/Bandeaux4-768x432.jpg 768w, https:\/\/www.lapetiteloiterie.fr\/lpl\/wp-content\/uploads\/Bandeaux4-1536x864.jpg 1536w, https:\/\/www.lapetiteloiterie.fr\/lpl\/wp-content\/uploads\/Bandeaux4-2048x1152.jpg 2048w, https:\/\/www.lapetiteloiterie.fr\/lpl\/wp-content\/uploads\/Bandeaux4-624x351.jpg 624w\" sizes=\"auto, (max-width: 320px) 100vw, 320px\" title=\"Bandeaux4\" \/><\/a><div class=\"lcp_excerpt\">Portrait de l&rsquo;arboretum, par Jean-Pierre Prime et Annie Imbaud  (6&rsquo;50)\n<\/div><\/li><li><a href=\"https:\/\/www.lapetiteloiterie.fr\/lpl\/art\/vid-140525-05\/\">Journ\u00e9e du 14 mai 2025 &#8211; 05. Pr\u00e9sentation de l&rsquo;arboretum &#8211; Comment \u00e7a marche<\/a><a href=\"https:\/\/www.lapetiteloiterie.fr\/lpl\/art\/vid-140525-05\/\" title=\"Journ\u00e9e du 14 mai 2025 - 05. Pr\u00e9sentation de l&#039;arboretum - Comment \u00e7a marche\"><img loading=\"lazy\" decoding=\"async\" width=\"320\" height=\"180\" src=\"https:\/\/www.lapetiteloiterie.fr\/lpl\/wp-content\/uploads\/Bandeaux5-scaled.jpg\" class=\"lcp_thumbnail wp-post-image\" alt=\"Journ\u00e9e du 14 mai 2025 - 05. Pr\u00e9sentation de l&#039;arboretum - Comment \u00e7a marche\" srcset=\"https:\/\/www.lapetiteloiterie.fr\/lpl\/wp-content\/uploads\/Bandeaux5-scaled.jpg 2560w, https:\/\/www.lapetiteloiterie.fr\/lpl\/wp-content\/uploads\/Bandeaux5-320x180.jpg 320w, https:\/\/www.lapetiteloiterie.fr\/lpl\/wp-content\/uploads\/Bandeaux5-1280x720.jpg 1280w, https:\/\/www.lapetiteloiterie.fr\/lpl\/wp-content\/uploads\/Bandeaux5-768x432.jpg 768w, https:\/\/www.lapetiteloiterie.fr\/lpl\/wp-content\/uploads\/Bandeaux5-1536x864.jpg 1536w, https:\/\/www.lapetiteloiterie.fr\/lpl\/wp-content\/uploads\/Bandeaux5-2048x1152.jpg 2048w, https:\/\/www.lapetiteloiterie.fr\/lpl\/wp-content\/uploads\/Bandeaux5-624x351.jpg 624w\" sizes=\"auto, (max-width: 320px) 100vw, 320px\" title=\"Bandeaux5\" \/><\/a><div class=\"lcp_excerpt\">Comment \u00e7a marche, par Annie Imbaud avec Corinne Bourgery  (14&rsquo;29)\n<\/div><\/li><li><a href=\"https:\/\/www.lapetiteloiterie.fr\/lpl\/art\/vid-140525-06\/\">Journ\u00e9e du 14 mai 2025 &#8211; 06. Pr\u00e9sentation de l&rsquo;arboretum \u2013 Sp\u00e9cificit\u00e9s \u2013 les v\u00e9g\u00e9taux<\/a><a href=\"https:\/\/www.lapetiteloiterie.fr\/lpl\/art\/vid-140525-06\/\" title=\"Journ\u00e9e du 14 mai 2025 - 06. Pr\u00e9sentation de l&#039;arboretum \u2013 Sp\u00e9cificit\u00e9s \u2013 les v\u00e9g\u00e9taux\"><img loading=\"lazy\" decoding=\"async\" width=\"320\" height=\"180\" src=\"https:\/\/www.lapetiteloiterie.fr\/lpl\/wp-content\/uploads\/Bandeaux6-scaled.jpg\" class=\"lcp_thumbnail wp-post-image\" alt=\"Journ\u00e9e du 14 mai 2025 - 06. Pr\u00e9sentation de l&#039;arboretum \u2013 Sp\u00e9cificit\u00e9s \u2013 les v\u00e9g\u00e9taux\" srcset=\"https:\/\/www.lapetiteloiterie.fr\/lpl\/wp-content\/uploads\/Bandeaux6-scaled.jpg 2560w, https:\/\/www.lapetiteloiterie.fr\/lpl\/wp-content\/uploads\/Bandeaux6-320x180.jpg 320w, https:\/\/www.lapetiteloiterie.fr\/lpl\/wp-content\/uploads\/Bandeaux6-1280x720.jpg 1280w, https:\/\/www.lapetiteloiterie.fr\/lpl\/wp-content\/uploads\/Bandeaux6-768x432.jpg 768w, https:\/\/www.lapetiteloiterie.fr\/lpl\/wp-content\/uploads\/Bandeaux6-1536x864.jpg 1536w, https:\/\/www.lapetiteloiterie.fr\/lpl\/wp-content\/uploads\/Bandeaux6-2048x1152.jpg 2048w, https:\/\/www.lapetiteloiterie.fr\/lpl\/wp-content\/uploads\/Bandeaux6-624x351.jpg 624w\" sizes=\"auto, (max-width: 320px) 100vw, 320px\" title=\"Bandeaux6\" \/><\/a><div class=\"lcp_excerpt\">Les v\u00e9g\u00e9taux, par Jac Boutaud  (10&rsquo;48)\n<\/div><\/li><li><a href=\"https:\/\/www.lapetiteloiterie.fr\/lpl\/art\/vid-140525-07\/\">Journ\u00e9e du 14 mai 2025 &#8211; 07. Pr\u00e9sentation de l&rsquo;arboretum \u2013 Sp\u00e9cificit\u00e9s \u2013 Architecture des ligneux<\/a><a href=\"https:\/\/www.lapetiteloiterie.fr\/lpl\/art\/vid-140525-07\/\" title=\"Journ\u00e9e du 14 mai 2025 - 07. Pr\u00e9sentation de l&#039;arboretum \u2013 Sp\u00e9cificit\u00e9s \u2013 Architecture des ligneux\"><img loading=\"lazy\" decoding=\"async\" width=\"320\" height=\"180\" src=\"https:\/\/www.lapetiteloiterie.fr\/lpl\/wp-content\/uploads\/Bandeaux7-scaled.jpg\" class=\"lcp_thumbnail wp-post-image\" alt=\"Journ\u00e9e du 14 mai 2025 - 07. Pr\u00e9sentation de l&#039;arboretum \u2013 Sp\u00e9cificit\u00e9s \u2013 Architecture des ligneux\" srcset=\"https:\/\/www.lapetiteloiterie.fr\/lpl\/wp-content\/uploads\/Bandeaux7-scaled.jpg 2560w, https:\/\/www.lapetiteloiterie.fr\/lpl\/wp-content\/uploads\/Bandeaux7-320x180.jpg 320w, https:\/\/www.lapetiteloiterie.fr\/lpl\/wp-content\/uploads\/Bandeaux7-1280x720.jpg 1280w, https:\/\/www.lapetiteloiterie.fr\/lpl\/wp-content\/uploads\/Bandeaux7-768x432.jpg 768w, https:\/\/www.lapetiteloiterie.fr\/lpl\/wp-content\/uploads\/Bandeaux7-1536x864.jpg 1536w, https:\/\/www.lapetiteloiterie.fr\/lpl\/wp-content\/uploads\/Bandeaux7-2048x1152.jpg 2048w, https:\/\/www.lapetiteloiterie.fr\/lpl\/wp-content\/uploads\/Bandeaux7-624x351.jpg 624w\" sizes=\"auto, (max-width: 320px) 100vw, 320px\" title=\"Bandeaux7\" \/><\/a><div class=\"lcp_excerpt\">Architecture des ligneux, par Yves Caraglio et Jac Boutaud  (15&rsquo;38)\n<\/div><\/li><li><a href=\"https:\/\/www.lapetiteloiterie.fr\/lpl\/art\/vid-140525-08\/\">Journ\u00e9e du 14 mai 2025 &#8211; 08. Pr\u00e9sentation de l&rsquo;arboretum \u2013Sp\u00e9cificit\u00e9s \u2013 Adaptabilit\u00e9s<\/a><a href=\"https:\/\/www.lapetiteloiterie.fr\/lpl\/art\/vid-140525-08\/\" title=\"Journ\u00e9e du 14 mai 2025 - 08. Pr\u00e9sentation de l&#039;arboretum \u2013Sp\u00e9cificit\u00e9s \u2013 Adaptabilit\u00e9s\"><img loading=\"lazy\" decoding=\"async\" width=\"320\" height=\"180\" src=\"https:\/\/www.lapetiteloiterie.fr\/lpl\/wp-content\/uploads\/Bandeaux8-scaled.jpg\" class=\"lcp_thumbnail wp-post-image\" alt=\"Journ\u00e9e du 14 mai 2025 - 08. Pr\u00e9sentation de l&#039;arboretum \u2013Sp\u00e9cificit\u00e9s \u2013 Adaptabilit\u00e9s\" srcset=\"https:\/\/www.lapetiteloiterie.fr\/lpl\/wp-content\/uploads\/Bandeaux8-scaled.jpg 2560w, https:\/\/www.lapetiteloiterie.fr\/lpl\/wp-content\/uploads\/Bandeaux8-320x180.jpg 320w, https:\/\/www.lapetiteloiterie.fr\/lpl\/wp-content\/uploads\/Bandeaux8-1280x720.jpg 1280w, https:\/\/www.lapetiteloiterie.fr\/lpl\/wp-content\/uploads\/Bandeaux8-768x432.jpg 768w, https:\/\/www.lapetiteloiterie.fr\/lpl\/wp-content\/uploads\/Bandeaux8-1536x864.jpg 1536w, https:\/\/www.lapetiteloiterie.fr\/lpl\/wp-content\/uploads\/Bandeaux8-2048x1152.jpg 2048w, https:\/\/www.lapetiteloiterie.fr\/lpl\/wp-content\/uploads\/Bandeaux8-624x351.jpg 624w\" sizes=\"auto, (max-width: 320px) 100vw, 320px\" title=\"Bandeaux8\" \/><\/a><div class=\"lcp_excerpt\">Adaptabilit\u00e9s, par G\u00e9rard Dum\u00e9 et Jac Boutaud  (10&rsquo;28)\n<\/div><\/li><li><a href=\"https:\/\/www.lapetiteloiterie.fr\/lpl\/art\/vid-140525-09\/\">Journ\u00e9e du 14 mai 2025 &#8211; 09. Pr\u00e9sentation de l&rsquo;arboretum \u2013 Accueil du public<\/a><a href=\"https:\/\/www.lapetiteloiterie.fr\/lpl\/art\/vid-140525-09\/\" title=\"Journ\u00e9e du 14 mai 2025 - 09. Pr\u00e9sentation de l&#039;arboretum \u2013 Accueil du public\"><img loading=\"lazy\" decoding=\"async\" width=\"320\" height=\"180\" src=\"https:\/\/www.lapetiteloiterie.fr\/lpl\/wp-content\/uploads\/Bandeaux9-scaled.jpg\" class=\"lcp_thumbnail wp-post-image\" alt=\"Journ\u00e9e du 14 mai 2025 - 09. Pr\u00e9sentation de l&#039;arboretum \u2013 Accueil du public\" srcset=\"https:\/\/www.lapetiteloiterie.fr\/lpl\/wp-content\/uploads\/Bandeaux9-scaled.jpg 2560w, https:\/\/www.lapetiteloiterie.fr\/lpl\/wp-content\/uploads\/Bandeaux9-320x180.jpg 320w, https:\/\/www.lapetiteloiterie.fr\/lpl\/wp-content\/uploads\/Bandeaux9-1280x720.jpg 1280w, https:\/\/www.lapetiteloiterie.fr\/lpl\/wp-content\/uploads\/Bandeaux9-768x432.jpg 768w, https:\/\/www.lapetiteloiterie.fr\/lpl\/wp-content\/uploads\/Bandeaux9-1536x864.jpg 1536w, https:\/\/www.lapetiteloiterie.fr\/lpl\/wp-content\/uploads\/Bandeaux9-2048x1152.jpg 2048w, https:\/\/www.lapetiteloiterie.fr\/lpl\/wp-content\/uploads\/Bandeaux9-624x351.jpg 624w\" sizes=\"auto, (max-width: 320px) 100vw, 320px\" title=\"Bandeaux9\" \/><\/a><div class=\"lcp_excerpt\">Accueil du public, par Annie Imbaud avec Camille Boutaud  (10&rsquo;15)\n<\/div><\/li><li><a href=\"https:\/\/www.lapetiteloiterie.fr\/lpl\/art\/vid-140525-10\/\">Journ\u00e9e du 14 mai 2025 &#8211; 10. Perspectives de valorisation \u2013 Observatoire permanent<\/a><a href=\"https:\/\/www.lapetiteloiterie.fr\/lpl\/art\/vid-140525-10\/\" title=\"Journ\u00e9e du 14 mai 2025 - 10. Perspectives de valorisation \u2013 Observatoire permanent\"><img loading=\"lazy\" decoding=\"async\" width=\"320\" height=\"180\" src=\"https:\/\/www.lapetiteloiterie.fr\/lpl\/wp-content\/uploads\/Bandeaux10-scaled.jpg\" class=\"lcp_thumbnail wp-post-image\" alt=\"Journ\u00e9e du 14 mai 2025 - 10. Perspectives de valorisation \u2013 Observatoire permanent\" srcset=\"https:\/\/www.lapetiteloiterie.fr\/lpl\/wp-content\/uploads\/Bandeaux10-scaled.jpg 2560w, https:\/\/www.lapetiteloiterie.fr\/lpl\/wp-content\/uploads\/Bandeaux10-320x180.jpg 320w, https:\/\/www.lapetiteloiterie.fr\/lpl\/wp-content\/uploads\/Bandeaux10-1280x720.jpg 1280w, https:\/\/www.lapetiteloiterie.fr\/lpl\/wp-content\/uploads\/Bandeaux10-768x432.jpg 768w, https:\/\/www.lapetiteloiterie.fr\/lpl\/wp-content\/uploads\/Bandeaux10-1536x864.jpg 1536w, https:\/\/www.lapetiteloiterie.fr\/lpl\/wp-content\/uploads\/Bandeaux10-2048x1152.jpg 2048w, https:\/\/www.lapetiteloiterie.fr\/lpl\/wp-content\/uploads\/Bandeaux10-624x351.jpg 624w\" sizes=\"auto, (max-width: 320px) 100vw, 320px\" title=\"Bandeaux10\" \/><\/a><div class=\"lcp_excerpt\">Observatoire permanent, par Jac Boutaud avec Dominique Mansion  (18&rsquo;16)\n<\/div><\/li><li><a href=\"https:\/\/www.lapetiteloiterie.fr\/lpl\/art\/vid-140525-11\/\">Journ\u00e9e du 14 mai 2025 &#8211; 11. Perspectives de valorisation \u2013 Observatoire et partenariats<\/a><a href=\"https:\/\/www.lapetiteloiterie.fr\/lpl\/art\/vid-140525-11\/\" title=\"Journ\u00e9e du 14 mai 2025 - 11. Perspectives de valorisation \u2013 Observatoire et partenariats\"><img loading=\"lazy\" decoding=\"async\" width=\"320\" height=\"180\" src=\"https:\/\/www.lapetiteloiterie.fr\/lpl\/wp-content\/uploads\/Bandeaux11-scaled.jpg\" class=\"lcp_thumbnail wp-post-image\" alt=\"Journ\u00e9e du 14 mai 2025 - 11. Perspectives de valorisation \u2013 Observatoire et partenariats\" srcset=\"https:\/\/www.lapetiteloiterie.fr\/lpl\/wp-content\/uploads\/Bandeaux11-scaled.jpg 2560w, https:\/\/www.lapetiteloiterie.fr\/lpl\/wp-content\/uploads\/Bandeaux11-320x180.jpg 320w, https:\/\/www.lapetiteloiterie.fr\/lpl\/wp-content\/uploads\/Bandeaux11-1280x720.jpg 1280w, https:\/\/www.lapetiteloiterie.fr\/lpl\/wp-content\/uploads\/Bandeaux11-768x432.jpg 768w, https:\/\/www.lapetiteloiterie.fr\/lpl\/wp-content\/uploads\/Bandeaux11-1536x864.jpg 1536w, https:\/\/www.lapetiteloiterie.fr\/lpl\/wp-content\/uploads\/Bandeaux11-2048x1152.jpg 2048w, https:\/\/www.lapetiteloiterie.fr\/lpl\/wp-content\/uploads\/Bandeaux11-624x351.jpg 624w\" sizes=\"auto, (max-width: 320px) 100vw, 320px\" title=\"Bandeaux11\" \/><\/a><div class=\"lcp_excerpt\">Observatoire et partenariats, par Caroline Gutleben, Jac Boutaud et Yves Caraglio avec Pierre Aversenq (15&rsquo;41)\n<\/div><\/li><li><a href=\"https:\/\/www.lapetiteloiterie.fr\/lpl\/art\/vid-140525-12\/\">Journ\u00e9e du 14 mai 2025 &#8211; 12. Perspectives de valorisation \u2013 Projets<\/a><a href=\"https:\/\/www.lapetiteloiterie.fr\/lpl\/art\/vid-140525-12\/\" title=\"Journ\u00e9e du 14 mai 2025 - 12. Perspectives de valorisation \u2013 Projets\"><img loading=\"lazy\" decoding=\"async\" width=\"320\" height=\"180\" src=\"https:\/\/www.lapetiteloiterie.fr\/lpl\/wp-content\/uploads\/Bandeaux12-scaled.jpg\" class=\"lcp_thumbnail wp-post-image\" alt=\"Journ\u00e9e du 14 mai 2025 - 12. Perspectives de valorisation \u2013 Projets\" srcset=\"https:\/\/www.lapetiteloiterie.fr\/lpl\/wp-content\/uploads\/Bandeaux12-scaled.jpg 2560w, https:\/\/www.lapetiteloiterie.fr\/lpl\/wp-content\/uploads\/Bandeaux12-320x180.jpg 320w, https:\/\/www.lapetiteloiterie.fr\/lpl\/wp-content\/uploads\/Bandeaux12-1280x720.jpg 1280w, https:\/\/www.lapetiteloiterie.fr\/lpl\/wp-content\/uploads\/Bandeaux12-768x432.jpg 768w, https:\/\/www.lapetiteloiterie.fr\/lpl\/wp-content\/uploads\/Bandeaux12-1536x864.jpg 1536w, https:\/\/www.lapetiteloiterie.fr\/lpl\/wp-content\/uploads\/Bandeaux12-2048x1152.jpg 2048w, https:\/\/www.lapetiteloiterie.fr\/lpl\/wp-content\/uploads\/Bandeaux12-624x351.jpg 624w\" sizes=\"auto, (max-width: 320px) 100vw, 320px\" title=\"Bandeaux12\" \/><\/a><div class=\"lcp_excerpt\">Projets, par Jac Boutaud, Franck Mass\u00e9, Pierre Symulak et Jacques Soignon (16&rsquo;03)\n<\/div><\/li><li><a href=\"https:\/\/www.lapetiteloiterie.fr\/lpl\/art\/vid-140525-13\/\">Journ\u00e9e du 14 mai 2025 &#8211; 13. T\u00e9moignages \u2013 Protection et p\u00e9rennisation<\/a><a href=\"https:\/\/www.lapetiteloiterie.fr\/lpl\/art\/vid-140525-13\/\" title=\"Journ\u00e9e du 14 mai 2025 - 13. T\u00e9moignages \u2013 Protection et p\u00e9rennisation\"><img loading=\"lazy\" decoding=\"async\" width=\"320\" height=\"180\" src=\"https:\/\/www.lapetiteloiterie.fr\/lpl\/wp-content\/uploads\/Bandeaux13-scaled.jpg\" class=\"lcp_thumbnail wp-post-image\" alt=\"Journ\u00e9e du 14 mai 2025 - 13. T\u00e9moignages \u2013 Protection et p\u00e9rennisation\" srcset=\"https:\/\/www.lapetiteloiterie.fr\/lpl\/wp-content\/uploads\/Bandeaux13-scaled.jpg 2560w, https:\/\/www.lapetiteloiterie.fr\/lpl\/wp-content\/uploads\/Bandeaux13-320x180.jpg 320w, https:\/\/www.lapetiteloiterie.fr\/lpl\/wp-content\/uploads\/Bandeaux13-1280x720.jpg 1280w, https:\/\/www.lapetiteloiterie.fr\/lpl\/wp-content\/uploads\/Bandeaux13-768x432.jpg 768w, https:\/\/www.lapetiteloiterie.fr\/lpl\/wp-content\/uploads\/Bandeaux13-1536x864.jpg 1536w, https:\/\/www.lapetiteloiterie.fr\/lpl\/wp-content\/uploads\/Bandeaux13-2048x1152.jpg 2048w, https:\/\/www.lapetiteloiterie.fr\/lpl\/wp-content\/uploads\/Bandeaux13-624x351.jpg 624w\" sizes=\"auto, (max-width: 320px) 100vw, 320px\" title=\"Bandeaux13\" \/><\/a><div class=\"lcp_excerpt\">Protection et perennisation, par Augustin Bonnardot (6&rsquo;24)\n<\/div><\/li><li><a href=\"https:\/\/www.lapetiteloiterie.fr\/lpl\/art\/vid-140525-14\/\">Journ\u00e9e du 14 mai 2025 &#8211; 14. T\u00e9moignages \u2013 Int\u00e9r\u00eats et usages de l&rsquo;arboretum<\/a><a href=\"https:\/\/www.lapetiteloiterie.fr\/lpl\/art\/vid-140525-14\/\" title=\"Journ\u00e9e du 14 mai 2025 - 14. T\u00e9moignages \u2013 Int\u00e9r\u00eats et usages de l&#039;arboretum\"><img loading=\"lazy\" decoding=\"async\" width=\"320\" height=\"180\" src=\"https:\/\/www.lapetiteloiterie.fr\/lpl\/wp-content\/uploads\/Bandeaux14-scaled.jpg\" class=\"lcp_thumbnail wp-post-image\" alt=\"Journ\u00e9e du 14 mai 2025 - 14. T\u00e9moignages \u2013 Int\u00e9r\u00eats et usages de l&#039;arboretum\" srcset=\"https:\/\/www.lapetiteloiterie.fr\/lpl\/wp-content\/uploads\/Bandeaux14-scaled.jpg 2560w, https:\/\/www.lapetiteloiterie.fr\/lpl\/wp-content\/uploads\/Bandeaux14-320x180.jpg 320w, https:\/\/www.lapetiteloiterie.fr\/lpl\/wp-content\/uploads\/Bandeaux14-1280x720.jpg 1280w, https:\/\/www.lapetiteloiterie.fr\/lpl\/wp-content\/uploads\/Bandeaux14-768x432.jpg 768w, https:\/\/www.lapetiteloiterie.fr\/lpl\/wp-content\/uploads\/Bandeaux14-1536x864.jpg 1536w, https:\/\/www.lapetiteloiterie.fr\/lpl\/wp-content\/uploads\/Bandeaux14-2048x1152.jpg 2048w, https:\/\/www.lapetiteloiterie.fr\/lpl\/wp-content\/uploads\/Bandeaux14-624x351.jpg 624w\" sizes=\"auto, (max-width: 320px) 100vw, 320px\" title=\"Bandeaux14\" \/><\/a><div class=\"lcp_excerpt\">Int\u00e9r\u00eats et usages de l&rsquo;arboretum, par Mathilde Me\u0301tral et Flavien Guidoux (5&rsquo;56)\n<\/div><\/li><li><a href=\"https:\/\/www.lapetiteloiterie.fr\/lpl\/art\/vid-140525-15\/\">Journ\u00e9e du 14 mai 2025 &#8211; 15. Remarques \u2013 Informations internationales<\/a><a href=\"https:\/\/www.lapetiteloiterie.fr\/lpl\/art\/vid-140525-15\/\" title=\"Journ\u00e9e du 14 mai 2025 - 15. Remarques \u2013 Informations internationales\"><img loading=\"lazy\" decoding=\"async\" width=\"320\" height=\"180\" src=\"https:\/\/www.lapetiteloiterie.fr\/lpl\/wp-content\/uploads\/Bandeaux15-scaled.jpg\" class=\"lcp_thumbnail wp-post-image\" alt=\"Journ\u00e9e du 14 mai 2025 - 15. Remarques \u2013 Informations internationales\" srcset=\"https:\/\/www.lapetiteloiterie.fr\/lpl\/wp-content\/uploads\/Bandeaux15-scaled.jpg 2560w, https:\/\/www.lapetiteloiterie.fr\/lpl\/wp-content\/uploads\/Bandeaux15-320x180.jpg 320w, https:\/\/www.lapetiteloiterie.fr\/lpl\/wp-content\/uploads\/Bandeaux15-1280x720.jpg 1280w, https:\/\/www.lapetiteloiterie.fr\/lpl\/wp-content\/uploads\/Bandeaux15-768x432.jpg 768w, https:\/\/www.lapetiteloiterie.fr\/lpl\/wp-content\/uploads\/Bandeaux15-1536x864.jpg 1536w, https:\/\/www.lapetiteloiterie.fr\/lpl\/wp-content\/uploads\/Bandeaux15-2048x1152.jpg 2048w, https:\/\/www.lapetiteloiterie.fr\/lpl\/wp-content\/uploads\/Bandeaux15-624x351.jpg 624w\" sizes=\"auto, (max-width: 320px) 100vw, 320px\" title=\"Bandeaux15\" \/><\/a><div class=\"lcp_excerpt\">Remarques \u2013 informations internationales, par Pierre-Andre\u0301 Loizeau (4&rsquo;14)\n<\/div><\/li><li><a href=\"https:\/\/www.lapetiteloiterie.fr\/lpl\/art\/vid-140525-16\/\">Journ\u00e9e du 14 mai 2025 &#8211; 16. Cl\u00f4ture de la journ\u00e9e<\/a><a href=\"https:\/\/www.lapetiteloiterie.fr\/lpl\/art\/vid-140525-16\/\" title=\"Journ\u00e9e du 14 mai 2025 - 16. Cl\u00f4ture de la journ\u00e9e\"><img loading=\"lazy\" decoding=\"async\" width=\"320\" height=\"180\" src=\"https:\/\/www.lapetiteloiterie.fr\/lpl\/wp-content\/uploads\/Bandeaux16-scaled.jpg\" class=\"lcp_thumbnail wp-post-image\" alt=\"Journ\u00e9e du 14 mai 2025 - 16. Cl\u00f4ture de la journ\u00e9e\" srcset=\"https:\/\/www.lapetiteloiterie.fr\/lpl\/wp-content\/uploads\/Bandeaux16-scaled.jpg 2560w, https:\/\/www.lapetiteloiterie.fr\/lpl\/wp-content\/uploads\/Bandeaux16-320x180.jpg 320w, https:\/\/www.lapetiteloiterie.fr\/lpl\/wp-content\/uploads\/Bandeaux16-1280x720.jpg 1280w, https:\/\/www.lapetiteloiterie.fr\/lpl\/wp-content\/uploads\/Bandeaux16-768x432.jpg 768w, https:\/\/www.lapetiteloiterie.fr\/lpl\/wp-content\/uploads\/Bandeaux16-1536x864.jpg 1536w, https:\/\/www.lapetiteloiterie.fr\/lpl\/wp-content\/uploads\/Bandeaux16-2048x1152.jpg 2048w, https:\/\/www.lapetiteloiterie.fr\/lpl\/wp-content\/uploads\/Bandeaux16-624x351.jpg 624w\" sizes=\"auto, (max-width: 320px) 100vw, 320px\" title=\"Bandeaux16\" \/><\/a><div class=\"lcp_excerpt\">Cl\u00f4ture de la journ\u00e9e, par Jacques Soignon (6&rsquo;06)\n<\/div><\/li><\/ul>\n","protected":false},"excerpt":{"rendered":"<p>Ces vid\u00e9os ont \u00e9t\u00e9 film\u00e9es lors de la Journ\u00e9e d&rsquo;\u00e9tude et d&rsquo;\u00e9change du 15 mai 2025, organis\u00e9e \u00e0 l&rsquo;occasion du 30\u00e8me anniversaire des premi\u00e8res plantations. Elles ont \u00e9t\u00e9 r\u00e9alis\u00e9es par Michel El Hannachi, du CAUE77.<\/p>\n","protected":false},"author":1,"featured_media":3431,"parent":35,"menu_order":2,"comment_status":"closed","ping_status":"closed","template":"","meta":{"footnotes":""},"class_list":["post-3430","page","type-page","status-publish","has-post-thumbnail","hentry"],"_links":{"self":[{"href":"https:\/\/www.lapetiteloiterie.fr\/lpl\/wp-json\/wp\/v2\/pages\/3430","targetHints":{"allow":["GET"]}}],"collection":[{"href":"https:\/\/www.lapetiteloiterie.fr\/lpl\/wp-json\/wp\/v2\/pages"}],"about":[{"href":"https:\/\/www.lapetiteloiterie.fr\/lpl\/wp-json\/wp\/v2\/types\/page"}],"author":[{"embeddable":true,"href":"https:\/\/www.lapetiteloiterie.fr\/lpl\/wp-json\/wp\/v2\/users\/1"}],"replies":[{"embeddable":true,"href":"https:\/\/www.lapetiteloiterie.fr\/lpl\/wp-json\/wp\/v2\/comments?post=3430"}],"version-history":[{"count":2,"href":"https:\/\/www.lapetiteloiterie.fr\/lpl\/wp-json\/wp\/v2\/pages\/3430\/revisions"}],"predecessor-version":[{"id":3541,"href":"https:\/\/www.lapetiteloiterie.fr\/lpl\/wp-json\/wp\/v2\/pages\/3430\/revisions\/3541"}],"up":[{"embeddable":true,"href":"https:\/\/www.lapetiteloiterie.fr\/lpl\/wp-json\/wp\/v2\/pages\/35"}],"wp:featuredmedia":[{"embeddable":true,"href":"https:\/\/www.lapetiteloiterie.fr\/lpl\/wp-json\/wp\/v2\/media\/3431"}],"wp:attachment":[{"href":"https:\/\/www.lapetiteloiterie.fr\/lpl\/wp-json\/wp\/v2\/media?parent=3430"}],"curies":[{"name":"wp","href":"https:\/\/api.w.org\/{rel}","templated":true}]}}