{"id":35,"date":"2013-10-23T19:38:21","date_gmt":"2013-10-23T17:38:21","guid":{"rendered":"http:\/\/lapetiteloiterie.fr\/lpl\/?page_id=35"},"modified":"2025-08-28T20:34:14","modified_gmt":"2025-08-28T18:34:14","slug":"medias_collaborations","status":"publish","type":"page","link":"https:\/\/www.lapetiteloiterie.fr\/lpl\/medias_collaborations\/","title":{"rendered":"M\u00e9dias &amp; collaborations"},"content":{"rendered":"<p>Il s&rsquo;agit de recenser ici les \u00ab\u00a0produits\u00a0\u00bb issus de l&rsquo;arboretum ou ayant celui-ci pour sujet&#8230;<\/p>\n<p>\u00c0 ce jour, de nombreuses vid\u00e9os, un <a href=\"http:\/\/www.lapetiteloiterie.fr\/lpl\/publications_collaborations\/livres\/\" title=\"Livres\">livre<\/a>, des <a href=\"http:\/\/www.lapetiteloiterie.fr\/lpl\/publications_collaborations\/videos_caue77\/\" title=\"Vid\u00e9os r\u00e9alis\u00e9es par le CAUE 77\">vid\u00e9os<\/a>, des <a href=\"http:\/\/www.lapetiteloiterie.fr\/lpl\/publications_collaborations\/petits_arbres\/\" title=\"Les arbres de petit d\u00e9veloppement\">fiches<\/a>&#8230;<\/p>\n\n\n<p><\/p>\n","protected":false},"excerpt":{"rendered":"<p>Il s&rsquo;agit de recenser ici les \u00ab\u00a0produits\u00a0\u00bb issus de l&rsquo;arboretum ou ayant celui-ci pour sujet&#8230; \u00c0 ce jour, de nombreuses vid\u00e9os, un livre, des vid\u00e9os, des fiches&#8230;<\/p>\n","protected":false},"author":1,"featured_media":788,"parent":0,"menu_order":6,"comment_status":"closed","ping_status":"closed","template":"","meta":{"footnotes":""},"class_list":["post-35","page","type-page","status-publish","has-post-thumbnail","hentry"],"_links":{"self":[{"href":"https:\/\/www.lapetiteloiterie.fr\/lpl\/wp-json\/wp\/v2\/pages\/35","targetHints":{"allow":["GET"]}}],"collection":[{"href":"https:\/\/www.lapetiteloiterie.fr\/lpl\/wp-json\/wp\/v2\/pages"}],"about":[{"href":"https:\/\/www.lapetiteloiterie.fr\/lpl\/wp-json\/wp\/v2\/types\/page"}],"author":[{"embeddable":true,"href":"https:\/\/www.lapetiteloiterie.fr\/lpl\/wp-json\/wp\/v2\/users\/1"}],"replies":[{"embeddable":true,"href":"https:\/\/www.lapetiteloiterie.fr\/lpl\/wp-json\/wp\/v2\/comments?post=35"}],"version-history":[{"count":11,"href":"https:\/\/www.lapetiteloiterie.fr\/lpl\/wp-json\/wp\/v2\/pages\/35\/revisions"}],"predecessor-version":[{"id":3399,"href":"https:\/\/www.lapetiteloiterie.fr\/lpl\/wp-json\/wp\/v2\/pages\/35\/revisions\/3399"}],"wp:featuredmedia":[{"embeddable":true,"href":"https:\/\/www.lapetiteloiterie.fr\/lpl\/wp-json\/wp\/v2\/media\/788"}],"wp:attachment":[{"href":"https:\/\/www.lapetiteloiterie.fr\/lpl\/wp-json\/wp\/v2\/media?parent=35"}],"curies":[{"name":"wp","href":"https:\/\/api.w.org\/{rel}","templated":true}]}}