{"id":3527,"date":"2025-09-01T17:21:33","date_gmt":"2025-09-01T15:21:33","guid":{"rendered":"https:\/\/www.lapetiteloiterie.fr\/lpl\/?page_id=3527"},"modified":"2025-09-03T18:10:41","modified_gmt":"2025-09-03T16:10:41","slug":"journee_140525","status":"publish","type":"page","link":"https:\/\/www.lapetiteloiterie.fr\/lpl\/actualites\/journee_140525\/","title":{"rendered":"Journ\u00e9e d&rsquo;\u00e9tude et d&rsquo;\u00e9changes \u00e0 l&rsquo;arboretum &#8211; 14 mai 2025"},"content":{"rendered":"\n<p>\u00c0 l&rsquo;occasion du trenti\u00e8me anniversaire des premi\u00e8res plantations, une journ\u00e9e d&rsquo;\u00e9tude et d&rsquo;\u00e9changes a \u00e9t\u00e9 organis\u00e9e le 14 mai 2025 \u00e0 l&rsquo;arboretum. <br \/>La journ\u00e9e, riche en rencontres, a \u00e9t\u00e9 une belle r\u00e9ussite, si l&rsquo;on en croit les retours \u00e0 chaud et l&rsquo;enqu\u00eate de satisfaction que nous avons r\u00e9alis\u00e9e aupr\u00e8s des participants&#8230;<\/p>\n\n\n\n<h2 class=\"wp-block-heading\">Contexte et objectifs<\/h2>\n\n\n\n<p>Nous avons souhait\u00e9 marquer l&rsquo;\u00e9v\u00e8nement en r\u00e9unissant un large \u00e9ventail de professionnels et sp\u00e9cialistes en lien avec le monde des arbres et des arbustes. Nous avions cibl\u00e9 un ou deux repr\u00e9sentants de chacune des <a href=\"#structrep\">structures<\/a> qu&rsquo;il nous semblait important d&rsquo;accueillir. Pour des questions de logistique, nous n&rsquo;avons h\u00e9las pas pu nous permettre d&rsquo;inviter toutes les personnes dont nous aurions souhait\u00e9 la pr\u00e9sence&#8230; Le taux de retours positifs \u00e0 notre invitation a \u00e9t\u00e9 tr\u00e8s important, ce qui nous a amen\u00e9 \u00e0 clore les inscriptions d\u00e8s fin f\u00e9vrier. Nous \u00e9tions 150 personnes. Au-del\u00e0 des expos\u00e9s du matin et des visites de l&rsquo;apr\u00e8s-midi, cette journ\u00e9e a \u00e9t\u00e9 l&rsquo;occasion de tr\u00e8s nombreux \u00e9changes entre les participants.<\/p>\n\n\n\n<p>Les objectifs \u00e9taient les suivants&nbsp;:<\/p>\n\n\n\n<ul class=\"wp-block-list\">\n<li>pr\u00e9senter l\u2019arboretum de La Petite Loiterie, montrer les aspects p\u00e9dagogiques et les connaissances acquises, indiquer nos attentes, en pr\u00e9cisant particulier&nbsp;: <ul><li>le processus ayant permis de passer du projet initial \u00e0 l&rsquo;arboretum tel qu&rsquo;il est 30 ans apr\u00e8s&nbsp;;<\/li><li>la notion d\u2019observatoire stable et durable&nbsp;;<\/li><li>l\u2019originalit\u00e9 de l\u2019arboretum (palette, disposition, conduites).<\/li><\/ul><\/li>\n\n\n\n<li>donner un \u00e9lan aux formations qui s\u2019y d\u00e9roulent, permettant la transmission des connaissances ainsi que l\u2019apport de tr\u00e9sorerie&nbsp;;<\/li>\n\n\n\n<li>trouver des partenariats \u00e0 court, moyen et long terme pour la valorisation p\u00e9dagogique, technique et scientifique, ainsi que pour les aspects financiers&nbsp;;<\/li>\n<\/ul>\n\n\n\n<p>Nous avons centr\u00e9 les \u00e9changes sur la Petite Loiterie, tout en \u00e9largissant le propos aux autres arboretums (La Fosse, Les Barres, Balaine, Ecole du Breuil, cimeti\u00e8re-parc de Nantes, etc.).<\/p>\n\n\n\n<h2 class=\"wp-block-heading\">D\u00e9roul\u00e9 de la journ\u00e9e<\/h2>\n\n\n\n<ul class=\"wp-block-list\">\n<li> d\u00e8s 8h30&nbsp;: petit d\u00e9jeuner d\u2019accueil&nbsp;;<\/li>\n\n\n\n<li>premi\u00e8re partie de matin\u00e9e&nbsp;: pr\u00e9sentation de l\u2019arboretum, de son originalit\u00e9, de ses objectifs, des partenariats \u00e9tablis et des actions men\u00e9es&nbsp;;<\/li>\n\n\n\n<li>deuxi\u00e8me partie de matin\u00e9e&nbsp;: perspectives, partenariats futurs et valorisation \u00e0 long terme&nbsp;;<\/li>\n\n\n\n<li>d\u00e9jeuner sur place&nbsp;;<\/li>\n\n\n\n<li>visite comment\u00e9e de l\u2019arboretum&nbsp;;<\/li>\n\n\n\n<li>\u00e9changes avec les participants et retours d&rsquo;exp\u00e9riences&nbsp;;<\/li>\n\n\n\n<li>vers 16h30&nbsp;: cl\u00f4ture de la journ\u00e9e, pot d\u2019au revoir.<\/li>\n<\/ul>\n\n\n\n<h2 class=\"wp-block-heading\">Exposition<\/h2>\n\n\n\n<p>\u00c0 l&rsquo;occasion de cet \u00e9v\u00e8nement, une douzaine d&rsquo;affiches sur l&rsquo;arboretum ont \u00e9t\u00e9 r\u00e9alis\u00e9es et expos\u00e9es \u00e0 proximit\u00e9 du chapiteau dans lequel se d\u00e9roulaient les pr\u00e9sentations. Depuis, nous en exposons \u00e0 l&rsquo;occasion des visites et animations ouvertes au public. <br \/>Vous pouvez \u00e9galement en <a href=\"https:\/\/www.lapetiteloiterie.fr\/lpl\/medias_collaborations\/expo_140525\/\" data-type=\"page\" data-id=\"3336\">prendre connaissance<\/a> sur le pr\u00e9sent site.<\/p>\n\n\n\n<h2 class=\"wp-block-heading\">Reportage vid\u00e9o<\/h2>\n\n\n\n<p>Gr\u00e2ce au CAUE 77 et en particulier son vid\u00e9aste Michel El Hannachi, l&rsquo;ensemble des interventions a \u00e9t\u00e9 film\u00e9. Vous pouvez en prendre connaissance sur la <a href=\"https:\/\/www.lapetiteloiterie.fr\/lpl\/medias_collaborations\/videos_140525\/\" data-type=\"page\" data-id=\"3430\">page consacr\u00e9e \u00e0 ce reportage<\/a>.<\/p>\n\n\n\n<h2 class=\"wp-block-heading\" id=\"structrep\">Structures repr\u00e9sent\u00e9es<\/h2>\n\n\n\n<ul class=\"wp-block-list\">\n<li>A.R.B.R.E.S. &#8211; Arbres Remarquables: Bilan, Recherche, \u00c9tudes et Sauvegarde<\/li>\n\n\n\n<li>Agence R\u00e9gionale de la Biodiversit\u00e9 en Centre Val de Loire<\/li>\n\n\n\n<li>AgroParisTech<\/li>\n\n\n\n<li>AITF &#8211; Association des Ing\u00e9nieurs territoriaux de France<\/li>\n\n\n\n<li>APBF &#8211; Association de Parcs Botaniques de France<\/li>\n\n\n\n<li>APJRC &#8211; Association de Parcs et Jardins en R\u00e9gion Centre<\/li>\n\n\n\n<li>ARBORESCO \u2013 Association belge d\u2019arboriculture<\/li>\n\n\n\n<li>Arbres et m\u00e9thode &#8211; groupement de consultants, sp\u00e9cialistes de la gestion durable de l&rsquo;arbre d&rsquo;agr\u00e9ments<\/li>\n\n\n\n<li>Arbusticulteurs<\/li>\n\n\n\n<li>Atelier de l\u2019Arbre<\/li>\n\n\n\n<li>CAUE 37 &#8211; Conseil d&rsquo;Architecture, d&rsquo;Urbanisme et de l&rsquo;Environnement d\u2019Indre et Loire<\/li>\n\n\n\n<li>CAUE 77 &#8211; Conseil d&rsquo;Architecture, d&rsquo;Urbanisme et de l&rsquo;Environnement de Seine-et-Marne<\/li>\n\n\n\n<li>CCVS &#8211; Conservatoire des Collections V\u00e9g\u00e9tales Sp\u00e9cialis\u00e9es<\/li>\n\n\n\n<li>CETEF 37 &#8211; Centre d&rsquo;\u00e9tudes techniques et d&rsquo;exp\u00e9rimentations foresti\u00e8res<\/li>\n\n\n\n<li>CFPPA de Fondettes, La Roche-sur-Yon, Le Fresne, Pontivy, Limoges-Les-Vaseix, Saint-Germain-En-Laye<\/li>\n\n\n\n<li>CIRAD &#8211; Centre de coop\u00e9ration internationale en recherche agronomique pour le d\u00e9veloppement<\/li>\n\n\n\n<li>cl\u00e9Ome &#8211; Centre de formation et d&rsquo;\u00e9change sur le paysage et les jardins<\/li>\n\n\n\n<li>CNPF IDF \u2013 Centre National de la Propri\u00e9t\u00e9 Foresti\u00e8re ; Institut pour le D\u00e9veloppement Forestier<\/li>\n\n\n\n<li>CNRS \u2013 Centre National de la Recherche Scientifique<\/li>\n\n\n\n<li>Collectivit\u00e9s territoriales locales et r\u00e9gionales<\/li>\n\n\n\n<li>Conservatoire des jardins de Chaumont sur Loire<\/li>\n\n\n\n<li>Conservatoire des plantes messicoles de La Morelli\u00e8re<\/li>\n\n\n\n<li>Copalme<\/li>\n\n\n\n<li>Cr\u00e9dit Agricole Touraine Poitou<\/li>\n\n\n\n<li>Croqueurs de pommes des collines du Perche<\/li>\n\n\n\n<li>Ecole Du Breuil &#8211; \u00c9cole d\u2019horticulture de la ville de Paris<\/li>\n\n\n\n<li>ENSP &#8211; \u00c9cole nationale sup\u00e9rieure de paysage de Versailles<\/li>\n\n\n\n<li>FFP &#8211; F\u00e9d\u00e9ration Fran\u00e7aise du Paysage<\/li>\n\n\n\n<li>GECAO &#8211; Groupement des Experts Conseil en Arboriculture Ornementale<\/li>\n\n\n\n<li>HORTIS \u2013 Les responsables d\u2019espaces nature en ville<\/li>\n\n\n\n<li>JBF &#8211; Association des Jardins botaniques de France et des pays francophones<\/li>\n\n\n\n<li>Junia ISA Paysage Lille<\/li>\n\n\n\n<li>LEGTA EVREUX Hortip\u00f4le et Marmilhat<\/li>\n\n\n\n<li>Lien Horticole<\/li>\n\n\n\n<li>Maison Botanique de Boursay<\/li>\n\n\n\n<li>Maisons paysannes de Touraine<\/li>\n\n\n\n<li>Minist\u00e8re de l\u2019Agriculture \u2013 DGER<\/li>\n\n\n\n<li>OFB &#8211; Office fran\u00e7ais de la biodiversit\u00e9 R\u00e9gion Centre<\/li>\n\n\n\n<li>ONF &#8211; Office National des For\u00eats<\/li>\n\n\n\n<li>ONF &#8211; Office National des For\u00eats Vegetis<\/li>\n\n\n\n<li>P\u00e9pini\u00e8res Chauvir\u00e9, Crosnier et Drappier<\/li>\n\n\n\n<li>PIAF (INRAE-Universit\u00e9 de Clermont -Ferrand) &#8211; Laboratoire de Physique et Physiologie int\u00e9gratives de l&rsquo;Arbre en environnement Fluctuant.<\/li>\n\n\n\n<li>Plante &amp; Cit\u00e9 et Plante &amp; Cit\u00e9 Suisse<\/li>\n\n\n\n<li>Profession Paysagiste<\/li>\n\n\n\n<li>Racines (association dans anciens \u00e9l\u00e8ves du master Jardins historiques et paysages \u00e0 l\u2019ENSA)<\/li>\n\n\n\n<li>SEPANT &#8211; Association d&rsquo;Etudes, de Protection et d&rsquo;Am\u00e9nagement de la Nature en Touraine<\/li>\n\n\n\n<li>SEQUOIA \u2013 association des arboristes de France<\/li>\n\n\n\n<li>SFA &#8211; Soci\u00e9t\u00e9 Fran\u00e7aise d\u2019Arboriculture<\/li>\n\n\n\n<li>SHOT &#8211; Soci\u00e9t\u00e9 d\u2019Horticulture de Touraine<\/li>\n\n\n\n<li>SNHF &#8211; Soci\u00e9t\u00e9 Nationale d&rsquo;Horticulture de France<\/li>\n\n\n\n<li>UNEP &#8211; Union Nationale des Entreprises du Paysage<\/li>\n\n\n\n<li>Universit\u00e9 de Clermont Auvergne, d\u2019Orl\u00e9ans (projet ARCHE&nbsp;: Arbres et R\u00e9ponses aux Contraintes Hydriques et Environnementales), de Tours<\/li>\n\n\n\n<li>Valhor &#8211; Interprofession, rassemble et repr\u00e9sente toutes les forces du v\u00e9g\u00e9tal, de l\u2019amont \u00e0 l\u2019aval de la fili\u00e8re horticole.<\/li>\n\n\n\n<li>Verdir &#8211; F\u00e9d\u00e9ration Nationale des Producteurs de l\u2019Horticulture et des P\u00e9pini\u00e8res<\/li>\n<\/ul>\n\n\n\n<h2 class=\"wp-block-heading\">Remerciements<\/h2>\n\n\n\n<p>Cette journ\u00e9e a \u00e9t\u00e9 organis\u00e9e avec le soutien logistique et\/ou financier de&nbsp;:<br \/><img loading=\"lazy\" decoding=\"async\" width=\"160\" height=\"37\" class=\"wp-image-3549\" style=\"width: 160px;\" src=\"https:\/\/www.lapetiteloiterie.fr\/lpl\/wp-content\/uploads\/logocaue77.jpg\" alt=\"\" srcset=\"https:\/\/www.lapetiteloiterie.fr\/lpl\/wp-content\/uploads\/logocaue77.jpg 350w, https:\/\/www.lapetiteloiterie.fr\/lpl\/wp-content\/uploads\/logocaue77-320x74.jpg 320w\" sizes=\"auto, (max-width: 160px) 100vw, 160px\" \/><img loading=\"lazy\" decoding=\"async\" width=\"150\" height=\"39\" class=\"wp-image-2964\" style=\"width: 150px;\" src=\"https:\/\/www.lapetiteloiterie.fr\/lpl\/wp-content\/uploads\/logo-maison-botanique.png\" alt=\"\" srcset=\"https:\/\/www.lapetiteloiterie.fr\/lpl\/wp-content\/uploads\/logo-maison-botanique.png 500w, https:\/\/www.lapetiteloiterie.fr\/lpl\/wp-content\/uploads\/logo-maison-botanique-320x84.png 320w\" sizes=\"auto, (max-width: 150px) 100vw, 150px\" \/><img loading=\"lazy\" decoding=\"async\" width=\"75\" height=\"38\" class=\"wp-image-3545\" style=\"width: 75px;\" src=\"https:\/\/www.lapetiteloiterie.fr\/lpl\/wp-content\/uploads\/Logo_bouge-ton-bled-e1756736197879.jpg\" alt=\"\"\/><img loading=\"lazy\" decoding=\"async\" width=\"90\" height=\"41\" class=\"wp-image-3547\" style=\"width: 90px;\" src=\"https:\/\/www.lapetiteloiterie.fr\/lpl\/wp-content\/uploads\/logo-mairie-monthodon.jpg\" alt=\"\" srcset=\"https:\/\/www.lapetiteloiterie.fr\/lpl\/wp-content\/uploads\/logo-mairie-monthodon.jpg 400w, https:\/\/www.lapetiteloiterie.fr\/lpl\/wp-content\/uploads\/logo-mairie-monthodon-320x144.jpg 320w\" sizes=\"auto, (max-width: 90px) 100vw, 90px\" \/><img loading=\"lazy\" decoding=\"async\" width=\"65\" height=\"40\" class=\"wp-image-3548\" style=\"width: 65px;\" src=\"https:\/\/www.lapetiteloiterie.fr\/lpl\/wp-content\/uploads\/logo-nouzilly.jpeg\" alt=\"\"\/><img loading=\"lazy\" decoding=\"async\" width=\"70\" height=\"41\" class=\"wp-image-3543\" style=\"width: 70px;\" src=\"https:\/\/www.lapetiteloiterie.fr\/lpl\/wp-content\/uploads\/LOGO-CASTELRENAUDAIS.jpg\" alt=\"\"\/><img loading=\"lazy\" decoding=\"async\" width=\"50\" height=\"43\" class=\"wp-image-3544\" style=\"width: 50px;\" src=\"https:\/\/www.lapetiteloiterie.fr\/lpl\/wp-content\/uploads\/Logo-departement-indre-et-loire.jpg\" alt=\"\"\/><img loading=\"lazy\" decoding=\"async\" width=\"42\" height=\"42\" class=\"wp-image-3542\" style=\"width: 42px;\" src=\"https:\/\/www.lapetiteloiterie.fr\/lpl\/wp-content\/uploads\/Logo-CA.png\" alt=\"\"\/><img loading=\"lazy\" decoding=\"async\" width=\"75\" height=\"40\" class=\"wp-image-3550\" style=\"width: 75px;\" src=\"https:\/\/www.lapetiteloiterie.fr\/lpl\/wp-content\/uploads\/LogoLaFosse.jpg\" alt=\"\"\/><img loading=\"lazy\" decoding=\"async\" width=\"30\" height=\"39\" class=\"wp-image-3546\" style=\"width: 30px;\" src=\"https:\/\/www.lapetiteloiterie.fr\/lpl\/wp-content\/uploads\/logo_citare.jpg\" alt=\"\" srcset=\"https:\/\/www.lapetiteloiterie.fr\/lpl\/wp-content\/uploads\/logo_citare.jpg 186w, https:\/\/www.lapetiteloiterie.fr\/lpl\/wp-content\/uploads\/logo_citare-184x240.jpg 184w\" sizes=\"auto, (max-width: 30px) 100vw, 30px\" \/><\/p>\n\n\n\n<ul class=\"wp-block-list\">\n<li><a href=\"https:\/\/www.caue77.fr\/\" target=\"_blank\">CAUE 77<\/a><\/li>\n\n\n\n<li><a href=\"https:\/\/www.maisonbotanique.com\/\" data-type=\"link\" data-id=\"https:\/\/www.maisonbotanique.com\/\" target=\"_blank\" rel=\"noreferrer noopener\">Maison Botanique<\/a> de Boursay<\/li>\n\n\n\n<li>Association <a href=\"https:\/\/www.helloasso.com\/associations\/bouge-ton-bled\" data-type=\"link\" data-id=\"https:\/\/www.helloasso.com\/associations\/bouge-ton-bled\" target=\"_blank\" rel=\"noreferrer noopener\">Bouge ton Bled<\/a><\/li>\n\n\n\n<li><a href=\"https:\/\/www.monthodon.com\/\" data-type=\"link\" data-id=\"https:\/\/www.monthodon.com\/\" target=\"_blank\" rel=\"noreferrer noopener\">Commune de Monthodon<\/a><\/li>\n\n\n\n<li><a href=\"https:\/\/www.nouzilly.fr\/\" data-type=\"link\" data-id=\"https:\/\/www.nouzilly.fr\/\" target=\"_blank\" rel=\"noreferrer noopener\">Commune de Nouzilly<\/a><\/li>\n\n\n\n<li><a href=\"https:\/\/www.cc-castelrenaudais.fr\/\" data-type=\"link\" data-id=\"https:\/\/www.cc-castelrenaudais.fr\/\" target=\"_blank\" rel=\"noreferrer noopener\">Communaut\u00e9 de communes du Castelrenaudais<\/a><\/li>\n\n\n\n<li><a href=\"https:\/\/www.touraine.fr\/\" data-type=\"link\" data-id=\"https:\/\/www.touraine.fr\/\" target=\"_blank\" rel=\"noreferrer noopener\">Conseil d\u00e9partemental d&rsquo;Indre-et-Loire<\/a><\/li>\n\n\n\n<li><a href=\"https:\/\/www.credit-agricole.fr\/ca-tourainepoitou\/particulier\/agence\/touraine-poitou\/chateau-renault-5007.html\" target=\"_blank\" rel=\"noreferrer noopener\">Caisse locale du Cr\u00e9dit Agricole Touraine Poitou de Ch\u00e2teau-Renault<\/a><\/li>\n\n\n\n<li><a href=\"https:\/\/arboretumdelafosse.com\/\" data-type=\"link\" data-id=\"https:\/\/arboretumdelafosse.com\/\" target=\"_blank\" rel=\"noreferrer noopener\">Arboretum de la Fosse<\/a><\/li>\n\n\n\n<li>Cabinet Citare<\/li>\n\n\n\n<li>un certain nombre de participants<\/li>\n<\/ul>\n\n\n\n<p>Et, bien entendu, ceux sans qui rien n&rsquo;aurait \u00e9t\u00e9 possible&#8230;<\/p>\n\n\n\n<ul class=\"wp-block-list\">\n<li>les membres du <a href=\"https:\/\/www.lapetiteloiterie.fr\/lpl\/acteurs\/comite\/\" data-type=\"page\" data-id=\"184\">Comit\u00e9 de Pilotage de l&rsquo;arboretum<\/a><\/li>\n\n\n\n<li>notre \u00e9quipe de b\u00e9n\u00e9voles hors pair, que nous avions choisi de nommer les <em>Vaillants<\/em> !<\/li>\n<\/ul>\n\n\n\n<p>Nous les remercions toutes et tous chaleureusement.<\/p>\n","protected":false},"excerpt":{"rendered":"<p>\u00c0 l&rsquo;occasion du trenti\u00e8me anniversaire des premi\u00e8res plantations, une journ\u00e9e d&rsquo;\u00e9tude et d&rsquo;\u00e9changes a \u00e9t\u00e9 organis\u00e9e le 14 mai 2025 \u00e0 l&rsquo;arboretum. La journ\u00e9e, riche en rencontres, a \u00e9t\u00e9 une belle r\u00e9ussite, si l&rsquo;on en croit les retours \u00e0 chaud et l&rsquo;enqu\u00eate de satisfaction que nous avons r\u00e9alis\u00e9e aupr\u00e8s des participants&#8230; Contexte et objectifs Nous [&hellip;]<\/p>\n","protected":false},"author":1,"featured_media":3533,"parent":2521,"menu_order":0,"comment_status":"closed","ping_status":"closed","template":"","meta":{"footnotes":""},"class_list":["post-3527","page","type-page","status-publish","has-post-thumbnail","hentry"],"_links":{"self":[{"href":"https:\/\/www.lapetiteloiterie.fr\/lpl\/wp-json\/wp\/v2\/pages\/3527","targetHints":{"allow":["GET"]}}],"collection":[{"href":"https:\/\/www.lapetiteloiterie.fr\/lpl\/wp-json\/wp\/v2\/pages"}],"about":[{"href":"https:\/\/www.lapetiteloiterie.fr\/lpl\/wp-json\/wp\/v2\/types\/page"}],"author":[{"embeddable":true,"href":"https:\/\/www.lapetiteloiterie.fr\/lpl\/wp-json\/wp\/v2\/users\/1"}],"replies":[{"embeddable":true,"href":"https:\/\/www.lapetiteloiterie.fr\/lpl\/wp-json\/wp\/v2\/comments?post=3527"}],"version-history":[{"count":27,"href":"https:\/\/www.lapetiteloiterie.fr\/lpl\/wp-json\/wp\/v2\/pages\/3527\/revisions"}],"predecessor-version":[{"id":3584,"href":"https:\/\/www.lapetiteloiterie.fr\/lpl\/wp-json\/wp\/v2\/pages\/3527\/revisions\/3584"}],"up":[{"embeddable":true,"href":"https:\/\/www.lapetiteloiterie.fr\/lpl\/wp-json\/wp\/v2\/pages\/2521"}],"wp:featuredmedia":[{"embeddable":true,"href":"https:\/\/www.lapetiteloiterie.fr\/lpl\/wp-json\/wp\/v2\/media\/3533"}],"wp:attachment":[{"href":"https:\/\/www.lapetiteloiterie.fr\/lpl\/wp-json\/wp\/v2\/media?parent=3527"}],"curies":[{"name":"wp","href":"https:\/\/api.w.org\/{rel}","templated":true}]}}