{"id":353,"date":"2015-03-28T10:16:05","date_gmt":"2015-03-28T09:16:05","guid":{"rendered":"http:\/\/www.lapetiteloiterie.fr\/lpl\/?page_id=353"},"modified":"2025-09-01T17:19:11","modified_gmt":"2025-09-01T15:19:11","slug":"videos_caue77","status":"publish","type":"page","link":"https:\/\/www.lapetiteloiterie.fr\/lpl\/medias_collaborations\/videos_caue77\/","title":{"rendered":"Vid\u00e9os p\u00e9dagogiques r\u00e9alis\u00e9es par le CAUE 77"},"content":{"rendered":"<p>Ces vid\u00e9os ont \u00e9t\u00e9 r\u00e9alis\u00e9es principalement \u00e0 l&rsquo;arboretum de la Petite Loiterie&#8230; sauf exception&nbsp;!<br \/>\nEffectivement, pour parler par exemple des probl\u00e8mes fourches \u00e0 \u00e9corce incluse, il a fallu se d\u00e9placer puisqu&rsquo;il n&rsquo;y en a pas (<em>a priori<\/em>) \u00e0 l&rsquo;arboretum&#8230;<\/p>\n<ul class=\"lcp_catlist\" id=\"lcp_instance_0\"><li><a href=\"https:\/\/www.lapetiteloiterie.fr\/lpl\/art\/eviter-arrachage-ecorce\/\">\u00c9viter l&rsquo;arrachage de l&rsquo;\u00e9corce<\/a><a href=\"https:\/\/www.lapetiteloiterie.fr\/lpl\/art\/eviter-arrachage-ecorce\/\" title=\"\u00c9viter l&#039;arrachage de l&#039;\u00e9corce\"><img loading=\"lazy\" decoding=\"async\" width=\"320\" height=\"240\" src=\"https:\/\/www.lapetiteloiterie.fr\/lpl\/wp-content\/uploads\/320x240-9Ub-320x240.jpg\" class=\"lcp_thumbnail wp-post-image\" alt=\"\u00c9viter l&#039;arrachage de l&#039;\u00e9corce\" srcset=\"https:\/\/www.lapetiteloiterie.fr\/lpl\/wp-content\/uploads\/320x240-9Ub.jpg 320w, https:\/\/www.lapetiteloiterie.fr\/lpl\/wp-content\/uploads\/320x240-9Ub-160x120.jpg 160w\" sizes=\"auto, (max-width: 320px) 100vw, 320px\" title=\"\u00c9viter l\u2019arrachage de l\u2019\u00e9corce\" \/><\/a><div class=\"lcp_excerpt\">Comment intervenir pour \u00e9viter l&rsquo;arrachage de l&rsquo;\u00e9corce lors de la coupe ?\n<\/div><\/li><li><a href=\"https:\/\/www.lapetiteloiterie.fr\/lpl\/art\/elimination-rejets-sous-greffe\/\">L&rsquo;\u00e9limination des rejets sous greffe<\/a><a href=\"https:\/\/www.lapetiteloiterie.fr\/lpl\/art\/elimination-rejets-sous-greffe\/\" title=\"L&#039;\u00e9limination des rejets sous greffe\"><img loading=\"lazy\" decoding=\"async\" width=\"320\" height=\"240\" src=\"https:\/\/www.lapetiteloiterie.fr\/lpl\/wp-content\/uploads\/320x240-FQa-320x240.jpg\" class=\"lcp_thumbnail wp-post-image\" alt=\"L&#039;\u00e9limination des rejets sous greffe\" srcset=\"https:\/\/www.lapetiteloiterie.fr\/lpl\/wp-content\/uploads\/320x240-FQa.jpg 320w, https:\/\/www.lapetiteloiterie.fr\/lpl\/wp-content\/uploads\/320x240-FQa-160x120.jpg 160w\" sizes=\"auto, (max-width: 320px) 100vw, 320px\" title=\"\u00c9limination des rejets sous greffe\" \/><\/a><div class=\"lcp_excerpt\">Comment entretenir un arbre greff\u00e9 ?\n<\/div><\/li><li><a href=\"https:\/\/www.lapetiteloiterie.fr\/lpl\/art\/utilisation-scie\/\">L&rsquo;utilisation de la scie<\/a><a href=\"https:\/\/www.lapetiteloiterie.fr\/lpl\/art\/utilisation-scie\/\" title=\"L&#039;utilisation de la scie\"><img loading=\"lazy\" decoding=\"async\" width=\"320\" height=\"240\" src=\"https:\/\/www.lapetiteloiterie.fr\/lpl\/wp-content\/uploads\/320x240-djc-320x240.jpg\" class=\"lcp_thumbnail wp-post-image\" alt=\"L&#039;utilisation de la scie\" srcset=\"https:\/\/www.lapetiteloiterie.fr\/lpl\/wp-content\/uploads\/320x240-djc.jpg 320w, https:\/\/www.lapetiteloiterie.fr\/lpl\/wp-content\/uploads\/320x240-djc-160x120.jpg 160w\" sizes=\"auto, (max-width: 320px) 100vw, 320px\" title=\"Utilisation d&#039;une scie\" \/><\/a><div class=\"lcp_excerpt\">Quels sont les diff\u00e9rents types de scie et comment les utiliser ?\n<\/div><\/li><li><a href=\"https:\/\/www.lapetiteloiterie.fr\/lpl\/art\/utilisation-secateur\/\">L&rsquo;utilisation du s\u00e9cateur<\/a><a href=\"https:\/\/www.lapetiteloiterie.fr\/lpl\/art\/utilisation-secateur\/\" title=\"L&#039;utilisation du s\u00e9cateur\"><img loading=\"lazy\" decoding=\"async\" width=\"320\" height=\"240\" src=\"https:\/\/www.lapetiteloiterie.fr\/lpl\/wp-content\/uploads\/320x240-4Pu-320x240.jpg\" class=\"lcp_thumbnail wp-post-image\" alt=\"L&#039;utilisation du s\u00e9cateur\" srcset=\"https:\/\/www.lapetiteloiterie.fr\/lpl\/wp-content\/uploads\/320x240-4Pu.jpg 320w, https:\/\/www.lapetiteloiterie.fr\/lpl\/wp-content\/uploads\/320x240-4Pu-160x120.jpg 160w\" sizes=\"auto, (max-width: 320px) 100vw, 320px\" title=\"Utilisation du s\u00e9cateur\" \/><\/a><div class=\"lcp_excerpt\">Comment utiliser et entretenir un s\u00e9cateur ?\n<\/div><\/li><li><a href=\"https:\/\/www.lapetiteloiterie.fr\/lpl\/art\/coupe-petit-diametre\/\">La coupe de branches de petit diam\u00e8tre<\/a><a href=\"https:\/\/www.lapetiteloiterie.fr\/lpl\/art\/coupe-petit-diametre\/\" title=\"La coupe de branches de petit diam\u00e8tre\"><img loading=\"lazy\" decoding=\"async\" width=\"320\" height=\"240\" src=\"https:\/\/www.lapetiteloiterie.fr\/lpl\/wp-content\/uploads\/320x240-4Y9-320x240.jpg\" class=\"lcp_thumbnail wp-post-image\" alt=\"La coupe de branches de petit diam\u00e8tre\" srcset=\"https:\/\/www.lapetiteloiterie.fr\/lpl\/wp-content\/uploads\/320x240-4Y9.jpg 320w, https:\/\/www.lapetiteloiterie.fr\/lpl\/wp-content\/uploads\/320x240-4Y9-160x120.jpg 160w\" sizes=\"auto, (max-width: 320px) 100vw, 320px\" title=\"Coupe de branches de petit diam\u00e8tre\" \/><\/a><div class=\"lcp_excerpt\">Est-il pr\u00e9f\u00e9rable de couper des branches de petit diam\u00e8tre ?\n<\/div><\/li><li><a href=\"https:\/\/www.lapetiteloiterie.fr\/lpl\/art\/formation-semi-libre\/\">La formation d&rsquo;un arbre en port semi-libre<\/a><a href=\"https:\/\/www.lapetiteloiterie.fr\/lpl\/art\/formation-semi-libre\/\" title=\"La formation d&#039;un arbre en port semi-libre\"><img loading=\"lazy\" decoding=\"async\" width=\"320\" height=\"240\" src=\"https:\/\/www.lapetiteloiterie.fr\/lpl\/wp-content\/uploads\/320x240-BKA-320x240.jpg\" class=\"lcp_thumbnail wp-post-image\" alt=\"La formation d&#039;un arbre en port semi-libre\" srcset=\"https:\/\/www.lapetiteloiterie.fr\/lpl\/wp-content\/uploads\/320x240-BKA.jpg 320w, https:\/\/www.lapetiteloiterie.fr\/lpl\/wp-content\/uploads\/320x240-BKA-160x120.jpg 160w\" sizes=\"auto, (max-width: 320px) 100vw, 320px\" title=\"Formation d&#039;un arbre semi libre\" \/><\/a><div class=\"lcp_excerpt\">Comment tailler un jeune arbre pour le former ainsi ?\n<\/div><\/li><li><a href=\"https:\/\/www.lapetiteloiterie.fr\/lpl\/art\/formation-rideau\/\">La formation d&rsquo;un arbre en rideau<\/a><a href=\"https:\/\/www.lapetiteloiterie.fr\/lpl\/art\/formation-rideau\/\" title=\"La formation d&#039;un arbre en rideau\"><img loading=\"lazy\" decoding=\"async\" width=\"320\" height=\"240\" src=\"https:\/\/www.lapetiteloiterie.fr\/lpl\/wp-content\/uploads\/320x240-QAS-320x240.jpg\" class=\"lcp_thumbnail wp-post-image\" alt=\"La formation d&#039;un arbre en rideau\" srcset=\"https:\/\/www.lapetiteloiterie.fr\/lpl\/wp-content\/uploads\/320x240-QAS.jpg 320w, https:\/\/www.lapetiteloiterie.fr\/lpl\/wp-content\/uploads\/320x240-QAS-160x120.jpg 160w\" sizes=\"auto, (max-width: 320px) 100vw, 320px\" title=\"Taille des arbres en rideau\" \/><\/a><div class=\"lcp_excerpt\">Comment conduire un jeune arbre pour lui donner une forme de rideau ?\n<\/div><\/li><li><a href=\"https:\/\/www.lapetiteloiterie.fr\/lpl\/art\/formation-palisse\/\">La formation d&rsquo;un arbre paliss\u00e9<\/a><a href=\"https:\/\/www.lapetiteloiterie.fr\/lpl\/art\/formation-palisse\/\" title=\"La formation d&#039;un arbre paliss\u00e9\"><img loading=\"lazy\" decoding=\"async\" width=\"320\" height=\"240\" src=\"https:\/\/www.lapetiteloiterie.fr\/lpl\/wp-content\/uploads\/320x240-Aq1-320x240.jpg\" class=\"lcp_thumbnail wp-post-image\" alt=\"La formation d&#039;un arbre paliss\u00e9\" srcset=\"https:\/\/www.lapetiteloiterie.fr\/lpl\/wp-content\/uploads\/320x240-Aq1.jpg 320w, https:\/\/www.lapetiteloiterie.fr\/lpl\/wp-content\/uploads\/320x240-Aq1-160x120.jpg 160w\" sizes=\"auto, (max-width: 320px) 100vw, 320px\" title=\"Formation d&#039;un arbre paliss\u00e9\" \/><\/a><div class=\"lcp_excerpt\">Comment conduire un arbre pour que ses branches se d\u00e9veloppent uniquement dans un axe ?\n<\/div><\/li><li><a href=\"https:\/\/www.lapetiteloiterie.fr\/lpl\/art\/periode-taille\/\">La p\u00e9riode de taille des arbres<\/a><a href=\"https:\/\/www.lapetiteloiterie.fr\/lpl\/art\/periode-taille\/\" title=\"La p\u00e9riode de taille des arbres\"><img loading=\"lazy\" decoding=\"async\" width=\"320\" height=\"240\" src=\"https:\/\/www.lapetiteloiterie.fr\/lpl\/wp-content\/uploads\/320x240-TaQ-320x240.jpg\" class=\"lcp_thumbnail wp-post-image\" alt=\"La p\u00e9riode de taille des arbres\" srcset=\"https:\/\/www.lapetiteloiterie.fr\/lpl\/wp-content\/uploads\/320x240-TaQ.jpg 320w, https:\/\/www.lapetiteloiterie.fr\/lpl\/wp-content\/uploads\/320x240-TaQ-160x120.jpg 160w\" sizes=\"auto, (max-width: 320px) 100vw, 320px\" title=\"P\u00e9riode de taille\" \/><\/a><div class=\"lcp_excerpt\">Savoir quelles sont les meilleures p\u00e9riodes pour tailler les arbres.\n<\/div><\/li><li><a href=\"https:\/\/www.lapetiteloiterie.fr\/lpl\/art\/reaction-blessures\/\">La r\u00e9action des arbres aux blessures<\/a><a href=\"https:\/\/www.lapetiteloiterie.fr\/lpl\/art\/reaction-blessures\/\" title=\"La r\u00e9action des arbres aux blessures\"><img loading=\"lazy\" decoding=\"async\" width=\"320\" height=\"240\" src=\"https:\/\/www.lapetiteloiterie.fr\/lpl\/wp-content\/uploads\/320x240-a7O-320x240.jpg\" class=\"lcp_thumbnail wp-post-image\" alt=\"La r\u00e9action des arbres aux blessures\" srcset=\"https:\/\/www.lapetiteloiterie.fr\/lpl\/wp-content\/uploads\/320x240-a7O.jpg 320w, https:\/\/www.lapetiteloiterie.fr\/lpl\/wp-content\/uploads\/320x240-a7O-160x120.jpg 160w\" sizes=\"auto, (max-width: 320px) 100vw, 320px\" title=\"R\u00e9action aux blessures\" \/><\/a><div class=\"lcp_excerpt\">Le ph\u00e9nom\u00e8ne de compartimentation.\n<\/div><\/li><li><a href=\"https:\/\/www.lapetiteloiterie.fr\/lpl\/art\/fourches-ecorce-incluse\/\">La taille des fourches \u00e0 \u00e9corce incluse<\/a><a href=\"https:\/\/www.lapetiteloiterie.fr\/lpl\/art\/fourches-ecorce-incluse\/\" title=\"La taille des fourches \u00e0 \u00e9corce incluse\"><img loading=\"lazy\" decoding=\"async\" width=\"320\" height=\"240\" src=\"https:\/\/www.lapetiteloiterie.fr\/lpl\/wp-content\/uploads\/320x240-tPb-320x240.jpg\" class=\"lcp_thumbnail wp-post-image\" alt=\"La taille des fourches \u00e0 \u00e9corce incluse\" srcset=\"https:\/\/www.lapetiteloiterie.fr\/lpl\/wp-content\/uploads\/320x240-tPb.jpg 320w, https:\/\/www.lapetiteloiterie.fr\/lpl\/wp-content\/uploads\/320x240-tPb-160x120.jpg 160w\" sizes=\"auto, (max-width: 320px) 100vw, 320px\" title=\"Fourches \u00e0 \u00e9corce incluse\" \/><\/a><div class=\"lcp_excerpt\">Comment tailler les fourches \u00e0 angle tr\u00e8s ferm\u00e9 pour \u00e9viter qu&rsquo;elles ne s&rsquo;arrachent ?\n<\/div><\/li><li><a href=\"https:\/\/www.lapetiteloiterie.fr\/lpl\/art\/taille-tire-seve\/\">La taille sur tire s\u00e8ve<\/a><a href=\"https:\/\/www.lapetiteloiterie.fr\/lpl\/art\/taille-tire-seve\/\" title=\"La taille sur tire s\u00e8ve\"><img loading=\"lazy\" decoding=\"async\" width=\"320\" height=\"240\" src=\"https:\/\/www.lapetiteloiterie.fr\/lpl\/wp-content\/uploads\/320x240-UGZ-320x240.jpg\" class=\"lcp_thumbnail wp-post-image\" alt=\"La taille sur tire s\u00e8ve\" srcset=\"https:\/\/www.lapetiteloiterie.fr\/lpl\/wp-content\/uploads\/320x240-UGZ.jpg 320w, https:\/\/www.lapetiteloiterie.fr\/lpl\/wp-content\/uploads\/320x240-UGZ-160x120.jpg 160w\" sizes=\"auto, (max-width: 320px) 100vw, 320px\" title=\"Taille sur tire s\u00e8ve\" \/><\/a><div class=\"lcp_excerpt\">Comment r\u00e9duire la dimension d&rsquo;une branche ?\n<\/div><\/li><li><a href=\"https:\/\/www.lapetiteloiterie.fr\/lpl\/art\/recepage\/\">Le rec\u00e9page<\/a><a href=\"https:\/\/www.lapetiteloiterie.fr\/lpl\/art\/recepage\/\" title=\"Le rec\u00e9page\"><img loading=\"lazy\" decoding=\"async\" width=\"320\" height=\"240\" src=\"https:\/\/www.lapetiteloiterie.fr\/lpl\/wp-content\/uploads\/320x240-35N-320x240.jpg\" class=\"lcp_thumbnail wp-post-image\" alt=\"Le rec\u00e9page\" srcset=\"https:\/\/www.lapetiteloiterie.fr\/lpl\/wp-content\/uploads\/320x240-35N.jpg 320w, https:\/\/www.lapetiteloiterie.fr\/lpl\/wp-content\/uploads\/320x240-35N-160x120.jpg 160w\" sizes=\"auto, (max-width: 320px) 100vw, 320px\" title=\"Rec\u00e9page\" \/><\/a><div class=\"lcp_excerpt\">Le rec\u00e9page, comment et dans quels cas ?\n<\/div><\/li><li><a href=\"https:\/\/www.lapetiteloiterie.fr\/lpl\/art\/respect-angle-coupe\/\">Le respect de l&rsquo;angle de coupe<\/a><a href=\"https:\/\/www.lapetiteloiterie.fr\/lpl\/art\/respect-angle-coupe\/\" title=\"Le respect de l&#039;angle de coupe\"><img loading=\"lazy\" decoding=\"async\" width=\"320\" height=\"240\" src=\"https:\/\/www.lapetiteloiterie.fr\/lpl\/wp-content\/uploads\/320x240-GCT-320x240.jpg\" class=\"lcp_thumbnail wp-post-image\" alt=\"Le respect de l&#039;angle de coupe\" srcset=\"https:\/\/www.lapetiteloiterie.fr\/lpl\/wp-content\/uploads\/320x240-GCT.jpg 320w, https:\/\/www.lapetiteloiterie.fr\/lpl\/wp-content\/uploads\/320x240-GCT-160x120.jpg 160w\" sizes=\"auto, (max-width: 320px) 100vw, 320px\" title=\"Respect de l&#039;angle de coupe\" \/><\/a><div class=\"lcp_excerpt\">A quel endroit effectuer la coupe d&rsquo;une branche ?\n<\/div><\/li><li><a href=\"https:\/\/www.lapetiteloiterie.fr\/lpl\/art\/creux-vitalite\/\">Les arbres creux et leur vitalit\u00e9<\/a><a href=\"https:\/\/www.lapetiteloiterie.fr\/lpl\/art\/creux-vitalite\/\" title=\"Les arbres creux et leur vitalit\u00e9\"><img loading=\"lazy\" decoding=\"async\" width=\"320\" height=\"240\" src=\"https:\/\/www.lapetiteloiterie.fr\/lpl\/wp-content\/uploads\/320x240-Kwa-320x240.jpg\" class=\"lcp_thumbnail wp-post-image\" alt=\"Les arbres creux et leur vitalit\u00e9\" srcset=\"https:\/\/www.lapetiteloiterie.fr\/lpl\/wp-content\/uploads\/320x240-Kwa.jpg 320w, https:\/\/www.lapetiteloiterie.fr\/lpl\/wp-content\/uploads\/320x240-Kwa-160x120.jpg 160w\" sizes=\"auto, (max-width: 320px) 100vw, 320px\" title=\"Arbre creux et vitalit\u00e9\" \/><\/a><div class=\"lcp_excerpt\">Un arbre dont le tronc est totalement creux peut-il continuer \u00e0 vivre ?\n<\/div><\/li><li><a href=\"https:\/\/www.lapetiteloiterie.fr\/lpl\/art\/formes-libre-semi-libre-cepee\/\">Les arbres en formes libre, semi-libre et c\u00e9p\u00e9e<\/a><a href=\"https:\/\/www.lapetiteloiterie.fr\/lpl\/art\/formes-libre-semi-libre-cepee\/\" title=\"Les arbres en formes libre, semi-libre et c\u00e9p\u00e9e\"><img loading=\"lazy\" decoding=\"async\" width=\"320\" height=\"240\" src=\"https:\/\/www.lapetiteloiterie.fr\/lpl\/wp-content\/uploads\/320x240-Vhu-320x240.jpg\" class=\"lcp_thumbnail wp-post-image\" alt=\"Les arbres en formes libre, semi-libre et c\u00e9p\u00e9e\" srcset=\"https:\/\/www.lapetiteloiterie.fr\/lpl\/wp-content\/uploads\/320x240-Vhu.jpg 320w, https:\/\/www.lapetiteloiterie.fr\/lpl\/wp-content\/uploads\/320x240-Vhu-160x120.jpg 160w\" sizes=\"auto, (max-width: 320px) 100vw, 320px\" title=\"Formes libre, semi libre et c\u00e9p\u00e9e\" \/><\/a><div class=\"lcp_excerpt\">Quelles formes peut-on donner aux arbres ?\n<\/div><\/li><li><a href=\"https:\/\/www.lapetiteloiterie.fr\/lpl\/art\/outils-perche\/\">Les outils sur perche<\/a><a href=\"https:\/\/www.lapetiteloiterie.fr\/lpl\/art\/outils-perche\/\" title=\"Les outils sur perche\"><img loading=\"lazy\" decoding=\"async\" width=\"320\" height=\"240\" src=\"https:\/\/www.lapetiteloiterie.fr\/lpl\/wp-content\/uploads\/320x240-ONb-320x240.jpg\" class=\"lcp_thumbnail wp-post-image\" alt=\"Les outils sur perche\" srcset=\"https:\/\/www.lapetiteloiterie.fr\/lpl\/wp-content\/uploads\/320x240-ONb.jpg 320w, https:\/\/www.lapetiteloiterie.fr\/lpl\/wp-content\/uploads\/320x240-ONb-160x120.jpg 160w\" sizes=\"auto, (max-width: 320px) 100vw, 320px\" title=\"Outils sur perche\" \/><\/a><div class=\"lcp_excerpt\">Quels outils de coupe utiliser pour intervenir sur des branches \u00e9loign\u00e9es ?\n<\/div><\/li><\/ul>\n","protected":false},"excerpt":{"rendered":"<p>Ces vid\u00e9os ont \u00e9t\u00e9 r\u00e9alis\u00e9es principalement \u00e0 l&rsquo;arboretum de la Petite Loiterie&#8230; sauf exception&nbsp;! Effectivement, pour parler par exemple des probl\u00e8mes fourches \u00e0 \u00e9corce incluse, il a fallu se d\u00e9placer puisqu&rsquo;il n&rsquo;y en a pas (a priori) \u00e0 l&rsquo;arboretum&#8230;<\/p>\n","protected":false},"author":1,"featured_media":0,"parent":35,"menu_order":2,"comment_status":"closed","ping_status":"closed","template":"","meta":{"footnotes":""},"class_list":["post-353","page","type-page","status-publish","hentry"],"_links":{"self":[{"href":"https:\/\/www.lapetiteloiterie.fr\/lpl\/wp-json\/wp\/v2\/pages\/353","targetHints":{"allow":["GET"]}}],"collection":[{"href":"https:\/\/www.lapetiteloiterie.fr\/lpl\/wp-json\/wp\/v2\/pages"}],"about":[{"href":"https:\/\/www.lapetiteloiterie.fr\/lpl\/wp-json\/wp\/v2\/types\/page"}],"author":[{"embeddable":true,"href":"https:\/\/www.lapetiteloiterie.fr\/lpl\/wp-json\/wp\/v2\/users\/1"}],"replies":[{"embeddable":true,"href":"https:\/\/www.lapetiteloiterie.fr\/lpl\/wp-json\/wp\/v2\/comments?post=353"}],"version-history":[{"count":11,"href":"https:\/\/www.lapetiteloiterie.fr\/lpl\/wp-json\/wp\/v2\/pages\/353\/revisions"}],"predecessor-version":[{"id":3560,"href":"https:\/\/www.lapetiteloiterie.fr\/lpl\/wp-json\/wp\/v2\/pages\/353\/revisions\/3560"}],"up":[{"embeddable":true,"href":"https:\/\/www.lapetiteloiterie.fr\/lpl\/wp-json\/wp\/v2\/pages\/35"}],"wp:attachment":[{"href":"https:\/\/www.lapetiteloiterie.fr\/lpl\/wp-json\/wp\/v2\/media?parent=353"}],"curies":[{"name":"wp","href":"https:\/\/api.w.org\/{rel}","templated":true}]}}