{"id":40,"date":"2013-10-23T19:39:42","date_gmt":"2013-10-23T17:39:42","guid":{"rendered":"http:\/\/lapetiteloiterie.fr\/lpl\/?page_id=40"},"modified":"2015-05-22T22:25:55","modified_gmt":"2015-05-22T20:25:55","slug":"objectifs","status":"publish","type":"page","link":"https:\/\/www.lapetiteloiterie.fr\/lpl\/presentation\/objectifs\/","title":{"rendered":"Les objectifs"},"content":{"rendered":"<p>D\u00e8s sa conception, le premier objectif de l&rsquo;arboretum a \u00e9t\u00e9 la <a href=\"http:\/\/www.lapetiteloiterie.fr\/lpl\/presentation\/objectifs\/reconnaissance\/\">reconnaissance<\/a> des arbres et des arbustes.<\/p>\n<p>L&rsquo;arboretum est \u00e9galement un excellent outil pour la connaissance de ces v\u00e9g\u00e9taux, de par la richesse de la <a href=\"http:\/\/www.lapetiteloiterie.fr\/lpl\/presentation\/especes\/\" title=\"Les esp\u00e8ces pr\u00e9sentes\">palette v\u00e9g\u00e9tale<\/a> pr\u00e9sent\u00e9e, qui en fait un v\u00e9ritable <a href=\"http:\/\/www.lapetiteloiterie.fr\/lpl\/presentation\/objectifs\/catalogue-vivant\/\" title=\"Catalogue vivant\">catalogue vivant<\/a>.<\/p>\n<p>M\u00eame si, parall\u00e8lement, l&rsquo;arboretum fait \u00e9galement l&rsquo;objet de <a href=\"http:\/\/www.lapetiteloiterie.fr\/lpl\/suivis_etudes\/\" title=\"Suivis et \u00e9tudes\">suivis et d&rsquo;\u00e9tudes<\/a>, le principal objectif reste la p\u00e9dagogie par l&rsquo;exemple.<\/p>\n","protected":false},"excerpt":{"rendered":"<p>D\u00e8s sa conception, le premier objectif de l&rsquo;arboretum a \u00e9t\u00e9 la reconnaissance des arbres et des arbustes. L&rsquo;arboretum est \u00e9galement un excellent outil pour la connaissance de ces v\u00e9g\u00e9taux, de par la richesse de la palette v\u00e9g\u00e9tale pr\u00e9sent\u00e9e, qui en fait un v\u00e9ritable catalogue vivant. M\u00eame si, parall\u00e8lement, l&rsquo;arboretum fait \u00e9galement l&rsquo;objet de suivis et [&hellip;]<\/p>\n","protected":false},"author":1,"featured_media":696,"parent":27,"menu_order":2,"comment_status":"closed","ping_status":"closed","template":"","meta":{"footnotes":""},"class_list":["post-40","page","type-page","status-publish","has-post-thumbnail","hentry"],"_links":{"self":[{"href":"https:\/\/www.lapetiteloiterie.fr\/lpl\/wp-json\/wp\/v2\/pages\/40","targetHints":{"allow":["GET"]}}],"collection":[{"href":"https:\/\/www.lapetiteloiterie.fr\/lpl\/wp-json\/wp\/v2\/pages"}],"about":[{"href":"https:\/\/www.lapetiteloiterie.fr\/lpl\/wp-json\/wp\/v2\/types\/page"}],"author":[{"embeddable":true,"href":"https:\/\/www.lapetiteloiterie.fr\/lpl\/wp-json\/wp\/v2\/users\/1"}],"replies":[{"embeddable":true,"href":"https:\/\/www.lapetiteloiterie.fr\/lpl\/wp-json\/wp\/v2\/comments?post=40"}],"version-history":[{"count":6,"href":"https:\/\/www.lapetiteloiterie.fr\/lpl\/wp-json\/wp\/v2\/pages\/40\/revisions"}],"predecessor-version":[{"id":1481,"href":"https:\/\/www.lapetiteloiterie.fr\/lpl\/wp-json\/wp\/v2\/pages\/40\/revisions\/1481"}],"up":[{"embeddable":true,"href":"https:\/\/www.lapetiteloiterie.fr\/lpl\/wp-json\/wp\/v2\/pages\/27"}],"wp:featuredmedia":[{"embeddable":true,"href":"https:\/\/www.lapetiteloiterie.fr\/lpl\/wp-json\/wp\/v2\/media\/696"}],"wp:attachment":[{"href":"https:\/\/www.lapetiteloiterie.fr\/lpl\/wp-json\/wp\/v2\/media?parent=40"}],"curies":[{"name":"wp","href":"https:\/\/api.w.org\/{rel}","templated":true}]}}