{"id":42,"date":"2013-10-23T19:41:13","date_gmt":"2013-10-23T17:41:13","guid":{"rendered":"http:\/\/lapetiteloiterie.fr\/lpl\/?page_id=42"},"modified":"2015-05-22T22:31:54","modified_gmt":"2015-05-22T20:31:54","slug":"reconnaissance","status":"publish","type":"page","link":"https:\/\/www.lapetiteloiterie.fr\/lpl\/presentation\/objectifs\/reconnaissance\/","title":{"rendered":"La reconnaissance des v\u00e9g\u00e9taux ligneux"},"content":{"rendered":"<p>La reconnaissance des arbres et des arbustes a \u00e9t\u00e9 le premier objectif attribu\u00e9 \u00e0 l&rsquo;arboretum, d\u00e8s l&rsquo;origine du projet.<\/p>\n<p>C&rsquo;est pourquoi toute l&rsquo;organisation du parc est bas\u00e9e sur ce th\u00e8me (voir <a href=\"http:\/\/www.lapetiteloiterie.fr\/lpl\/presentation\/principe-plantation\/\">le principe de plantation<\/a>).<\/p>\n<h2>La disposition des plantes<\/h2>\n<p>Pour faciliter leur reconnaissance, les essences sont dispos\u00e9es selon un <a href=\"http:\/\/www.lapetiteloiterie.fr\/lpl\/presentation\/principe-plantation\/\">principe<\/a> particulier&nbsp;: les arbres et arbustes ayant des feuilles ressemblantes sont regroup\u00e9s dans les m\u00eames zones, afin de pouvoir les comparer&nbsp;:<\/p>\n<ul>\n<li>l&rsquo;alisier torminal (<em>Sorbus torminalis<\/em>) voisine avec les \u00e9rables (<em>Acer<\/em>),<\/li>\n<li>le catalpa (<em>Catalpa bignonioides<\/em>) jouxte le paulownia (<em>Paulownia tomentosa<\/em>),<\/li>\n<li>le charme (<em>Carpinus<\/em>) accompagne le h\u00eatre (<em>Fagus<\/em>),<\/li>\n<li>le fr\u00eane (<em>Fraxinus<\/em>) et le noyer (<em>Juglans<\/em>) sont voisins,<\/li>\n<li>le platane \u00e0 feuilles d&rsquo;\u00e9rable (<em>Platanus hispanica<\/em>(x) (=<em> acerifolia<\/em>(x))) et l&rsquo;\u00e9rable \u00e0 feuilles de platane (<em>Acer platanoides<\/em>) sont en vis-\u00e0-vis,<\/li>\n<li>l&rsquo;ailante (<em>Ailanthus altissima<\/em>) c\u00f4toie le c\u00e9drela de Chine (<em>Toona sinensis<\/em>(=<em> Cedrela sinensis<\/em>))<\/li>\n<li>&#8230;<\/li>\n<\/ul>\n<p>En effet, comment mieux diff\u00e9rencier deux taxons morphologiquement proches qu\u2019en les observant simultan\u00e9ment in situ&nbsp;? Il est alors possible de m\u00e9moriser pour chaque plante un seul ou quelques d\u00e9tails majeurs qui les distinguent \u00e0 coup s\u00fbr&#8230;.<\/p>\n<p>Les exceptions \u00e0 ce principe de plantation sont p\u00e9dagogiques&nbsp;: les essences qui sont parfois confondues alors qu\u2019elles sont nettement diff\u00e9rentes sont aussi plant\u00e9es c\u00f4te \u00e0 c\u00f4te&nbsp;:<\/p>\n<ul>\n<li>le ch\u00e2taignier (<em>Castanea<\/em>), qui est dans la zone des feuilles simples dent\u00e9es, a \u00e9galement un exemplaire plant\u00e9 \u00e0 c\u00f4t\u00e9 du marronnier (<em>Aesculus<\/em>), chez les feuilles compos\u00e9es,<\/li>\n<li>les deux s\u00e9quoias sont plant\u00e9s c\u00f4te \u00e0 c\u00f4te \u00e0 la fois dans la zone des aiguilles simples, qui est celle du s\u00e9quoia toujours vert (<em>Sequoia sempervirens<\/em>), et dans la zone des al\u00e8nes, qui est celle du s\u00e9quoia g\u00e9ant (<em>Sequoiadendron giganteum<\/em>)<\/li>\n<li>dans la m\u00eame id\u00e9e, l&rsquo;\u00e9rable negundo (<em>Acer negundo<\/em>), qui est \u00e0 feuilles compos\u00e9es penn\u00e9es, a \u00e9galement un exemplaire dans la zone des feuilles palmatilob\u00e9es, avec tous ses autres camarades \u00e9rables&nbsp;: cela permet de montrer la diversit\u00e9 de formes de feuilles au sein d&rsquo;un m\u00eame genre, tout en trouvant leurs points communs (rameaux oppos\u00e9s par exemple)&#8230;<\/li>\n<\/ul>\n<p>Cette disposition des arbres par forme de feuille a \u00e9t\u00e9 reprise pour les arbustes, qui sont plant\u00e9s en sous-\u00e9tage&nbsp;: les hibiscus et les groseilliers sont install\u00e9s dans la zone des \u00e9rables, car ils ont aussi des feuilles palmatilob\u00e9es, et les sureaux sont \u00e0 proximit\u00e9 des fr\u00eanes, eux aussi \u00e0 feuilles compos\u00e9es penn\u00e9es.<\/p>\n<p>Pour la reconnaissance hivernale, il est possible de pr\u00e9lever des rameaux sur des sujets r\u00e9serv\u00e9s \u00e0 cet usage, et conduits comme des pieds m\u00e8res de p\u00e9pini\u00e8re.<\/p>\n<h2>La palette v\u00e9g\u00e9tale<\/h2>\n<p>Elle permet de pr\u00e9senter la diversit\u00e9 v\u00e9g\u00e9tale utilisable dans les rues des villes, les jardins priv\u00e9s, les haies campagnardes&nbsp;: les 900 taxons d\u2019arbres et grands arbustes plant\u00e9s repr\u00e9sentent l\u2019essentiel des essences rustiques, indig\u00e8nes et cultiv\u00e9es, que l\u2019on peut trouver facilement ou assez ais\u00e9ment en p\u00e9pini\u00e8re (voir la <a href=\"http:\/\/www.lapetiteloiterie.fr\/lpl\/presentation\/especes\/\" title=\"Les esp\u00e8ces pr\u00e9sentes\">liste des esp\u00e8ces<\/a> pr\u00e9sentes sur l&rsquo;arboretum).<\/p>\n<p>Les quelques plantes \u00ab\u00a0rares\u00a0\u00bb pr\u00e9sentes ont \u00e9t\u00e9 choisies pour leur int\u00e9r\u00eat p\u00e9dagogique (un \u00e9rable \u00e0 feuilles de charme est plant\u00e9 pr\u00e8s du charme commun&#8230;).<\/p>\n<p>Concernant les arbustes, plus de 300 esp\u00e8ces et vari\u00e9t\u00e9s sont d\u00e9j\u00e0 en place, et pr\u00e8s de 1000 autres, dont la plupart sont d\u00e9j\u00e0 en p\u00e9pini\u00e8re sur le site, vont les rejoindre dans les 2 ou 3 ans qui viennent.<\/p>\n<p>La reconnaissance peut donc porter, en un lieu unique et con\u00e7u pour cela, sur l&rsquo;ensemble des v\u00e9g\u00e9taux ligneux utilis\u00e9s actuellement en France, \u00e0 l&rsquo;exception des plantes strictement m\u00e9diterran\u00e9ennes.<\/p>\n","protected":false},"excerpt":{"rendered":"<p>La reconnaissance des arbres et des arbustes a \u00e9t\u00e9 le premier objectif attribu\u00e9 \u00e0 l&rsquo;arboretum, d\u00e8s l&rsquo;origine du projet. C&rsquo;est pourquoi toute l&rsquo;organisation du parc est bas\u00e9e sur ce th\u00e8me (voir le principe de plantation). La disposition des plantes Pour faciliter leur reconnaissance, les essences sont dispos\u00e9es selon un principe particulier&nbsp;: les arbres et arbustes [&hellip;]<\/p>\n","protected":false},"author":1,"featured_media":701,"parent":40,"menu_order":0,"comment_status":"closed","ping_status":"closed","template":"","meta":{"footnotes":""},"class_list":["post-42","page","type-page","status-publish","has-post-thumbnail","hentry"],"_links":{"self":[{"href":"https:\/\/www.lapetiteloiterie.fr\/lpl\/wp-json\/wp\/v2\/pages\/42","targetHints":{"allow":["GET"]}}],"collection":[{"href":"https:\/\/www.lapetiteloiterie.fr\/lpl\/wp-json\/wp\/v2\/pages"}],"about":[{"href":"https:\/\/www.lapetiteloiterie.fr\/lpl\/wp-json\/wp\/v2\/types\/page"}],"author":[{"embeddable":true,"href":"https:\/\/www.lapetiteloiterie.fr\/lpl\/wp-json\/wp\/v2\/users\/1"}],"replies":[{"embeddable":true,"href":"https:\/\/www.lapetiteloiterie.fr\/lpl\/wp-json\/wp\/v2\/comments?post=42"}],"version-history":[{"count":12,"href":"https:\/\/www.lapetiteloiterie.fr\/lpl\/wp-json\/wp\/v2\/pages\/42\/revisions"}],"predecessor-version":[{"id":1574,"href":"https:\/\/www.lapetiteloiterie.fr\/lpl\/wp-json\/wp\/v2\/pages\/42\/revisions\/1574"}],"up":[{"embeddable":true,"href":"https:\/\/www.lapetiteloiterie.fr\/lpl\/wp-json\/wp\/v2\/pages\/40"}],"wp:featuredmedia":[{"embeddable":true,"href":"https:\/\/www.lapetiteloiterie.fr\/lpl\/wp-json\/wp\/v2\/media\/701"}],"wp:attachment":[{"href":"https:\/\/www.lapetiteloiterie.fr\/lpl\/wp-json\/wp\/v2\/media?parent=42"}],"curies":[{"name":"wp","href":"https:\/\/api.w.org\/{rel}","templated":true}]}}