{"id":44,"date":"2013-10-23T19:42:33","date_gmt":"2013-10-23T17:42:33","guid":{"rendered":"http:\/\/lapetiteloiterie.fr\/lpl\/?page_id=44"},"modified":"2015-05-22T22:32:12","modified_gmt":"2015-05-22T20:32:12","slug":"catalogue-vivant","status":"publish","type":"page","link":"https:\/\/www.lapetiteloiterie.fr\/lpl\/presentation\/objectifs\/catalogue-vivant\/","title":{"rendered":"Catalogue vivant"},"content":{"rendered":"<p>L&rsquo;arboretum constitue un catalogue vivant exceptionnel.<\/p>\n<p>La connaissance des arbres et des arbustes est un pr\u00e9alable indispensable \u00e0 leur utilisation.<br \/>\nAvant de d\u00e9cider de planter telle ou telle essence, il faut \u00eatre certain qu&rsquo;elle est adapt\u00e9e aux contraintes du site, aux objectifs paysagers et aux usages attendus.<\/p>\n<p>Les <a href=\"http:\/\/www.lapetiteloiterie.fr\/lpl\/activites\/\" title=\"Les activit\u00e9s\">visites de l&rsquo;arboretum<\/a>, toujours guid\u00e9es, sont l&rsquo;occasion d&rsquo;aborder les diff\u00e9rents aspects de la connaissance des arbres et arbustes&nbsp;:<\/p>\n<ul>\n<li>exigences particuli\u00e8res vis \u00e0 vis du climat et du sol (auto-\u00e9cologie),<\/li>\n<li>    dimensions \u00e0 l&rsquo;\u00e2ge adulte,<\/li>\n<li>    modalit\u00e9s de d\u00e9veloppement,<\/li>\n<li>    rapidit\u00e9 de croissance,<\/li>\n<li>    long\u00e9vit\u00e9,<\/li>\n<li>    r\u00e9sistance aux parasites et pr\u00e9dateurs,<\/li>\n<li>    caract\u00e8res d\u00e9coratifs (feuilles, fleurs, fruits, \u00e9corce, port&#8230;),<\/li>\n<li>    usages possibles (consommation, m\u00e9decine, bois&#8230;),<\/li>\n<li>    facilit\u00e9 de reprise,<\/li>\n<li>    possibilit\u00e9s d&rsquo;approvisionnement,<\/li>\n<li>    entretien (tailles, protection sanitaire&#8230;)&#8230;<\/li>\n<\/ul>\n<p>La diversit\u00e9 des <a href=\"http:\/\/www.lapetiteloiterie.fr\/lpl\/presentation\/especes\/\" title=\"Les esp\u00e8ces pr\u00e9sentes\">essences pr\u00e9sentes<\/a>, repr\u00e9sentative de la disponibilit\u00e9 en p\u00e9pini\u00e8res et jardineries, permet de montrer qu&rsquo;il y a toujours le choix entre plusieurs bonnes solutions pour chaque cas particulier de plantation.<\/p>\n<p>L&rsquo;arboretum est donc comme un catalogue vivant et comment\u00e9 des arbres et arbustes que l&rsquo;on peut planter dans son jardin ou dans un espace urbain&#8230;<\/p>\n","protected":false},"excerpt":{"rendered":"<p>L&rsquo;arboretum constitue un catalogue vivant exceptionnel. La connaissance des arbres et des arbustes est un pr\u00e9alable indispensable \u00e0 leur utilisation. Avant de d\u00e9cider de planter telle ou telle essence, il faut \u00eatre certain qu&rsquo;elle est adapt\u00e9e aux contraintes du site, aux objectifs paysagers et aux usages attendus. Les visites de l&rsquo;arboretum, toujours guid\u00e9es, sont l&rsquo;occasion [&hellip;]<\/p>\n","protected":false},"author":1,"featured_media":698,"parent":40,"menu_order":0,"comment_status":"closed","ping_status":"closed","template":"","meta":{"footnotes":""},"class_list":["post-44","page","type-page","status-publish","has-post-thumbnail","hentry"],"_links":{"self":[{"href":"https:\/\/www.lapetiteloiterie.fr\/lpl\/wp-json\/wp\/v2\/pages\/44","targetHints":{"allow":["GET"]}}],"collection":[{"href":"https:\/\/www.lapetiteloiterie.fr\/lpl\/wp-json\/wp\/v2\/pages"}],"about":[{"href":"https:\/\/www.lapetiteloiterie.fr\/lpl\/wp-json\/wp\/v2\/types\/page"}],"author":[{"embeddable":true,"href":"https:\/\/www.lapetiteloiterie.fr\/lpl\/wp-json\/wp\/v2\/users\/1"}],"replies":[{"embeddable":true,"href":"https:\/\/www.lapetiteloiterie.fr\/lpl\/wp-json\/wp\/v2\/comments?post=44"}],"version-history":[{"count":7,"href":"https:\/\/www.lapetiteloiterie.fr\/lpl\/wp-json\/wp\/v2\/pages\/44\/revisions"}],"predecessor-version":[{"id":1573,"href":"https:\/\/www.lapetiteloiterie.fr\/lpl\/wp-json\/wp\/v2\/pages\/44\/revisions\/1573"}],"up":[{"embeddable":true,"href":"https:\/\/www.lapetiteloiterie.fr\/lpl\/wp-json\/wp\/v2\/pages\/40"}],"wp:featuredmedia":[{"embeddable":true,"href":"https:\/\/www.lapetiteloiterie.fr\/lpl\/wp-json\/wp\/v2\/media\/698"}],"wp:attachment":[{"href":"https:\/\/www.lapetiteloiterie.fr\/lpl\/wp-json\/wp\/v2\/media?parent=44"}],"curies":[{"name":"wp","href":"https:\/\/api.w.org\/{rel}","templated":true}]}}