{"id":84,"date":"2013-10-23T22:08:25","date_gmt":"2013-10-23T20:08:25","guid":{"rendered":"http:\/\/www.lapetiteloiterie.fr\/lpl\/?page_id=84"},"modified":"2019-08-21T08:07:05","modified_gmt":"2019-08-21T06:07:05","slug":"visites","status":"publish","type":"page","link":"https:\/\/www.lapetiteloiterie.fr\/lpl\/activites\/visites\/","title":{"rendered":"Visites"},"content":{"rendered":"<p>Les visites, toutes guid\u00e9es, sont id\u00e9ales pour une premi\u00e8re d\u00e9couverte de l&rsquo;arboretum.<\/p>\n<p>La promenade permet de d\u00e9couvrir, en 2 heures, la tr\u00e8s grande diversit\u00e9 des arbres et arbustes (plus de 2000 vari\u00e9t\u00e9s).<\/p>\n<p>Le parcours, qui chemine \u00e0 travers l&rsquo;ensemble des 12 hectares de l&rsquo;arboretum, est adapt\u00e9 \u00e0 chaque fois aux \u00e9v\u00e8nements d\u00e9coratifs de la saison. Mais il n&rsquo;est pas rare que, pour r\u00e9pondre pr\u00e9cis\u00e9ment \u00e0 une question de l&rsquo;un des participants, on fasse un petit d\u00e9tour pour saluer un arbre ou un arbuste pr\u00e9cis&#8230;<\/p>\n<p>Les visites sont guid\u00e9es par Jac Boutaud, cr\u00e9ateur et propri\u00e9taire du site.<br \/>\nLes commentaires portent sur la reconnaissance des plantes ligneuses, leurs int\u00e9r\u00eats d\u00e9coratifs et utilitaires, les techniques de plantation et d&rsquo;entretien&#8230;<\/p>\n<p>Attention, l&rsquo;arboretum n&rsquo;est pas ouvert en permanence&nbsp;: pour conna\u00eetre les dates et heures de visite, consultez notre <a href=\"http:\/\/www.lapetiteloiterie.fr\/lpl\/agenda\/\">agenda<\/a>&nbsp;!<\/p>\n","protected":false},"excerpt":{"rendered":"<p>Les visites, toutes guid\u00e9es, sont id\u00e9ales pour une premi\u00e8re d\u00e9couverte de l&rsquo;arboretum. La promenade permet de d\u00e9couvrir, en 2 heures, la tr\u00e8s grande diversit\u00e9 des arbres et arbustes (plus de 2000 vari\u00e9t\u00e9s). Le parcours, qui chemine \u00e0 travers l&rsquo;ensemble des 12 hectares de l&rsquo;arboretum, est adapt\u00e9 \u00e0 chaque fois aux \u00e9v\u00e8nements d\u00e9coratifs de la saison. [&hellip;]<\/p>\n","protected":false},"author":1,"featured_media":811,"parent":29,"menu_order":1,"comment_status":"closed","ping_status":"closed","template":"","meta":{"footnotes":""},"class_list":["post-84","page","type-page","status-publish","has-post-thumbnail","hentry"],"_links":{"self":[{"href":"https:\/\/www.lapetiteloiterie.fr\/lpl\/wp-json\/wp\/v2\/pages\/84","targetHints":{"allow":["GET"]}}],"collection":[{"href":"https:\/\/www.lapetiteloiterie.fr\/lpl\/wp-json\/wp\/v2\/pages"}],"about":[{"href":"https:\/\/www.lapetiteloiterie.fr\/lpl\/wp-json\/wp\/v2\/types\/page"}],"author":[{"embeddable":true,"href":"https:\/\/www.lapetiteloiterie.fr\/lpl\/wp-json\/wp\/v2\/users\/1"}],"replies":[{"embeddable":true,"href":"https:\/\/www.lapetiteloiterie.fr\/lpl\/wp-json\/wp\/v2\/comments?post=84"}],"version-history":[{"count":14,"href":"https:\/\/www.lapetiteloiterie.fr\/lpl\/wp-json\/wp\/v2\/pages\/84\/revisions"}],"predecessor-version":[{"id":2348,"href":"https:\/\/www.lapetiteloiterie.fr\/lpl\/wp-json\/wp\/v2\/pages\/84\/revisions\/2348"}],"up":[{"embeddable":true,"href":"https:\/\/www.lapetiteloiterie.fr\/lpl\/wp-json\/wp\/v2\/pages\/29"}],"wp:featuredmedia":[{"embeddable":true,"href":"https:\/\/www.lapetiteloiterie.fr\/lpl\/wp-json\/wp\/v2\/media\/811"}],"wp:attachment":[{"href":"https:\/\/www.lapetiteloiterie.fr\/lpl\/wp-json\/wp\/v2\/media?parent=84"}],"curies":[{"name":"wp","href":"https:\/\/api.w.org\/{rel}","templated":true}]}}