{"id":89,"date":"2013-10-23T22:22:34","date_gmt":"2013-10-23T20:22:34","guid":{"rendered":"http:\/\/www.lapetiteloiterie.fr\/lpl\/?page_id=89"},"modified":"2015-04-28T23:38:06","modified_gmt":"2015-04-28T21:38:06","slug":"observations","status":"publish","type":"page","link":"https:\/\/www.lapetiteloiterie.fr\/lpl\/suivis_etudes\/observations\/","title":{"rendered":"Observations"},"content":{"rendered":"<p>L&rsquo;arboretum fait l&rsquo;objet d&rsquo;un certain nombre d&rsquo;observations et d&rsquo;\u00e9tudes&nbsp;:<\/p>\n<p>La croissance des arbres et des arbustes, ou leur r\u00e9action \u00e0 la taille, informent sur leur <a href=\"http:\/\/www.lapetiteloiterie.fr\/lpl\/suivis_etudes\/observations\/architecture\/\" title=\"Architecture des arbres et arbustes\">architecture<\/a>.<\/p>\n<p>La <a href=\"http:\/\/www.lapetiteloiterie.fr\/lpl\/suivis_etudes\/observations\/phenologie\/\" title=\"Ph\u00e9nologie\">ph\u00e9nologie<\/a> permet par exemple de comparer les dates de floraison d&rsquo;esp\u00e8ces d\u00e9coratives.<\/p>\n<p>Depuis les premi\u00e8res plantations, chaque arbre fait l&rsquo;objet d&rsquo;un <a href=\"http:\/\/www.lapetiteloiterie.fr\/lpl\/suivis_etudes\/observations\/suivi_photo\/\" title=\"Suivi photographique\">suivi photographique<\/a> syst\u00e9matique.<\/p>\n<p>Le <a href=\"http:\/\/www.lapetiteloiterie.fr\/lpl\/suivis_etudes\/observations\/suivi_phyto\/\" title=\"Suivi phytosanitaire\">suivi phyto-sanitaire<\/a> est, heureusement, plus l\u00e9ger&#8230;<\/p>\n<p>Les suivis faunistiques et floristiques t\u00e9moignent de la <a href=\"http:\/\/www.lapetiteloiterie.fr\/lpl\/suivis_etudes\/observations\/biodiversite\/\" title=\"Biodiversit\u00e9\">biodiversit\u00e9<\/a> du site, et de son \u00e9volution.<\/p>\n","protected":false},"excerpt":{"rendered":"<p>L&rsquo;arboretum fait l&rsquo;objet d&rsquo;un certain nombre d&rsquo;observations et d&rsquo;\u00e9tudes&nbsp;: La croissance des arbres et des arbustes, ou leur r\u00e9action \u00e0 la taille, informent sur leur architecture. La ph\u00e9nologie permet par exemple de comparer les dates de floraison d&rsquo;esp\u00e8ces d\u00e9coratives. Depuis les premi\u00e8res plantations, chaque arbre fait l&rsquo;objet d&rsquo;un suivi photographique syst\u00e9matique. Le suivi phyto-sanitaire est, [&hellip;]<\/p>\n","protected":false},"author":1,"featured_media":725,"parent":33,"menu_order":1,"comment_status":"closed","ping_status":"closed","template":"","meta":{"footnotes":""},"class_list":["post-89","page","type-page","status-publish","has-post-thumbnail","hentry"],"_links":{"self":[{"href":"https:\/\/www.lapetiteloiterie.fr\/lpl\/wp-json\/wp\/v2\/pages\/89","targetHints":{"allow":["GET"]}}],"collection":[{"href":"https:\/\/www.lapetiteloiterie.fr\/lpl\/wp-json\/wp\/v2\/pages"}],"about":[{"href":"https:\/\/www.lapetiteloiterie.fr\/lpl\/wp-json\/wp\/v2\/types\/page"}],"author":[{"embeddable":true,"href":"https:\/\/www.lapetiteloiterie.fr\/lpl\/wp-json\/wp\/v2\/users\/1"}],"replies":[{"embeddable":true,"href":"https:\/\/www.lapetiteloiterie.fr\/lpl\/wp-json\/wp\/v2\/comments?post=89"}],"version-history":[{"count":9,"href":"https:\/\/www.lapetiteloiterie.fr\/lpl\/wp-json\/wp\/v2\/pages\/89\/revisions"}],"predecessor-version":[{"id":1579,"href":"https:\/\/www.lapetiteloiterie.fr\/lpl\/wp-json\/wp\/v2\/pages\/89\/revisions\/1579"}],"up":[{"embeddable":true,"href":"https:\/\/www.lapetiteloiterie.fr\/lpl\/wp-json\/wp\/v2\/pages\/33"}],"wp:featuredmedia":[{"embeddable":true,"href":"https:\/\/www.lapetiteloiterie.fr\/lpl\/wp-json\/wp\/v2\/media\/725"}],"wp:attachment":[{"href":"https:\/\/www.lapetiteloiterie.fr\/lpl\/wp-json\/wp\/v2\/media?parent=89"}],"curies":[{"name":"wp","href":"https:\/\/api.w.org\/{rel}","templated":true}]}}