{"id":91,"date":"2013-10-23T22:23:16","date_gmt":"2013-10-23T20:23:16","guid":{"rendered":"http:\/\/www.lapetiteloiterie.fr\/lpl\/?page_id=91"},"modified":"2015-04-28T23:37:45","modified_gmt":"2015-04-28T21:37:45","slug":"livres","status":"publish","type":"page","link":"https:\/\/www.lapetiteloiterie.fr\/lpl\/medias_collaborations\/livres\/","title":{"rendered":"Livres"},"content":{"rendered":"<h2>La taille de formation des arbres d&rsquo;ornement<\/h2>\n<p><a href=\"http:\/\/www.lapetiteloiterie.fr\/lpl\/wp-content\/uploads\/TailleFormationLivre.jpg\"><img loading=\"lazy\" decoding=\"async\" src=\"http:\/\/www.lapetiteloiterie.fr\/lpl\/wp-content\/uploads\/TailleFormationLivre-169x240.jpg\" data-sizes=\"(max-width: 169px) 100vw, 169px\" srcset=\"http:\/\/www.lapetiteloiterie.fr\/lpl\/wp-content\/uploads\/TailleFormationLivre-169x240.jpg 169w\" alt=\"Couverture du livre La Taille de Formation\" width=\"169\" height=\"240\" class=\"alignnone size-medium wp-image-747\" \/><\/a><\/p>\n<p>Cet ouvrage, r\u00e9dig\u00e9 par Jac Boutaud \u00e0 partir notamment de suivis effectu\u00e9s sur l&rsquo;arboretum de La Petite Loiterie, a \u00e9t\u00e9 \u00e9dit\u00e9 en mars 2003 par la Soci\u00e9t\u00e9 Fran\u00e7aise d&rsquo;Arboriculture (SFA). Ce livre est d&rsquo;abord destin\u00e9 aux professionnels et \u00e9tudiants en arboriculture d&rsquo;ornement mais il est facilement utilisable par des amateurs.<\/p>\n<p>Abondamment illustr\u00e9, il aborde les sujets suivants&nbsp;:<\/p>\n<p>    les objectifs de la taille de formation (adaptation aux contraintes et objectifs, r\u00e9paration des accidents, corrections d&rsquo;\u00e9ventuels d\u00e9fauts&#8230;)<br \/>\n    les diff\u00e9rentes formes des arbres d&rsquo;ornement,<br \/>\n    comment choisir l&rsquo;arbre en p\u00e9pini\u00e8re en fonction de ses objectifs,<br \/>\n    les incidences du d\u00e9veloppement architectural propre \u00e0 chaque essence sur la taille de formation,<br \/>\n    les bonnes questions \u00e0 se poser avant de tailler,<br \/>\n    les diff\u00e9rentes op\u00e9rations de taille de formation (fl\u00e9chage, r\u00e9gulation de la vigueur des branches, suppression des basses branches, pr\u00e9paration des formes architectur\u00e9es&#8230;),<br \/>\n    exemples d&rsquo;itin\u00e9raires de formation d&rsquo;arbres,<br \/>\n    comment et quand ex\u00e9cuter les coupes (pr\u00e9cautions, saison, p\u00e9riodicit\u00e9, outillage).<\/p>\n<p>Ce livre est disponible aupr\u00e8s de la SFA, BP15 26780 Ch\u00e2teauneuf du Rh\u00f4ne.<\/p>\n<p>Vous pouvez aussi le consulter et l&rsquo;acheter lors d&rsquo;une visite \u00e0 l&rsquo;arboretum&#8230;<\/p>\n","protected":false},"excerpt":{"rendered":"<p>La taille de formation des arbres d&rsquo;ornement Cet ouvrage, r\u00e9dig\u00e9 par Jac Boutaud \u00e0 partir notamment de suivis effectu\u00e9s sur l&rsquo;arboretum de La Petite Loiterie, a \u00e9t\u00e9 \u00e9dit\u00e9 en mars 2003 par la Soci\u00e9t\u00e9 Fran\u00e7aise d&rsquo;Arboriculture (SFA). Ce livre est d&rsquo;abord destin\u00e9 aux professionnels et \u00e9tudiants en arboriculture d&rsquo;ornement mais il est facilement utilisable par [&hellip;]<\/p>\n","protected":false},"author":1,"featured_media":0,"parent":35,"menu_order":1,"comment_status":"closed","ping_status":"closed","template":"","meta":{"footnotes":""},"class_list":["post-91","page","type-page","status-publish","hentry"],"_links":{"self":[{"href":"https:\/\/www.lapetiteloiterie.fr\/lpl\/wp-json\/wp\/v2\/pages\/91","targetHints":{"allow":["GET"]}}],"collection":[{"href":"https:\/\/www.lapetiteloiterie.fr\/lpl\/wp-json\/wp\/v2\/pages"}],"about":[{"href":"https:\/\/www.lapetiteloiterie.fr\/lpl\/wp-json\/wp\/v2\/types\/page"}],"author":[{"embeddable":true,"href":"https:\/\/www.lapetiteloiterie.fr\/lpl\/wp-json\/wp\/v2\/users\/1"}],"replies":[{"embeddable":true,"href":"https:\/\/www.lapetiteloiterie.fr\/lpl\/wp-json\/wp\/v2\/comments?post=91"}],"version-history":[{"count":5,"href":"https:\/\/www.lapetiteloiterie.fr\/lpl\/wp-json\/wp\/v2\/pages\/91\/revisions"}],"predecessor-version":[{"id":2583,"href":"https:\/\/www.lapetiteloiterie.fr\/lpl\/wp-json\/wp\/v2\/pages\/91\/revisions\/2583"}],"up":[{"embeddable":true,"href":"https:\/\/www.lapetiteloiterie.fr\/lpl\/wp-json\/wp\/v2\/pages\/35"}],"wp:attachment":[{"href":"https:\/\/www.lapetiteloiterie.fr\/lpl\/wp-json\/wp\/v2\/media?parent=91"}],"curies":[{"name":"wp","href":"https:\/\/api.w.org\/{rel}","templated":true}]}}